{"id":33,"date":"2020-02-21T12:16:44","date_gmt":"2020-02-21T12:16:44","guid":{"rendered":"http:\/\/vitalbeat.com\/?page_id=33"},"modified":"2025-07-11T15:41:36","modified_gmt":"2025-07-11T15:41:36","slug":"contact","status":"publish","type":"page","link":"https:\/\/vitalbeat.com\/de\/contact\/","title":{"rendered":"Kontakt"},"content":{"rendered":"<div class=\"wpb-content-wrapper\"><p>[vc_row][vc_column][vc_column_text text_larger=&#8220;no&#8220; woodmart_inline=&#8220;no&#8220;]<\/p>\n<h1>Wenden Sie sich an Vital Beat<\/h1>\n<p>[\/vc_column_text][\/vc_column][\/vc_row][vc_row][vc_column][vc_column_text text_larger=&#8220;no&#8220; woodmart_inline=&#8220;no&#8220;]Vital Beat beantwortet gerne alle Ihre Fragen. Die Antwort auf die am h\u00e4ufigsten gestellten Fragen finden Sie in unseren FAQ.<\/p>\n<p>Wenn Sie weitere Fragen haben oder Hilfe ben\u00f6tigen, k\u00f6nnen Sie sich gerne an uns wenden.<\/p>\n<p>Sie k\u00f6nnen uns per WhatsApp, Telefon oder E-Mail kontaktieren. Wir werden unser Bestes tun, um Ihnen so schnell wie m\u00f6glich zu antworten. Wir haben unseren Sitz in den Niederlanden und arbeiten um GMT +1, wenn wir nicht sofort antworten, schlafen wir wahrscheinlich.<\/p>\n<p>Sie k\u00f6nnen uns jederzeit eine E-Mail mit Ihrer Nummer senden und wir werden Sie so schnell wie m\u00f6glich per WhatsApp oder Telefon kontaktieren.[\/vc_column_text][vc_empty_space woodmart_hide_large=&#8220;0&#8243; woodmart_hide_medium=&#8220;0&#8243; woodmart_hide_small=&#8220;0&#8243; woodmart_hide_extra_small=&#8220;0&#8243;][\/vc_column][\/vc_row][vc_row css=&#8220;.vc_custom_1589459230395{background-color: rgba(188,188,188,0.3) !important;*background-color: rgb(188,188,188) !important;}&#8220; mobile_bg_img_hidden=&#8220;no&#8220; tablet_bg_img_hidden=&#8220;no&#8220; woodmart_parallax=&#8220;0&#8243; woodmart_gradient_switch=&#8220;no&#8220; row_reverse_mobile=&#8220;0&#8243; row_reverse_tablet=&#8220;0&#8243; woodmart_disable_overflow=&#8220;0&#8243;][vc_column width=&#8220;1\/4&#8243;][vc_single_image image=&#8220;968&#8243; img_size=&#8220;70&#215;70&#8243; parallax_scroll=&#8220;no&#8220;][vc_column_text text_larger=&#8220;no&#8220; woodmart_inline=&#8220;no&#8220;]<\/p>\n<h3>Whatsapp uns unter:<\/h3>\n<p><strong>+31 (0)6 51141454<\/strong>[\/vc_column_text][\/vc_column][vc_column width=&#8220;1\/4&#8243;][vc_single_image image=&#8220;968&#8243; img_size=&#8220;70&#215;70&#8243; parallax_scroll=&#8220;no&#8220;][vc_column_text css=&#8220;&#8220; text_larger=&#8220;no&#8220; woodmart_inline=&#8220;no&#8220;]<\/p>\n<h3>iMessage uns unter:<\/h3>\n<p><strong>+31 (0)6 51141454<\/strong>[\/vc_column_text][\/vc_column][vc_column width=&#8220;1\/4&#8243;][vc_single_image image=&#8220;967&#8243; img_size=&#8220;70&#215;70&#8243; parallax_scroll=&#8220;no&#8220;][vc_column_text css=&#8220;&#8220; text_larger=&#8220;no&#8220; woodmart_inline=&#8220;no&#8220;]Wir stehen Ihnen auch telefonisch oder per Videoanruf \u00fcber WhatsApp und FaceTime Audio\/Video zur Verf\u00fcgung. Nutzen Sie hierf\u00fcr die oben aufgef\u00fchrten Nummern.[\/vc_column_text][\/vc_column][vc_column width=&#8220;1\/4&#8243;][vc_single_image image=&#8220;1156&#8243; img_size=&#8220;70&#215;70&#8243; onclick=&#8220;custom_link&#8220; parallax_scroll=&#8220;no&#8220; link=&#8220;http:\/\/m.me\/Vitalbeatprotection&#8220;][vc_column_text text_larger=&#8220;no&#8220; woodmart_inline=&#8220;no&#8220;]Senden Sie uns eine Nachricht \u00fcber den Facebook-Messenger<\/p>\n<p><strong><a href=\"http:\/\/m.me\/Vitalbeatprotection\">Nachricht Vital Beat<\/a><\/strong>[\/vc_column_text][\/vc_column][\/vc_row][vc_row][vc_column width=&#8220;1\/6&#8243;][vc_single_image image=&#8220;966&#8243; img_size=&#8220;70&#215;70&#8243; parallax_scroll=&#8220;no&#8220;][\/vc_column][vc_column width=&#8220;2\/3&#8243;][vc_column_text text_larger=&#8220;no&#8220; woodmart_inline=&#8220;no&#8220;]<\/p>\n<h3 style=\"text-align: left;\">Senden Sie uns eine E-Mail, indem Sie das Kontaktformular unten ausf\u00fcllen<\/h3>\n<p>[\/vc_column_text][\/vc_column][vc_column width=&#8220;1\/6&#8243;][\/vc_column][\/vc_row][vc_row][vc_column]\n<div class=\"wpcf7 no-js\" id=\"wpcf7-f554-o1\" lang=\"en-US\" dir=\"ltr\" data-wpcf7-id=\"554\">\n<div class=\"screen-reader-response\"><p role=\"status\" aria-live=\"polite\" aria-atomic=\"true\"><\/p> <ul><\/ul><\/div>\n<form action=\"\/de\/wp-json\/wp\/v2\/pages\/33#wpcf7-f554-o1\" method=\"post\" class=\"wpcf7-form init\" aria-label=\"Contact form\" novalidate=\"novalidate\" data-status=\"init\">\n<fieldset class=\"hidden-fields-container\"><input type=\"hidden\" name=\"_wpcf7\" value=\"554\" \/><input type=\"hidden\" name=\"_wpcf7_version\" value=\"6.1.5\" \/><input type=\"hidden\" name=\"_wpcf7_locale\" value=\"en_US\" \/><input type=\"hidden\" name=\"_wpcf7_unit_tag\" value=\"wpcf7-f554-o1\" \/><input type=\"hidden\" name=\"_wpcf7_container_post\" value=\"0\" \/><input type=\"hidden\" name=\"_wpcf7_posted_data_hash\" value=\"\" \/><input type=\"hidden\" name=\"_wpcf7_recaptcha_response\" value=\"\" \/>\n<\/fieldset>\n<p><label> Ihren Namen (required)<br \/>\n<span class=\"wpcf7-form-control-wrap\" data-name=\"your-name\"><input size=\"40\" maxlength=\"400\" class=\"wpcf7-form-control wpcf7-text wpcf7-validates-as-required\" aria-required=\"true\" aria-invalid=\"false\" value=\"\" type=\"text\" name=\"your-name\" \/><\/span> <\/label>\n<\/p>\n<p><label> Thema<br \/>\n<span class=\"wpcf7-form-control-wrap\" data-name=\"your-subject\"><input size=\"40\" maxlength=\"400\" class=\"wpcf7-form-control wpcf7-text\" aria-invalid=\"false\" value=\"\" type=\"text\" name=\"your-subject\" \/><\/span> <\/label>\n<\/p>\n<p><label> Ihre Nachricht<br \/>\n<span class=\"wpcf7-form-control-wrap\" data-name=\"your-message\"><textarea cols=\"40\" rows=\"10\" maxlength=\"2000\" class=\"wpcf7-form-control wpcf7-textarea\" aria-invalid=\"false\" name=\"your-message\"><\/textarea><\/span> <\/label>\n<\/p>\n<p><label> Land<br \/>\n<span class=\"wpcf7-form-control-wrap\" data-name=\"your-subject\"><input size=\"40\" maxlength=\"400\" class=\"wpcf7-form-control wpcf7-text\" aria-invalid=\"false\" value=\"\" type=\"text\" name=\"your-subject\" \/><\/span> <\/label>\n<\/p>\n<p><label> Telefonnummer<br \/>\n<span class=\"wpcf7-form-control-wrap\" data-name=\"tel-551\"><input size=\"40\" maxlength=\"400\" class=\"wpcf7-form-control wpcf7-tel wpcf7-text wpcf7-validates-as-tel\" aria-invalid=\"false\" value=\"\" type=\"tel\" name=\"tel-551\" \/><\/span><\/label>\n<\/p>\n<p><label> Deine E-Mail (required)<br \/>\n<span class=\"wpcf7-form-control-wrap\" data-name=\"your-email\"><input size=\"40\" maxlength=\"400\" class=\"wpcf7-form-control wpcf7-email wpcf7-validates-as-required wpcf7-text wpcf7-validates-as-email\" aria-required=\"true\" aria-invalid=\"false\" value=\"\" type=\"email\" name=\"your-email\" \/><\/span> <\/label>\n<\/p>\n<p><input class=\"wpcf7-form-control wpcf7-submit has-spinner\" type=\"submit\" value=\"Send\" \/>\n<\/p><input type='hidden' class='wpcf7-pum' value='{\"closepopup\":false,\"closedelay\":0,\"openpopup\":false,\"openpopup_id\":0}' \/><div class=\"wpcf7-response-output\" aria-hidden=\"true\"><\/div>\n<\/form>\n<\/div>\n[vc_empty_space woodmart_hide_large=&#8220;0&#8243; woodmart_hide_medium=&#8220;0&#8243; woodmart_hide_small=&#8220;0&#8243; woodmart_hide_extra_small=&#8220;0&#8243;][\/vc_column][\/vc_row][vc_row][vc_column][vc_column_text text_larger=&#8220;no&#8220;]<\/p>\n<h3>Vital Beat B.V.<\/h3>\n<p>[\/vc_column_text][vc_separator color=&#8220;custom&#8220; border_width=&#8220;3&#8243; accent_color=&#8220;#c10016&#8243;][\/vc_column][\/vc_row][vc_row][vc_column width=&#8220;1\/3&#8243;][vc_column_text css=&#8220;&#8220; text_larger=&#8220;no&#8220; woodmart_inline=&#8220;no&#8220;]<\/p>\n<p class=\"widget-title\"><strong>Vital Beat Export B.V.<\/strong><br \/>\n<strong>Ambachtstraat 36A-27<\/strong><br \/>\n<strong>7622 AP, Borne<\/strong><br \/>\n<strong>Niederlande<\/strong><\/p>\n<p>Verwenden Sie diese Adresse nicht f\u00fcr den Versand![\/vc_column_text][\/vc_column][vc_column width=&#8220;1\/3&#8243;][vc_column_text css=&#8220;&#8220; text_larger=&#8220;no&#8220; woodmart_inline=&#8220;no&#8220;]<\/p>\n<div class=\"textwidget\">\n<p>Internet:\u00a0<a href=\"https:\/\/vitalbeat.com\/de\/\" target=\"_blank\" rel=\"noopener noreferrer\" data-saferedirecturl=\"https:\/\/www.google.com\/url?q=http:\/\/www.vitalbeat.me&amp;source=gmail&amp;ust=1582658854509000&amp;usg=AFQjCNF7jykw-FMuMO78pQ1Dfe5Svibcyw\">www.vitalbeat.com<\/a><br \/>\nE-mail: <a href=\"mailto:info@vitalbeat.com\">info@vitalbeat.com<\/a><br \/>\nWhatsApp:\u00a0<a href=\"https:\/\/wa.me\/31651141454\">+31 (0) 6 5114 1454<\/a><br \/>\niMessage:\u00a0<a href=\"sms:31651141454\">+31 (0) 6 5114 1454<\/a><\/p>\n<\/div>\n<p>[\/vc_column_text][\/vc_column][vc_column width=&#8220;1\/3&#8243;][vc_column_text css=&#8220;&#8220; text_larger=&#8220;no&#8220; woodmart_inline=&#8220;no&#8220;]<\/p>\n<div class=\"textwidget\">\n<p>Hdk: 82886989<br \/>\nMwSt.: NL827404955B01<br \/>\nIBAN: NL06 KNAB 0407 7659 72<br \/>\nBIC: KNABNL2H<\/p>\n<\/div>\n<p>[\/vc_column_text][\/vc_column][\/vc_row]<\/p>\n<\/div>","protected":false},"excerpt":{"rendered":"<p>[vc_row][vc_column][vc_column_text text_larger=&#8220;no&#8220; woodmart_inline=&#8220;no&#8220;] Wenden Sie sich an Vital Beat [\/vc_column_text][\/vc_column][\/vc_row][vc_row][vc_column][vc_column_text text_larger=&#8220;no&#8220; woodmart_inline=&#8220;no&#8220;]Vital Beat beantwortet gerne alle Ihre Fragen. Die Antwort<\/p>\n","protected":false},"author":2,"featured_media":0,"parent":0,"menu_order":0,"comment_status":"closed","ping_status":"closed","template":"","meta":{"footnotes":""},"class_list":["post-33","page","type-page","status-publish","hentry"],"yoast_head":"<!-- This site is optimized with the Yoast SEO plugin v27.5 - https:\/\/yoast.com\/product\/yoast-seo-wordpress\/ -->\n<title>Kontakt - Vital Beat DE<\/title>\n<meta name=\"robots\" content=\"index, follow, max-snippet:-1, max-image-preview:large, max-video-preview:-1\" \/>\n<link rel=\"canonical\" href=\"https:\/\/vitalbeat.com\/de\/contact\/\" \/>\n<meta property=\"og:locale\" content=\"de_DE\" \/>\n<meta property=\"og:type\" content=\"article\" \/>\n<meta property=\"og:title\" content=\"Kontakt - Vital Beat DE\" \/>\n<meta property=\"og:description\" content=\"[vc_row][vc_column][vc_column_text text_larger=&#8220;no&#8220; woodmart_inline=&#8220;no&#8220;] Wenden Sie sich an Vital Beat [\/vc_column_text][\/vc_column][\/vc_row][vc_row][vc_column][vc_column_text text_larger=&#8220;no&#8220; woodmart_inline=&#8220;no&#8220;]Vital Beat beantwortet gerne alle Ihre Fragen. Die Antwort\" \/>\n<meta property=\"og:url\" content=\"https:\/\/vitalbeat.com\/de\/contact\/\" \/>\n<meta property=\"og:site_name\" content=\"Vital Beat DE\" \/>\n<meta property=\"article:modified_time\" content=\"2025-07-11T15:41:36+00:00\" \/>\n<meta name=\"twitter:card\" content=\"summary_large_image\" \/>\n<meta name=\"twitter:label1\" content=\"Gesch\u00e4tzte Lesezeit\" \/>\n\t<meta name=\"twitter:data1\" content=\"3\u00a0Minuten\" \/>\n<script type=\"application\/ld+json\" class=\"yoast-schema-graph\">{\"@context\":\"https:\\\/\\\/schema.org\",\"@graph\":[{\"@type\":\"WebPage\",\"@id\":\"https:\\\/\\\/vitalbeat.com\\\/de\\\/contact\\\/\",\"url\":\"https:\\\/\\\/vitalbeat.com\\\/de\\\/contact\\\/\",\"name\":\"Kontakt - Vital Beat DE\",\"isPartOf\":{\"@id\":\"https:\\\/\\\/vitalbeat.com\\\/de\\\/#website\"},\"datePublished\":\"2020-02-21T12:16:44+00:00\",\"dateModified\":\"2025-07-11T15:41:36+00:00\",\"breadcrumb\":{\"@id\":\"https:\\\/\\\/vitalbeat.com\\\/de\\\/contact\\\/#breadcrumb\"},\"inLanguage\":\"de\",\"potentialAction\":[{\"@type\":\"ReadAction\",\"target\":[\"https:\\\/\\\/vitalbeat.com\\\/de\\\/contact\\\/\"]}]},{\"@type\":\"BreadcrumbList\",\"@id\":\"https:\\\/\\\/vitalbeat.com\\\/de\\\/contact\\\/#breadcrumb\",\"itemListElement\":[{\"@type\":\"ListItem\",\"position\":1,\"name\":\"Home\",\"item\":\"https:\\\/\\\/vitalbeat.com\\\/de\\\/\"},{\"@type\":\"ListItem\",\"position\":2,\"name\":\"Kontakt\"}]},{\"@type\":\"WebSite\",\"@id\":\"https:\\\/\\\/vitalbeat.com\\\/de\\\/#website\",\"url\":\"https:\\\/\\\/vitalbeat.com\\\/de\\\/\",\"name\":\"Vital Beat DE\",\"description\":\"Protection and comfort\",\"potentialAction\":[{\"@type\":\"SearchAction\",\"target\":{\"@type\":\"EntryPoint\",\"urlTemplate\":\"https:\\\/\\\/vitalbeat.com\\\/de\\\/?s={search_term_string}\"},\"query-input\":{\"@type\":\"PropertyValueSpecification\",\"valueRequired\":true,\"valueName\":\"search_term_string\"}}],\"inLanguage\":\"de\"}]}<\/script>\n<!-- \/ Yoast SEO plugin. -->","yoast_head_json":{"title":"Kontakt - Vital Beat DE","robots":{"index":"index","follow":"follow","max-snippet":"max-snippet:-1","max-image-preview":"max-image-preview:large","max-video-preview":"max-video-preview:-1"},"canonical":"https:\/\/vitalbeat.com\/de\/contact\/","og_locale":"de_DE","og_type":"article","og_title":"Kontakt - Vital Beat DE","og_description":"[vc_row][vc_column][vc_column_text text_larger=&#8220;no&#8220; woodmart_inline=&#8220;no&#8220;] Wenden Sie sich an Vital Beat [\/vc_column_text][\/vc_column][\/vc_row][vc_row][vc_column][vc_column_text text_larger=&#8220;no&#8220; woodmart_inline=&#8220;no&#8220;]Vital Beat beantwortet gerne alle Ihre Fragen. Die Antwort","og_url":"https:\/\/vitalbeat.com\/de\/contact\/","og_site_name":"Vital Beat DE","article_modified_time":"2025-07-11T15:41:36+00:00","twitter_card":"summary_large_image","twitter_misc":{"Gesch\u00e4tzte Lesezeit":"3\u00a0Minuten"},"schema":{"@context":"https:\/\/schema.org","@graph":[{"@type":"WebPage","@id":"https:\/\/vitalbeat.com\/de\/contact\/","url":"https:\/\/vitalbeat.com\/de\/contact\/","name":"Kontakt - Vital Beat DE","isPartOf":{"@id":"https:\/\/vitalbeat.com\/de\/#website"},"datePublished":"2020-02-21T12:16:44+00:00","dateModified":"2025-07-11T15:41:36+00:00","breadcrumb":{"@id":"https:\/\/vitalbeat.com\/de\/contact\/#breadcrumb"},"inLanguage":"de","potentialAction":[{"@type":"ReadAction","target":["https:\/\/vitalbeat.com\/de\/contact\/"]}]},{"@type":"BreadcrumbList","@id":"https:\/\/vitalbeat.com\/de\/contact\/#breadcrumb","itemListElement":[{"@type":"ListItem","position":1,"name":"Home","item":"https:\/\/vitalbeat.com\/de\/"},{"@type":"ListItem","position":2,"name":"Kontakt"}]},{"@type":"WebSite","@id":"https:\/\/vitalbeat.com\/de\/#website","url":"https:\/\/vitalbeat.com\/de\/","name":"Vital Beat DE","description":"Protection and comfort","potentialAction":[{"@type":"SearchAction","target":{"@type":"EntryPoint","urlTemplate":"https:\/\/vitalbeat.com\/de\/?s={search_term_string}"},"query-input":{"@type":"PropertyValueSpecification","valueRequired":true,"valueName":"search_term_string"}}],"inLanguage":"de"}]}},"_links":{"self":[{"href":"https:\/\/vitalbeat.com\/de\/wp-json\/wp\/v2\/pages\/33","targetHints":{"allow":["GET"]}}],"collection":[{"href":"https:\/\/vitalbeat.com\/de\/wp-json\/wp\/v2\/pages"}],"about":[{"href":"https:\/\/vitalbeat.com\/de\/wp-json\/wp\/v2\/types\/page"}],"author":[{"embeddable":true,"href":"https:\/\/vitalbeat.com\/de\/wp-json\/wp\/v2\/users\/2"}],"replies":[{"embeddable":true,"href":"https:\/\/vitalbeat.com\/de\/wp-json\/wp\/v2\/comments?post=33"}],"version-history":[{"count":8,"href":"https:\/\/vitalbeat.com\/de\/wp-json\/wp\/v2\/pages\/33\/revisions"}],"predecessor-version":[{"id":2766,"href":"https:\/\/vitalbeat.com\/de\/wp-json\/wp\/v2\/pages\/33\/revisions\/2766"}],"wp:attachment":[{"href":"https:\/\/vitalbeat.com\/de\/wp-json\/wp\/v2\/media?parent=33"}],"curies":[{"name":"wp","href":"https:\/\/api.w.org\/{rel}","templated":true}]}}