{"id":5,"date":"2020-02-19T21:15:12","date_gmt":"2020-02-19T21:15:12","guid":{"rendered":"http:\/\/vitalbeat.com\/?page_id=5"},"modified":"2023-05-02T10:26:35","modified_gmt":"2023-05-02T10:26:35","slug":"home","status":"publish","type":"page","link":"https:\/\/vitalbeat.com\/de\/","title":{"rendered":"Home"},"content":{"rendered":"<div class=\"wpb-content-wrapper\"><p>[vc_row][vc_column offset=&#8220;vc_hidden-lg vc_hidden-md&#8220; mobile_bg_img_hidden=&#8220;no&#8220; tablet_bg_img_hidden=&#8220;no&#8220; woodmart_parallax=&#8220;0&#8243; woodmart_sticky_column=&#8220;false&#8220; parallax_scroll=&#8220;no&#8220; mobile_reset_margin=&#8220;no&#8220; tablet_reset_margin=&#8220;no&#8220;][vc_custom_heading text=&#8220;Schutz und Komfort f\u00fcr medizinische Ger\u00e4te&#8220; font_container=&#8220;tag:h1|text_align:center|color:%23253746&#8243; google_fonts=&#8220;font_family:Montserrat%3Aregular%2C700|font_style:700%20bold%20regular%3A700%3Anormal&#8220;][vc_separator color=&#8220;custom&#8220; border_width=&#8220;3&#8243; accent_color=&#8220;#c10016&#8243; css=&#8220;.vc_custom_1584365131225{border-radius: 1px !important;}&#8220;][\/vc_column][\/vc_row][vc_row][vc_column offset=&#8220;vc_hidden-sm vc_hidden-xs&#8220; mobile_bg_img_hidden=&#8220;no&#8220; tablet_bg_img_hidden=&#8220;no&#8220; woodmart_parallax=&#8220;0&#8243; woodmart_sticky_column=&#8220;false&#8220; parallax_scroll=&#8220;no&#8220; mobile_reset_margin=&#8220;no&#8220; tablet_reset_margin=&#8220;no&#8220;][vc_separator color=&#8220;custom&#8220; border_width=&#8220;3&#8243; accent_color=&#8220;#c10016&#8243; css=&#8220;.vc_custom_1584365131225{border-radius: 1px !important;}&#8220;][vc_custom_heading text=&#8220;Schutz und Komfort f\u00fcr medizinische Ger\u00e4te&#8220; font_container=&#8220;tag:h1|font_size:50|text_align:center|color:%23253746&#8243; google_fonts=&#8220;font_family:Montserrat%3Aregular%2C700|font_style:700%20bold%20regular%3A700%3Anormal&#8220;][\/vc_column][\/vc_row][vc_row][vc_column offset=&#8220;vc_hidden-md vc_hidden-sm vc_hidden-xs&#8220; mobile_bg_img_hidden=&#8220;no&#8220; tablet_bg_img_hidden=&#8220;no&#8220; woodmart_parallax=&#8220;0&#8243; woodmart_sticky_column=&#8220;false&#8220; parallax_scroll=&#8220;no&#8220; mobile_reset_margin=&#8220;no&#8220; tablet_reset_margin=&#8220;no&#8220;][vc_empty_space woodmart_hide_large=&#8220;0&#8243; woodmart_hide_medium=&#8220;0&#8243; woodmart_hide_small=&#8220;0&#8243; woodmart_hide_extra_small=&#8220;0&#8243;][\/vc_column][\/vc_row][vc_row mobile_bg_img_hidden=&#8220;no&#8220; tablet_bg_img_hidden=&#8220;no&#8220; woodmart_parallax=&#8220;0&#8243; woodmart_gradient_switch=&#8220;no&#8220; row_reverse_mobile=&#8220;0&#8243; row_reverse_tablet=&#8220;0&#8243; woodmart_disable_overflow=&#8220;0&#8243;][vc_column width=&#8220;1\/2&#8243; offset=&#8220;vc_hidden-md vc_hidden-sm vc_hidden-xs&#8220; mobile_bg_img_hidden=&#8220;no&#8220; tablet_bg_img_hidden=&#8220;no&#8220; woodmart_parallax=&#8220;0&#8243; woodmart_sticky_column=&#8220;false&#8220; parallax_scroll=&#8220;no&#8220; mobile_reset_margin=&#8220;no&#8220; tablet_reset_margin=&#8220;no&#8220;][vc_column_text text_larger=&#8220;no&#8220; woodmart_inline=&#8220;no&#8220;]Die Implantation eines lebensrettenden Ger\u00e4ts hat einen sehr gro\u00dfen Einfluss auf Ihr Leben. Auch wenn es dazu dient, Ihre Gesundheit und Ihr Wohlbefinden zu erhalten, hat es seinen Preis.<\/p>\n<p>Schmerzen, Unwohlsein, st\u00e4ndiges Gr\u00fcbeln und unz\u00e4hlige Einschr\u00e4nkungen in Ihrem Leben in Bezug auf Sport, Urlaub und Freizeitaktivit\u00e4ten.<\/p>\n<p>Der Schutz und Komfort von Vital Beat hilft Ihnen und Ihren Angeh\u00f6rigen, das Leben wieder in vollen Z\u00fcgen zu genie\u00dfen[\/vc_column_text][vc_column_text text_larger=&#8220;no&#8220; woodmart_inline=&#8220;no&#8220;]<\/p>\n<h3>Genie\u00dfen Sie das Leben wie fr\u00fcher mit Vital Beat<\/h3>\n<ul>\n<li><strong>Genie\u00dfen Sie das Leben wie fr\u00fcher mit Vital Beat<\/strong><\/li>\n<li><strong>Sch\u00fctzen Sie sich bei Ihren Lieblingssportarten und -aktivit\u00e4ten<\/strong><\/li>\n<li><strong>Bequemer Gebrauch von Sicherheitsgurt, <\/strong><strong>Rucksack <\/strong><strong>und Sicherheitsgeschirr<\/strong><\/li>\n<li><strong>Genie\u00dfen Sie Ihre Freizeit und Hobbys ohne Sorgen<\/strong><\/li>\n<\/ul>\n<p>[\/vc_column_text][\/vc_column][vc_column width=&#8220;1\/2&#8243; offset=&#8220;vc_hidden-md vc_hidden-sm vc_hidden-xs&#8220; mobile_bg_img_hidden=&#8220;no&#8220; tablet_bg_img_hidden=&#8220;no&#8220; woodmart_parallax=&#8220;0&#8243; woodmart_sticky_column=&#8220;false&#8220; parallax_scroll=&#8220;no&#8220; mobile_reset_margin=&#8220;no&#8220; tablet_reset_margin=&#8220;no&#8220;][vc_single_image image=&#8220;675&#8243; img_size=&#8220;full&#8220; alignment=&#8220;center&#8220; parallax_scroll=&#8220;no&#8220;][\/vc_column][\/vc_row][vc_row][vc_column width=&#8220;1\/2&#8243; offset=&#8220;vc_hidden-lg&#8220; mobile_bg_img_hidden=&#8220;no&#8220; tablet_bg_img_hidden=&#8220;no&#8220; woodmart_parallax=&#8220;0&#8243; woodmart_sticky_column=&#8220;false&#8220; parallax_scroll=&#8220;no&#8220; mobile_reset_margin=&#8220;no&#8220; tablet_reset_margin=&#8220;no&#8220;][vc_single_image image=&#8220;675&#8243; img_size=&#8220;full&#8220; alignment=&#8220;center&#8220; parallax_scroll=&#8220;no&#8220;][\/vc_column][vc_column width=&#8220;1\/2&#8243; offset=&#8220;vc_hidden-lg&#8220; mobile_bg_img_hidden=&#8220;no&#8220; tablet_bg_img_hidden=&#8220;no&#8220; woodmart_parallax=&#8220;0&#8243; woodmart_sticky_column=&#8220;false&#8220; parallax_scroll=&#8220;no&#8220; mobile_reset_margin=&#8220;no&#8220; tablet_reset_margin=&#8220;no&#8220;][vc_column_text text_larger=&#8220;no&#8220; woodmart_inline=&#8220;no&#8220;]<\/p>\n<ul>\n<li><strong>Genie\u00dfen Sie das Leben wie fr\u00fcher mit Vital Beat<\/strong><\/li>\n<li><strong>Sch\u00fctzen Sie sich bei Ihren Lieblingssportarten und -aktivit\u00e4ten<\/strong><\/li>\n<li><strong>Bequemer Gebrauch von Sicherheitsgurt, <\/strong><strong>Rucksack <\/strong><strong>und Sicherheitsgeschirr<\/strong><\/li>\n<li><strong>Genie\u00dfen Sie Ihre Freizeit und Hobbys ohne Sorgen<\/strong><\/li>\n<\/ul>\n<p>[\/vc_column_text][vc_column_text text_larger=&#8220;no&#8220; woodmart_inline=&#8220;no&#8220;]Die Implantation eines lebensrettenden Ger\u00e4ts hat einen sehr gro\u00dfen Einfluss auf Ihr Leben. Auch wenn es dazu dient, Ihre Gesundheit und Ihr Wohlbefinden zu erhalten, hat es seinen Preis.<\/p>\n<p>Schmerzen, Unwohlsein, st\u00e4ndiges Gr\u00fcbeln und unz\u00e4hlige Einschr\u00e4nkungen in Ihrem Leben in Bezug auf Sport, Urlaub und Freizeitaktivit\u00e4ten.<\/p>\n<p>Der Schutz und Komfort von Vital Beat hilft Ihnen und Ihren Angeh\u00f6rigen, das Leben wieder in vollen Z\u00fcgen zu genie\u00dfen[\/vc_column_text][\/vc_column][\/vc_row][vc_row full_width=&#8220;stretch_row&#8220; css=&#8220;.vc_custom_1588692602576{background-color: rgba(188,188,188,0.3) !important;*background-color: rgb(188,188,188) !important;}&#8220; mobile_bg_img_hidden=&#8220;no&#8220; tablet_bg_img_hidden=&#8220;no&#8220; woodmart_parallax=&#8220;0&#8243; woodmart_gradient_switch=&#8220;no&#8220; row_reverse_mobile=&#8220;0&#8243; row_reverse_tablet=&#8220;0&#8243; woodmart_disable_overflow=&#8220;0&#8243;][vc_column][vc_column_text text_larger=&#8220;no&#8220; woodmart_inline=&#8220;no&#8220;]<\/p>\n<h3 style=\"text-align: center;\">Finden Sie heraus, was Ihnen Vital Beat Schutz und Komfort bieten kann, indem Sie auf eine der unten stehenden Schaltfl\u00e4chen klicken<\/h3>\n<p>[\/vc_column_text][vc_row_inner][vc_column_inner width=&#8220;1\/4&#8243;][vc_single_image image=&#8220;2162&#8243; img_size=&#8220;large&#8220; alignment=&#8220;center&#8220; onclick=&#8220;custom_link&#8220; link=&#8220;https:\/\/vitalbeat.com\/de\/pacemaker-comfort-and-protection\/&#8220; parallax_scroll=&#8220;no&#8220; woodmart_inline=&#8220;no&#8220;][\/vc_column_inner][vc_column_inner width=&#8220;1\/4&#8243;][vc_single_image image=&#8220;704&#8243; img_size=&#8220;large&#8220; alignment=&#8220;center&#8220; onclick=&#8220;custom_link&#8220; link=&#8220;https:\/\/vitalbeat.com\/de\/icd-comfort-and-protection\/&#8220; parallax_scroll=&#8220;no&#8220;][\/vc_column_inner][vc_column_inner width=&#8220;1\/4&#8243;][vc_single_image image=&#8220;702&#8243; img_size=&#8220;large&#8220; alignment=&#8220;center&#8220; onclick=&#8220;custom_link&#8220; link=&#8220;https:\/\/vitalbeat.com\/de\/s-icd-comfort-and-protection\/&#8220; parallax_scroll=&#8220;no&#8220;][\/vc_column_inner][vc_column_inner width=&#8220;1\/4&#8243;][vc_single_image image=&#8220;2160&#8243; img_size=&#8220;large&#8220; alignment=&#8220;center&#8220; onclick=&#8220;custom_link&#8220; link=&#8220;https:\/\/vitalbeat.com\/de\/kids-comfort-and-protection\/&#8220; parallax_scroll=&#8220;no&#8220; woodmart_inline=&#8220;no&#8220;][\/vc_column_inner][\/vc_row_inner][\/vc_column][\/vc_row][vc_row][vc_column][vc_separator color=&#8220;custom&#8220; border_width=&#8220;3&#8243; accent_color=&#8220;#c10016&#8243;][vc_single_image image=&#8220;537&#8243; img_size=&#8220;full&#8220; parallax_scroll=&#8220;no&#8220;][vc_separator color=&#8220;custom&#8220; border_width=&#8220;3&#8243; accent_color=&#8220;#c10016&#8243;][\/vc_column][\/vc_row][vc_row][vc_column width=&#8220;1\/4&#8243;][vc_single_image image=&#8220;2164&#8243; img_size=&#8220;full&#8220; alignment=&#8220;center&#8220; parallax_scroll=&#8220;no&#8220; woodmart_inline=&#8220;no&#8220;][vc_separator color=&#8220;custom&#8220; border_width=&#8220;3&#8243; accent_color=&#8220;#c10016&#8243;][vc_column_text text_larger=&#8220;no&#8220; woodmart_inline=&#8220;no&#8220;]EU-Bestellungen werden mit DPD versandt, Bestellungen au\u00dferhalb der EU werden mit FedEx versandt[\/vc_column_text][\/vc_column][vc_column width=&#8220;1\/4&#8243;][vc_single_image image=&#8220;2165&#8243; img_size=&#8220;full&#8220; alignment=&#8220;center&#8220; parallax_scroll=&#8220;no&#8220; woodmart_inline=&#8220;no&#8220;][vc_separator color=&#8220;custom&#8220; border_width=&#8220;3&#8243; accent_color=&#8220;#c10016&#8243;][vc_column_text text_larger=&#8220;no&#8220; woodmart_inline=&#8220;no&#8220;]Vital Beat bietet die M\u00f6glichkeit, Taschen sowohl auf der linken als auch auf der rechten Seite des Shirts anzubringen[\/vc_column_text][\/vc_column][vc_column width=&#8220;1\/4&#8243;][vc_single_image image=&#8220;2166&#8243; img_size=&#8220;full&#8220; alignment=&#8220;center&#8220; parallax_scroll=&#8220;no&#8220; woodmart_inline=&#8220;no&#8220;][vc_separator color=&#8220;custom&#8220; border_width=&#8220;3&#8243; accent_color=&#8220;#c10016&#8243;][vc_column_text text_larger=&#8220;no&#8220; woodmart_inline=&#8220;no&#8220;]Die Situation eines jeden Menschen ist anders. Sprechen Sie uns an, um zu erfahren, welche speziellen L\u00f6sungen wir f\u00fcr Sie entwickeln k\u00f6nnen[\/vc_column_text][\/vc_column][vc_column width=&#8220;1\/4&#8243;][vc_single_image image=&#8220;736&#8243; img_size=&#8220;full&#8220; alignment=&#8220;center&#8220; parallax_scroll=&#8220;no&#8220;][vc_separator color=&#8220;custom&#8220; border_width=&#8220;3&#8243; accent_color=&#8220;#c10016&#8243;][vc_column_text text_larger=&#8220;no&#8220; woodmart_inline=&#8220;no&#8220;]In unserem Blog finden Sie medizinische Informationen, n\u00fctzliche Tipps und Informationen sowie Geschichten \u00fcber unsere Kunden[\/vc_column_text][\/vc_column][\/vc_row][vc_row][vc_column][vc_single_image image=&#8220;712&#8243; img_size=&#8220;full&#8220; alignment=&#8220;center&#8220; parallax_scroll=&#8220;no&#8220;][\/vc_column][\/vc_row][vc_row][vc_column width=&#8220;1\/6&#8243;][\/vc_column][vc_column width=&#8220;2\/3&#8243;][vc_column_text text_larger=&#8220;no&#8220; woodmart_inline=&#8220;no&#8220;]<\/p>\n<h3>Sicher, bequem und frei, mit Vital Beat<\/h3>\n<p>Vital Beat bietet Ihnen eine einzigartige L\u00f6sung f\u00fcr alle Probleme, die bei der Anschaffung Ihres medizinischen Ger\u00e4ts auftreten k\u00f6nnen. Wir hoffen, dass wir Ihnen dabei helfen k\u00f6nnen, wieder an die frische Luft zu kommen, und dass Sie sich bei der Verwendung unseres Produkts im t\u00e4glichen Leben, bei der Aus\u00fcbung von Aktivit\u00e4ten und beim Sport gesch\u00fctzt und wohl f\u00fchlen.[\/vc_column_text][vc_column_text text_larger=&#8220;no&#8220; woodmart_inline=&#8220;no&#8220;]<\/p>\n<h3>Genie\u00dfen Sie das Leben mit Vital Beat Schutz und Komfort<\/h3>\n<ul>\n<li>Fahren mit angelegtem Sicherheitsgurt<\/li>\n<li>Spielen Sie Ihren Lieblingssport<\/li>\n<li>Wandern mit Rucksack<\/li>\n<li>Spielen mit Ihrem Hund<\/li>\n<li>Mit Freunden und Familie aktiv sein<\/li>\n<li>Mit dem Fahrrad oder Motorrad fahren<\/li>\n<\/ul>\n<p>[\/vc_column_text][vc_empty_space height=&#8220;20px&#8220; woodmart_hide_large=&#8220;0&#8243; woodmart_hide_medium=&#8220;0&#8243; woodmart_hide_small=&#8220;0&#8243; woodmart_hide_extra_small=&#8220;0&#8243;][\/vc_column][vc_column width=&#8220;1\/6&#8243;][\/vc_column][\/vc_row][vc_row full_width=&#8220;stretch_row&#8220; mobile_bg_img_hidden=&#8220;no&#8220; tablet_bg_img_hidden=&#8220;no&#8220; woodmart_parallax=&#8220;0&#8243; woodmart_gradient_switch=&#8220;no&#8220; row_reverse_mobile=&#8220;0&#8243; row_reverse_tablet=&#8220;0&#8243; woodmart_disable_overflow=&#8220;0&#8243; css=&#8220;.vc_custom_1588692632637{background-color: rgba(188,188,188,0.3) !important;*background-color: rgb(188,188,188) !important;}&#8220;][vc_column][vc_separator color=&#8220;custom&#8220; border_width=&#8220;3&#8243; accent_color=&#8220;#c10016&#8243; css=&#8220;.vc_custom_1584365131225{border-radius: 1px !important;}&#8220;][vc_single_image image=&#8220;1092&#8243; img_size=&#8220;full&#8220; alignment=&#8220;center&#8220; parallax_scroll=&#8220;no&#8220;][vc_separator color=&#8220;custom&#8220; border_width=&#8220;3&#8243; accent_color=&#8220;#c10016&#8243; css=&#8220;.vc_custom_1584365131225{border-radius: 1px !important;}&#8220;][\/vc_column][\/vc_row][vc_row][vc_column][vc_empty_space woodmart_hide_large=&#8220;0&#8243; woodmart_hide_medium=&#8220;0&#8243; woodmart_hide_small=&#8220;0&#8243; woodmart_hide_extra_small=&#8220;0&#8243;][\/vc_column][\/vc_row][vc_row][vc_column width=&#8220;1\/6&#8243;][\/vc_column][vc_column width=&#8220;2\/3&#8243;][vc_column_text text_larger=&#8220;no&#8220; woodmart_inline=&#8220;no&#8220;]<\/p>\n<h3>Vital Beat Schutz und Komfort <strong>verwendet die D3O\u24c7-Technologie<\/strong><\/h3>\n<p>F\u00fcr unsere Herzschrittmacher, ICDs, S-ICDs und andere L\u00f6sungen verwendet Vital Beat revolution\u00e4re Aufprallschutz Materialien, die von<strong> <a href=\"http:\/\/d3o.com\/\">D3O\u24c7<\/a><\/strong> entwickelt wurden<\/p>\n<p>Erfahren Sie mehr \u00fcber die Materialien, die wir verwenden, um Ihnen den besten Komfort und Schutz zu bieten, auf der Seite &#8222;<a href=\"https:\/\/vitalbeat.com\/de\/wie-es-funktioniert\/\"><strong>Wie es funktioniert<\/strong><\/a>&#8222;. Hier finden Sie auch weitere Informationen dar\u00fcber, wie wir unser Produkt entwickelt haben.[\/vc_column_text][vc_single_image image=&#8220;718&#8243; img_size=&#8220;medium&#8220; alignment=&#8220;center&#8220; onclick=&#8220;custom_link&#8220; parallax_scroll=&#8220;no&#8220; link=&#8220;http:\/\/www.d3o.com&#8220;][\/vc_column][vc_column width=&#8220;1\/6&#8243;][\/vc_column][\/vc_row][vc_row][vc_column][vc_empty_space woodmart_hide_large=&#8220;0&#8243; woodmart_hide_medium=&#8220;0&#8243; woodmart_hide_small=&#8220;0&#8243; woodmart_hide_extra_small=&#8220;0&#8243;][\/vc_column][\/vc_row]<\/p>\n<\/div>","protected":false},"excerpt":{"rendered":"<p>[vc_row][vc_column offset=&#8220;vc_hidden-lg vc_hidden-md&#8220; mobile_bg_img_hidden=&#8220;no&#8220; tablet_bg_img_hidden=&#8220;no&#8220; woodmart_parallax=&#8220;0&#8243; woodmart_sticky_column=&#8220;false&#8220; parallax_scroll=&#8220;no&#8220; mobile_reset_margin=&#8220;no&#8220; tablet_reset_margin=&#8220;no&#8220;][vc_custom_heading text=&#8220;Schutz und Komfort f\u00fcr medizinische Ger\u00e4te&#8220; font_container=&#8220;tag:h1|text_align:center|color:%23253746&#8243; google_fonts=&#8220;font_family:Montserrat%3Aregular%2C700|font_style:700%20bold%20regular%3A700%3Anormal&#8220;][vc_separator color=&#8220;custom&#8220; border_width=&#8220;3&#8243;<\/p>\n","protected":false},"author":1,"featured_media":0,"parent":0,"menu_order":0,"comment_status":"closed","ping_status":"closed","template":"","meta":{"footnotes":""},"class_list":["post-5","page","type-page","status-publish","hentry"],"yoast_head":"<!-- This site is optimized with the Yoast SEO plugin v27.4 - https:\/\/yoast.com\/product\/yoast-seo-wordpress\/ -->\n<title>Vital Beat | Schutz und Komfort f\u00fcr medizinische Ger\u00e4te<\/title>\n<meta name=\"description\" content=\"Vital Beat bietet ein hochwertiges Schutz- und Komfortschild und -hemd f\u00fcr Benutzer von medizinischen Ger\u00e4ten und anderen Zwecken.\" \/>\n<meta name=\"robots\" content=\"index, follow, max-snippet:-1, max-image-preview:large, max-video-preview:-1\" \/>\n<link rel=\"canonical\" href=\"https:\/\/vitalbeat.com\/de\/\" \/>\n<meta property=\"og:locale\" content=\"de_DE\" \/>\n<meta property=\"og:type\" content=\"article\" \/>\n<meta property=\"og:title\" content=\"Vital Beat | Schutz und Komfort f\u00fcr medizinische Ger\u00e4te\" \/>\n<meta property=\"og:description\" content=\"Vital Beat bietet ein hochwertiges Schutz- und Komfortschild und -hemd f\u00fcr Benutzer von medizinischen Ger\u00e4ten und anderen Zwecken.\" \/>\n<meta property=\"og:url\" content=\"https:\/\/vitalbeat.com\/de\/\" \/>\n<meta property=\"og:site_name\" content=\"Vital Beat DE\" \/>\n<meta property=\"article:modified_time\" content=\"2023-05-02T10:26:35+00:00\" \/>\n<meta name=\"twitter:card\" content=\"summary_large_image\" \/>\n<meta name=\"twitter:label1\" content=\"Gesch\u00e4tzte Lesezeit\" \/>\n\t<meta name=\"twitter:data1\" content=\"5\u00a0Minuten\" \/>\n<script type=\"application\/ld+json\" class=\"yoast-schema-graph\">{\"@context\":\"https:\\\/\\\/schema.org\",\"@graph\":[{\"@type\":\"WebPage\",\"@id\":\"https:\\\/\\\/vitalbeat.com\\\/de\\\/\",\"url\":\"https:\\\/\\\/vitalbeat.com\\\/de\\\/\",\"name\":\"Vital Beat | Schutz und Komfort f\u00fcr medizinische Ger\u00e4te\",\"isPartOf\":{\"@id\":\"https:\\\/\\\/vitalbeat.com\\\/de\\\/#website\"},\"datePublished\":\"2020-02-19T21:15:12+00:00\",\"dateModified\":\"2023-05-02T10:26:35+00:00\",\"description\":\"Vital Beat bietet ein hochwertiges Schutz- und Komfortschild und -hemd f\u00fcr Benutzer von medizinischen Ger\u00e4ten und anderen Zwecken.\",\"breadcrumb\":{\"@id\":\"https:\\\/\\\/vitalbeat.com\\\/de\\\/#breadcrumb\"},\"inLanguage\":\"de\",\"potentialAction\":[{\"@type\":\"ReadAction\",\"target\":[\"https:\\\/\\\/vitalbeat.com\\\/de\\\/\"]}]},{\"@type\":\"BreadcrumbList\",\"@id\":\"https:\\\/\\\/vitalbeat.com\\\/de\\\/#breadcrumb\",\"itemListElement\":[{\"@type\":\"ListItem\",\"position\":1,\"name\":\"Home\",\"item\":\"https:\\\/\\\/vitalbeat.com\\\/de\\\/\"},{\"@type\":\"ListItem\",\"position\":2,\"name\":\"Home\"}]},{\"@type\":\"WebSite\",\"@id\":\"https:\\\/\\\/vitalbeat.com\\\/de\\\/#website\",\"url\":\"https:\\\/\\\/vitalbeat.com\\\/de\\\/\",\"name\":\"Vital Beat DE\",\"description\":\"Protection and comfort\",\"potentialAction\":[{\"@type\":\"SearchAction\",\"target\":{\"@type\":\"EntryPoint\",\"urlTemplate\":\"https:\\\/\\\/vitalbeat.com\\\/de\\\/?s={search_term_string}\"},\"query-input\":{\"@type\":\"PropertyValueSpecification\",\"valueRequired\":true,\"valueName\":\"search_term_string\"}}],\"inLanguage\":\"de\"}]}<\/script>\n<!-- \/ Yoast SEO plugin. -->","yoast_head_json":{"title":"Vital Beat | Schutz und Komfort f\u00fcr medizinische Ger\u00e4te","description":"Vital Beat bietet ein hochwertiges Schutz- und Komfortschild und -hemd f\u00fcr Benutzer von medizinischen Ger\u00e4ten und anderen Zwecken.","robots":{"index":"index","follow":"follow","max-snippet":"max-snippet:-1","max-image-preview":"max-image-preview:large","max-video-preview":"max-video-preview:-1"},"canonical":"https:\/\/vitalbeat.com\/de\/","og_locale":"de_DE","og_type":"article","og_title":"Vital Beat | Schutz und Komfort f\u00fcr medizinische Ger\u00e4te","og_description":"Vital Beat bietet ein hochwertiges Schutz- und Komfortschild und -hemd f\u00fcr Benutzer von medizinischen Ger\u00e4ten und anderen Zwecken.","og_url":"https:\/\/vitalbeat.com\/de\/","og_site_name":"Vital Beat DE","article_modified_time":"2023-05-02T10:26:35+00:00","twitter_card":"summary_large_image","twitter_misc":{"Gesch\u00e4tzte Lesezeit":"5\u00a0Minuten"},"schema":{"@context":"https:\/\/schema.org","@graph":[{"@type":"WebPage","@id":"https:\/\/vitalbeat.com\/de\/","url":"https:\/\/vitalbeat.com\/de\/","name":"Vital Beat | Schutz und Komfort f\u00fcr medizinische Ger\u00e4te","isPartOf":{"@id":"https:\/\/vitalbeat.com\/de\/#website"},"datePublished":"2020-02-19T21:15:12+00:00","dateModified":"2023-05-02T10:26:35+00:00","description":"Vital Beat bietet ein hochwertiges Schutz- und Komfortschild und -hemd f\u00fcr Benutzer von medizinischen Ger\u00e4ten und anderen Zwecken.","breadcrumb":{"@id":"https:\/\/vitalbeat.com\/de\/#breadcrumb"},"inLanguage":"de","potentialAction":[{"@type":"ReadAction","target":["https:\/\/vitalbeat.com\/de\/"]}]},{"@type":"BreadcrumbList","@id":"https:\/\/vitalbeat.com\/de\/#breadcrumb","itemListElement":[{"@type":"ListItem","position":1,"name":"Home","item":"https:\/\/vitalbeat.com\/de\/"},{"@type":"ListItem","position":2,"name":"Home"}]},{"@type":"WebSite","@id":"https:\/\/vitalbeat.com\/de\/#website","url":"https:\/\/vitalbeat.com\/de\/","name":"Vital Beat DE","description":"Protection and comfort","potentialAction":[{"@type":"SearchAction","target":{"@type":"EntryPoint","urlTemplate":"https:\/\/vitalbeat.com\/de\/?s={search_term_string}"},"query-input":{"@type":"PropertyValueSpecification","valueRequired":true,"valueName":"search_term_string"}}],"inLanguage":"de"}]}},"jetpack_sharing_enabled":true,"_links":{"self":[{"href":"https:\/\/vitalbeat.com\/de\/wp-json\/wp\/v2\/pages\/5","targetHints":{"allow":["GET"]}}],"collection":[{"href":"https:\/\/vitalbeat.com\/de\/wp-json\/wp\/v2\/pages"}],"about":[{"href":"https:\/\/vitalbeat.com\/de\/wp-json\/wp\/v2\/types\/page"}],"author":[{"embeddable":true,"href":"https:\/\/vitalbeat.com\/de\/wp-json\/wp\/v2\/users\/1"}],"replies":[{"embeddable":true,"href":"https:\/\/vitalbeat.com\/de\/wp-json\/wp\/v2\/comments?post=5"}],"version-history":[{"count":22,"href":"https:\/\/vitalbeat.com\/de\/wp-json\/wp\/v2\/pages\/5\/revisions"}],"predecessor-version":[{"id":1574,"href":"https:\/\/vitalbeat.com\/de\/wp-json\/wp\/v2\/pages\/5\/revisions\/1574"}],"wp:attachment":[{"href":"https:\/\/vitalbeat.com\/de\/wp-json\/wp\/v2\/media?parent=5"}],"curies":[{"name":"wp","href":"https:\/\/api.w.org\/{rel}","templated":true}]}}