{"id":1172,"date":"2020-05-15T11:03:47","date_gmt":"2020-05-15T11:03:47","guid":{"rendered":"https:\/\/www.vitalbeat.com\/?page_id=1172"},"modified":"2023-03-20T16:44:15","modified_gmt":"2023-03-20T16:44:15","slug":"quienes-somos","status":"publish","type":"page","link":"https:\/\/vitalbeat.com\/es\/quienes-somos\/","title":{"rendered":"Qui\u00e9nes somos"},"content":{"rendered":"<div class=\"wpb-content-wrapper\"><p>[vc_row][vc_column][vc_custom_heading text=\u00bbQui\u00e9nes somos\u00bb font_container=\u00bbtag:h1|font_size:50|text_align:center|color:%23253746&#8243; google_fonts=\u00bbfont_family:Montserrat%3Aregular%2C700|font_style:700%20bold%20regular%3A700%3Anormal\u00bb][vc_empty_space woodmart_hide_large=\u00bb0&#8243; woodmart_hide_medium=\u00bb0&#8243; woodmart_hide_small=\u00bb0&#8243; woodmart_hide_extra_small=\u00bb0&#8243;][\/vc_column][\/vc_row][vc_row][vc_column][vc_custom_heading text=\u00bbNuestra misi\u00f3n\u00bb font_container=\u00bbtag:h2|text_align:left|color:%23c10016&#8243; google_fonts=\u00bbfont_family:Montserrat%3Aregular%2C700|font_style:700%20bold%20regular%3A700%3Anormal\u00bb][vc_separator color=\u00bbcustom\u00bb border_width=\u00bb3&#8243; accent_color=\u00bb#253746&#8243;][vc_column_text text_larger=\u00bbno\u00bb woodmart_inline=\u00bbno\u00bb]<\/p>\n<div class=\"page\" title=\"Page 3\">\n<div class=\"section\">\n<div class=\"layoutArea\">\n<div class=\"column\">\n<p>La misi\u00f3n de Vital Beat es ayudar a las personas a aprovechar al m\u00e1ximo su vida despu\u00e9s de recibir un dispositivo. Creemos en la importancia de poder mantenerse activo y hacer todas las cosas que antes te gustaba hacer.<\/p>\n<p>Queremos tomar el miedo y la ansiedad que conlleva ser portador de un dispositivo permiti\u00e9ndoles estar c\u00f3modos y protegidos en todo momento.<\/p>\n<p>Nuestras soluciones permitir\u00e1n a la gente hacer deporte, ir a festivales y parques tem\u00e1ticos o realizar tareas cotidianas como conducir con el cintur\u00f3n de seguridad puesto, sin experimentar ning\u00fan dolor ni molestia\u00bb.<\/p>\n<\/div>\n<\/div>\n<\/div>\n<\/div>\n<p>[\/vc_column_text][\/vc_column][\/vc_row][vc_row][vc_column][vc_empty_space woodmart_hide_large=\u00bb0&#8243; woodmart_hide_medium=\u00bb0&#8243; woodmart_hide_small=\u00bb0&#8243; woodmart_hide_extra_small=\u00bb0&#8243;][vc_custom_heading text=\u00bbLas personas que est\u00e1n detr\u00e1s de Vital Beat\u00bb font_container=\u00bbtag:h2|text_align:center|color:%23c10016&#8243; google_fonts=\u00bbfont_family:Montserrat%3Aregular%2C700|font_style:700%20bold%20regular%3A700%3Anormal\u00bb][vc_empty_space woodmart_hide_large=\u00bb0&#8243; woodmart_hide_medium=\u00bb0&#8243; woodmart_hide_small=\u00bb0&#8243; woodmart_hide_extra_small=\u00bb0&#8243;][\/vc_column][\/vc_row][vc_row content_placement=\u00bbmiddle\u00bb mobile_bg_img_hidden=\u00bbno\u00bb tablet_bg_img_hidden=\u00bbno\u00bb woodmart_parallax=\u00bb0&#8243; woodmart_gradient_switch=\u00bbno\u00bb row_reverse_mobile=\u00bb0&#8243; row_reverse_tablet=\u00bb0&#8243; woodmart_disable_overflow=\u00bb0&#8243;][vc_column width=\u00bb1\/2&#8243;][vc_single_image image=\u00bb1260&#8243; img_size=\u00bbmedium\u00bb parallax_scroll=\u00bbno\u00bb][\/vc_column][vc_column width=\u00bb1\/2&#8243;][vc_custom_heading text=\u00bbHilke Robijn\u00bb font_container=\u00bbtag:h2|text_align:left|color:%23c10016&#8243; google_fonts=\u00bbfont_family:Montserrat%3Aregular%2C700|font_style:700%20bold%20regular%3A700%3Anormal\u00bb][vc_separator color=\u00bbcustom\u00bb border_width=\u00bb3&#8243; accent_color=\u00bb#253746&#8243;][vc_column_text text_larger=\u00bbno\u00bb woodmart_inline=\u00bbno\u00bb]Hilke es la fundadora y propietaria de Vital Beat.\u00a0 Cree en la importancia de un estilo de vida saludable. Con Vital Beat quiere ayudar a las personas a mantener un estilo de vida saludable permiti\u00e9ndoles mantenerse activas. Obtuvo un m\u00e1ster en Sociolog\u00eda de la Asistencia en la Universidad de \u00c1msterdam (UvA) y tambi\u00e9n se gradu\u00f3 como enfermera.[\/vc_column_text][\/vc_column][\/vc_row][vc_row content_placement=\u00bbmiddle\u00bb mobile_bg_img_hidden=\u00bbno\u00bb tablet_bg_img_hidden=\u00bbno\u00bb woodmart_parallax=\u00bb0&#8243; woodmart_gradient_switch=\u00bbno\u00bb row_reverse_mobile=\u00bb0&#8243; row_reverse_tablet=\u00bb0&#8243; woodmart_disable_overflow=\u00bb0&#8243;][vc_column width=\u00bb1\/2&#8243;][vc_single_image image=\u00bb1252&#8243; img_size=\u00bbmedium\u00bb parallax_scroll=\u00bbno\u00bb][\/vc_column][vc_column width=\u00bb1\/2&#8243;][vc_custom_heading text=\u00bbThadeo Dapper\u00bb font_container=\u00bbtag:h2|text_align:left|color:%23c10016&#8243; google_fonts=\u00bbfont_family:Montserrat%3Aregular%2C700|font_style:700%20bold%20regular%3A700%3Anormal\u00bb][vc_separator color=\u00bbcustom\u00bb border_width=\u00bb3&#8243; accent_color=\u00bb#253746&#8243;][vc_column_text text_larger=\u00bbno\u00bb woodmart_inline=\u00bbno\u00bb]Thadeo Dapper es el cerebro creativo de la web Vital Beat. En sus tareas diarias se centra principalmente en la atenci\u00f3n al cliente. Si tiene alguna pregunta sobre el producto, el env\u00edo o cualquier otra cosa, lo m\u00e1s probable es que \u00e9l le ayude.[\/vc_column_text][\/vc_column][\/vc_row]<\/p>\n<\/div>","protected":false},"excerpt":{"rendered":"<p>[vc_row][vc_column][vc_custom_heading text=\u00bbQui\u00e9nes somos\u00bb font_container=\u00bbtag:h1|font_size:50|text_align:center|color:%23253746&#8243; google_fonts=\u00bbfont_family:Montserrat%3Aregular%2C700|font_style:700%20bold%20regular%3A700%3Anormal\u00bb][vc_empty_space woodmart_hide_large=\u00bb0&#8243; woodmart_hide_medium=\u00bb0&#8243; woodmart_hide_small=\u00bb0&#8243; woodmart_hide_extra_small=\u00bb0&#8243;][\/vc_column][\/vc_row][vc_row][vc_column][vc_custom_heading text=\u00bbNuestra misi\u00f3n\u00bb font_container=\u00bbtag:h2|text_align:left|color:%23c10016&#8243; google_fonts=\u00bbfont_family:Montserrat%3Aregular%2C700|font_style:700%20bold%20regular%3A700%3Anormal\u00bb][vc_separator color=\u00bbcustom\u00bb border_width=\u00bb3&#8243; accent_color=\u00bb#253746&#8243;][vc_column_text text_larger=\u00bbno\u00bb woodmart_inline=\u00bbno\u00bb] La misi\u00f3n<\/p>\n","protected":false},"author":2,"featured_media":0,"parent":0,"menu_order":0,"comment_status":"closed","ping_status":"closed","template":"","meta":{"footnotes":""},"class_list":["post-1172","page","type-page","status-publish","hentry"],"yoast_head":"<!-- This site is optimized with the Yoast SEO plugin v27.5 - https:\/\/yoast.com\/product\/yoast-seo-wordpress\/ -->\n<title>Qui\u00e9nes somos - Vital Beat ES<\/title>\n<meta name=\"robots\" content=\"index, follow, max-snippet:-1, max-image-preview:large, max-video-preview:-1\" \/>\n<link rel=\"canonical\" href=\"https:\/\/vitalbeat.com\/es\/quienes-somos\/\" \/>\n<meta property=\"og:locale\" content=\"es_ES\" \/>\n<meta property=\"og:type\" content=\"article\" \/>\n<meta property=\"og:title\" content=\"Qui\u00e9nes somos - Vital Beat ES\" \/>\n<meta property=\"og:description\" content=\"[vc_row][vc_column][vc_custom_heading text=\u00bbQui\u00e9nes somos\u00bb font_container=\u00bbtag:h1|font_size:50|text_align:center|color:%23253746&#8243; google_fonts=\u00bbfont_family:Montserrat%3Aregular%2C700|font_style:700%20bold%20regular%3A700%3Anormal\u00bb][vc_empty_space woodmart_hide_large=\u00bb0&#8243; woodmart_hide_medium=\u00bb0&#8243; woodmart_hide_small=\u00bb0&#8243; woodmart_hide_extra_small=\u00bb0&#8243;][\/vc_column][\/vc_row][vc_row][vc_column][vc_custom_heading text=\u00bbNuestra misi\u00f3n\u00bb font_container=\u00bbtag:h2|text_align:left|color:%23c10016&#8243; google_fonts=\u00bbfont_family:Montserrat%3Aregular%2C700|font_style:700%20bold%20regular%3A700%3Anormal\u00bb][vc_separator color=\u00bbcustom\u00bb border_width=\u00bb3&#8243; accent_color=\u00bb#253746&#8243;][vc_column_text text_larger=\u00bbno\u00bb woodmart_inline=\u00bbno\u00bb] La misi\u00f3n\" \/>\n<meta property=\"og:url\" content=\"https:\/\/vitalbeat.com\/es\/quienes-somos\/\" \/>\n<meta property=\"og:site_name\" content=\"Vital Beat ES\" \/>\n<meta property=\"article:modified_time\" content=\"2023-03-20T16:44:15+00:00\" \/>\n<meta name=\"twitter:card\" content=\"summary_large_image\" \/>\n<meta name=\"twitter:label1\" content=\"Tiempo de lectura\" \/>\n\t<meta name=\"twitter:data1\" content=\"2 minutos\" \/>\n<script type=\"application\/ld+json\" class=\"yoast-schema-graph\">{\"@context\":\"https:\\\/\\\/schema.org\",\"@graph\":[{\"@type\":\"WebPage\",\"@id\":\"https:\\\/\\\/vitalbeat.com\\\/es\\\/quienes-somos\\\/\",\"url\":\"https:\\\/\\\/vitalbeat.com\\\/es\\\/quienes-somos\\\/\",\"name\":\"Qui\u00e9nes somos - Vital Beat ES\",\"isPartOf\":{\"@id\":\"https:\\\/\\\/vitalbeat.com\\\/es\\\/#website\"},\"datePublished\":\"2020-05-15T11:03:47+00:00\",\"dateModified\":\"2023-03-20T16:44:15+00:00\",\"breadcrumb\":{\"@id\":\"https:\\\/\\\/vitalbeat.com\\\/es\\\/quienes-somos\\\/#breadcrumb\"},\"inLanguage\":\"es\",\"potentialAction\":[{\"@type\":\"ReadAction\",\"target\":[\"https:\\\/\\\/vitalbeat.com\\\/es\\\/quienes-somos\\\/\"]}]},{\"@type\":\"BreadcrumbList\",\"@id\":\"https:\\\/\\\/vitalbeat.com\\\/es\\\/quienes-somos\\\/#breadcrumb\",\"itemListElement\":[{\"@type\":\"ListItem\",\"position\":1,\"name\":\"Home\",\"item\":\"https:\\\/\\\/vitalbeat.com\\\/es\\\/\"},{\"@type\":\"ListItem\",\"position\":2,\"name\":\"Qui\u00e9nes somos\"}]},{\"@type\":\"WebSite\",\"@id\":\"https:\\\/\\\/vitalbeat.com\\\/es\\\/#website\",\"url\":\"https:\\\/\\\/vitalbeat.com\\\/es\\\/\",\"name\":\"Vital Beat ES\",\"description\":\"Protection and comfort\",\"potentialAction\":[{\"@type\":\"SearchAction\",\"target\":{\"@type\":\"EntryPoint\",\"urlTemplate\":\"https:\\\/\\\/vitalbeat.com\\\/es\\\/?s={search_term_string}\"},\"query-input\":{\"@type\":\"PropertyValueSpecification\",\"valueRequired\":true,\"valueName\":\"search_term_string\"}}],\"inLanguage\":\"es\"}]}<\/script>\n<!-- \/ Yoast SEO plugin. -->","yoast_head_json":{"title":"Qui\u00e9nes somos - Vital Beat ES","robots":{"index":"index","follow":"follow","max-snippet":"max-snippet:-1","max-image-preview":"max-image-preview:large","max-video-preview":"max-video-preview:-1"},"canonical":"https:\/\/vitalbeat.com\/es\/quienes-somos\/","og_locale":"es_ES","og_type":"article","og_title":"Qui\u00e9nes somos - Vital Beat ES","og_description":"[vc_row][vc_column][vc_custom_heading text=\u00bbQui\u00e9nes somos\u00bb font_container=\u00bbtag:h1|font_size:50|text_align:center|color:%23253746&#8243; google_fonts=\u00bbfont_family:Montserrat%3Aregular%2C700|font_style:700%20bold%20regular%3A700%3Anormal\u00bb][vc_empty_space woodmart_hide_large=\u00bb0&#8243; woodmart_hide_medium=\u00bb0&#8243; woodmart_hide_small=\u00bb0&#8243; woodmart_hide_extra_small=\u00bb0&#8243;][\/vc_column][\/vc_row][vc_row][vc_column][vc_custom_heading text=\u00bbNuestra misi\u00f3n\u00bb font_container=\u00bbtag:h2|text_align:left|color:%23c10016&#8243; google_fonts=\u00bbfont_family:Montserrat%3Aregular%2C700|font_style:700%20bold%20regular%3A700%3Anormal\u00bb][vc_separator color=\u00bbcustom\u00bb border_width=\u00bb3&#8243; accent_color=\u00bb#253746&#8243;][vc_column_text text_larger=\u00bbno\u00bb woodmart_inline=\u00bbno\u00bb] La misi\u00f3n","og_url":"https:\/\/vitalbeat.com\/es\/quienes-somos\/","og_site_name":"Vital Beat ES","article_modified_time":"2023-03-20T16:44:15+00:00","twitter_card":"summary_large_image","twitter_misc":{"Tiempo de lectura":"2 minutos"},"schema":{"@context":"https:\/\/schema.org","@graph":[{"@type":"WebPage","@id":"https:\/\/vitalbeat.com\/es\/quienes-somos\/","url":"https:\/\/vitalbeat.com\/es\/quienes-somos\/","name":"Qui\u00e9nes somos - Vital Beat ES","isPartOf":{"@id":"https:\/\/vitalbeat.com\/es\/#website"},"datePublished":"2020-05-15T11:03:47+00:00","dateModified":"2023-03-20T16:44:15+00:00","breadcrumb":{"@id":"https:\/\/vitalbeat.com\/es\/quienes-somos\/#breadcrumb"},"inLanguage":"es","potentialAction":[{"@type":"ReadAction","target":["https:\/\/vitalbeat.com\/es\/quienes-somos\/"]}]},{"@type":"BreadcrumbList","@id":"https:\/\/vitalbeat.com\/es\/quienes-somos\/#breadcrumb","itemListElement":[{"@type":"ListItem","position":1,"name":"Home","item":"https:\/\/vitalbeat.com\/es\/"},{"@type":"ListItem","position":2,"name":"Qui\u00e9nes somos"}]},{"@type":"WebSite","@id":"https:\/\/vitalbeat.com\/es\/#website","url":"https:\/\/vitalbeat.com\/es\/","name":"Vital Beat ES","description":"Protection and comfort","potentialAction":[{"@type":"SearchAction","target":{"@type":"EntryPoint","urlTemplate":"https:\/\/vitalbeat.com\/es\/?s={search_term_string}"},"query-input":{"@type":"PropertyValueSpecification","valueRequired":true,"valueName":"search_term_string"}}],"inLanguage":"es"}]}},"_links":{"self":[{"href":"https:\/\/vitalbeat.com\/es\/wp-json\/wp\/v2\/pages\/1172","targetHints":{"allow":["GET"]}}],"collection":[{"href":"https:\/\/vitalbeat.com\/es\/wp-json\/wp\/v2\/pages"}],"about":[{"href":"https:\/\/vitalbeat.com\/es\/wp-json\/wp\/v2\/types\/page"}],"author":[{"embeddable":true,"href":"https:\/\/vitalbeat.com\/es\/wp-json\/wp\/v2\/users\/2"}],"replies":[{"embeddable":true,"href":"https:\/\/vitalbeat.com\/es\/wp-json\/wp\/v2\/comments?post=1172"}],"version-history":[{"count":3,"href":"https:\/\/vitalbeat.com\/es\/wp-json\/wp\/v2\/pages\/1172\/revisions"}],"predecessor-version":[{"id":2533,"href":"https:\/\/vitalbeat.com\/es\/wp-json\/wp\/v2\/pages\/1172\/revisions\/2533"}],"wp:attachment":[{"href":"https:\/\/vitalbeat.com\/es\/wp-json\/wp\/v2\/media?parent=1172"}],"curies":[{"name":"wp","href":"https:\/\/api.w.org\/{rel}","templated":true}]}}