{"id":3133,"date":"2026-04-13T12:41:56","date_gmt":"2026-04-13T12:41:56","guid":{"rendered":"https:\/\/vitalbeat.com\/es\/?page_id=3133"},"modified":"2026-04-13T13:19:48","modified_gmt":"2026-04-13T13:19:48","slug":"ayuda","status":"publish","type":"page","link":"https:\/\/vitalbeat.com\/es\/ayuda\/","title":{"rendered":"Ayuda"},"content":{"rendered":"<div class=\"wpb-content-wrapper\"><p>[vc_row][vc_column][vc_column_text css=\u00bb\u00bb woodmart_inline=\u00bbno\u00bb text_larger=\u00bbno\u00bb]<strong>Haz clic para ir directamente a:<\/strong><br \/>\n<a href=\"#Tallas\">Gu\u00eda de tallas<\/a><br \/>\n<a href=\"#Envios\">Env\u00edos y entregas<\/a><br \/>\n<a href=\"#tasas\">Impuestos y tasas de importaci\u00f3n<\/a><br \/>\n<a href=\"#pago\">Formas de pago<\/a>[\/vc_column_text][\/vc_column][\/vc_row][vc_row][vc_column][vc_separator color=\u00bbcustom\u00bb border_width=\u00bb2&#8243; accent_color=\u00bb#C12026&#8243; wd_hide_on_desktop=\u00bbno\u00bb wd_hide_on_tablet=\u00bbno\u00bb wd_hide_on_mobile=\u00bbno\u00bb][\/vc_column][\/vc_row][vc_row el_id=\u00bbTallas\u00bb woodmart_css_id=\u00bb69dce715a4450&#8243; responsive_spacing=\u00bbeyJwYXJhbV90eXBlIjoid29vZG1hcnRfcmVzcG9uc2l2ZV9zcGFjaW5nIiwic2VsZWN0b3JfaWQiOiI2OWRjZTcxNWE0NDUwIiwic2hvcnRjb2RlIjoidmNfcm93IiwiZGF0YSI6eyJ0YWJsZXQiOnt9LCJtb2JpbGUiOnt9fX0=\u00bb mobile_bg_img_hidden=\u00bbno\u00bb tablet_bg_img_hidden=\u00bbno\u00bb woodmart_parallax=\u00bb0&#8243; woodmart_gradient_switch=\u00bbno\u00bb woodmart_box_shadow=\u00bbno\u00bb wd_z_index=\u00bbno\u00bb woodmart_disable_overflow=\u00bb0&#8243; row_reverse_mobile=\u00bb0&#8243; row_reverse_tablet=\u00bb0&#8243;][vc_column][vc_column_text woodmart_inline=\u00bbno\u00bb text_larger=\u00bbno\u00bb]<\/p>\n<h2>Gu\u00eda de tallas<\/h2>\n<p>[\/vc_column_text][vc_btn title=\u00bbVer el v\u00eddeo explicativo\u00bb style=\u00bboutline-custom\u00bb i_icon_fontawesome=\u00bbfa fa-brands fa-youtube\u00bb css=\u00bb\u00bb add_icon=\u00bbtrue\u00bb link=\u00bburl:https%3A%2F%2Fwww.youtube.com%2Fwatch%3Fv%3DV3AXlnMvHDo|target:_blank\u00bb][vc_column_text css=\u00bb\u00bb woodmart_inline=\u00bbno\u00bb text_larger=\u00bbno\u00bb]Nuestras camisetas est\u00e1n dise\u00f1adas como prendas de compresi\u00f3n ajustadas para mantener el protector de tu dispositivo bien sujeto en su sitio.<\/p>\n<p>Para determinar la talla correcta, toma la siguiente medida:<\/p>\n<p><strong>Contorno de pecho<\/strong><br \/>\nMide el contorno completo de tu pecho justo por debajo de las axilas y divide esta medida entre dos. Esta medida es el factor principal a la hora de elegir la talla correcta.[\/vc_column_text][vc_row_inner][vc_column_inner width=\u00bb2\/3&#8243;]\t\t<div class=\"wd-sizeguide wd-rs-69dce53d1251d  \">\n\t\t\t\n\t\t\t\n\t\t\t<div class=\"responsive-table\">\n\t\t\t\t<table class=\"wd-sizeguide-table\">\n\t\t\t\t\t\t\t\t\t\t\t<tr>\n\t\t\t\t\t\t\t\t\t\t\t\t\t\t\t<td>Size<\/td>\n\t\t\t\t\t\t\t\t\t\t\t\t\t\t\t<td>CM<\/td>\n\t\t\t\t\t\t\t\t\t\t\t\t\t\t\t<td>INCH<\/td>\n\t\t\t\t\t\t\t\t\t\t\t\t\t<\/tr>\n\t\t\t\t\t\t\t\t\t\t\t<tr>\n\t\t\t\t\t\t\t\t\t\t\t\t\t\t\t<td>XS<\/td>\n\t\t\t\t\t\t\t\t\t\t\t\t\t\t\t<td>38-42<\/td>\n\t\t\t\t\t\t\t\t\t\t\t\t\t\t\t<td>15 - 16 1\/2<\/td>\n\t\t\t\t\t\t\t\t\t\t\t\t\t<\/tr>\n\t\t\t\t\t\t\t\t\t\t\t<tr>\n\t\t\t\t\t\t\t\t\t\t\t\t\t\t\t<td>S<\/td>\n\t\t\t\t\t\t\t\t\t\t\t\t\t\t\t<td>42-46<\/td>\n\t\t\t\t\t\t\t\t\t\t\t\t\t\t\t<td>16 1\/2 - 18<\/td>\n\t\t\t\t\t\t\t\t\t\t\t\t\t<\/tr>\n\t\t\t\t\t\t\t\t\t\t\t<tr>\n\t\t\t\t\t\t\t\t\t\t\t\t\t\t\t<td>M<\/td>\n\t\t\t\t\t\t\t\t\t\t\t\t\t\t\t<td>46-50<\/td>\n\t\t\t\t\t\t\t\t\t\t\t\t\t\t\t<td>18 - 19 5\/8<\/td>\n\t\t\t\t\t\t\t\t\t\t\t\t\t<\/tr>\n\t\t\t\t\t\t\t\t\t\t\t<tr>\n\t\t\t\t\t\t\t\t\t\t\t\t\t\t\t<td>L<\/td>\n\t\t\t\t\t\t\t\t\t\t\t\t\t\t\t<td>50-54<\/td>\n\t\t\t\t\t\t\t\t\t\t\t\t\t\t\t<td>19 5\/8 - 21 1\/4<\/td>\n\t\t\t\t\t\t\t\t\t\t\t\t\t<\/tr>\n\t\t\t\t\t\t\t\t\t\t\t<tr>\n\t\t\t\t\t\t\t\t\t\t\t\t\t\t\t<td>XL<\/td>\n\t\t\t\t\t\t\t\t\t\t\t\t\t\t\t<td>54-58<\/td>\n\t\t\t\t\t\t\t\t\t\t\t\t\t\t\t<td>21 1\/4 - 22 3\/4<\/td>\n\t\t\t\t\t\t\t\t\t\t\t\t\t<\/tr>\n\t\t\t\t\t\t\t\t\t\t\t<tr>\n\t\t\t\t\t\t\t\t\t\t\t\t\t\t\t<td>XXL<\/td>\n\t\t\t\t\t\t\t\t\t\t\t\t\t\t\t<td>58 - 62<\/td>\n\t\t\t\t\t\t\t\t\t\t\t\t\t\t\t<td>22 3\/4 - 24 1\/2<\/td>\n\t\t\t\t\t\t\t\t\t\t\t\t\t<\/tr>\n\t\t\t\t\t\t\t\t\t\t\t<tr>\n\t\t\t\t\t\t\t\t\t\t\t\t\t\t\t<td>XXXL<\/td>\n\t\t\t\t\t\t\t\t\t\t\t\t\t\t\t<td>&gt; 62<\/td>\n\t\t\t\t\t\t\t\t\t\t\t\t\t\t\t<td>&gt; 24 1\/2<\/td>\n\t\t\t\t\t\t\t\t\t\t\t\t\t<\/tr>\n\t\t\t\t\t\t\t\t\t<\/table>\n\t\t\t<\/div>\n\t\t<\/div>\n\t\t[\/vc_column_inner][vc_column_inner width=\u00bb1\/3&#8243;][vc_single_image image=\u00bb3136&#8243; img_size=\u00bbfull\u00bb css=\u00bb\u00bb parallax_scroll=\u00bbno\u00bb woodmart_inline=\u00bbno\u00bb][\/vc_column_inner][\/vc_row_inner][vc_column_text css=\u00bb\u00bb woodmart_inline=\u00bbno\u00bb text_larger=\u00bbno\u00bb]Si est\u00e1s entre dos tallas, por lo general te recomendamos que elijas la m\u00e1s peque\u00f1a para conseguir el mejor ajuste de compresi\u00f3n. Si necesitas ayuda para elegir la talla adecuada, ponte en contacto con nuestro equipo de atenci\u00f3n al cliente y estaremos encantados de ayudarte.[\/vc_column_text][\/vc_column][\/vc_row][vc_row][vc_column][vc_separator color=\u00bbcustom\u00bb border_width=\u00bb2&#8243; accent_color=\u00bb#C12026&#8243; wd_hide_on_desktop=\u00bbno\u00bb wd_hide_on_tablet=\u00bbno\u00bb wd_hide_on_mobile=\u00bbno\u00bb][\/vc_column][\/vc_row][vc_row el_id=\u00bbEnvios\u00bb woodmart_css_id=\u00bb69dce744edc37&#8243; responsive_spacing=\u00bbeyJwYXJhbV90eXBlIjoid29vZG1hcnRfcmVzcG9uc2l2ZV9zcGFjaW5nIiwic2VsZWN0b3JfaWQiOiI2OWRjZTc0NGVkYzM3Iiwic2hvcnRjb2RlIjoidmNfcm93IiwiZGF0YSI6eyJ0YWJsZXQiOnt9LCJtb2JpbGUiOnt9fX0=\u00bb mobile_bg_img_hidden=\u00bbno\u00bb tablet_bg_img_hidden=\u00bbno\u00bb woodmart_parallax=\u00bb0&#8243; woodmart_gradient_switch=\u00bbno\u00bb woodmart_box_shadow=\u00bbno\u00bb wd_z_index=\u00bbno\u00bb woodmart_disable_overflow=\u00bb0&#8243; row_reverse_mobile=\u00bb0&#8243; row_reverse_tablet=\u00bb0&#8243;][vc_column][vc_column_text css=\u00bb\u00bb woodmart_inline=\u00bbno\u00bb text_larger=\u00bbno\u00bb]<\/p>\n<h2>Env\u00edos y entregas<\/h2>\n<p>Enviamos nuestros productos a todo el mundo.<\/p>\n<p><strong>Env\u00edos dentro de la Uni\u00f3n Europea<\/strong><br \/>\nLos pedidos dentro de la UE se env\u00edan normalmente a trav\u00e9s de DPD.<\/p>\n<p><strong>Env\u00edos internacionales<\/strong><br \/>\nLos pedidos fuera de la UE se env\u00edan normalmente a trav\u00e9s de FedEx. En algunos casos, los env\u00edos pueden ser gestionados por PostNL, dependiendo del destino y del m\u00e9todo de env\u00edo.<\/p>\n<p><strong>Tramitaci\u00f3n y seguimiento<\/strong><br \/>\nUna vez que se haya enviado su pedido, recibir\u00e1 un correo electr\u00f3nico de confirmaci\u00f3n con la informaci\u00f3n de seguimiento para que pueda seguir el progreso de su entrega.<\/p>\n<p>Los plazos de entrega pueden variar en funci\u00f3n de su ubicaci\u00f3n y del m\u00e9todo de env\u00edo seleccionado.<\/p>\n<p>Si necesita un env\u00edo urgente, p\u00f3ngase en contacto con nosotros antes de realizar su pedido para comentar las opciones disponibles.[\/vc_column_text][\/vc_column][\/vc_row][vc_row][vc_column][vc_separator color=\u00bbcustom\u00bb border_width=\u00bb2&#8243; accent_color=\u00bb#C12026&#8243; wd_hide_on_desktop=\u00bbno\u00bb wd_hide_on_tablet=\u00bbno\u00bb wd_hide_on_mobile=\u00bbno\u00bb][\/vc_column][\/vc_row][vc_row el_id=\u00bbtasas\u00bb woodmart_css_id=\u00bb69dce756d87e5&#8243; responsive_spacing=\u00bbeyJwYXJhbV90eXBlIjoid29vZG1hcnRfcmVzcG9uc2l2ZV9zcGFjaW5nIiwic2VsZWN0b3JfaWQiOiI2OWRjZTc1NmQ4N2U1Iiwic2hvcnRjb2RlIjoidmNfcm93IiwiZGF0YSI6eyJ0YWJsZXQiOnt9LCJtb2JpbGUiOnt9fX0=\u00bb mobile_bg_img_hidden=\u00bbno\u00bb tablet_bg_img_hidden=\u00bbno\u00bb woodmart_parallax=\u00bb0&#8243; woodmart_gradient_switch=\u00bbno\u00bb woodmart_box_shadow=\u00bbno\u00bb wd_z_index=\u00bbno\u00bb woodmart_disable_overflow=\u00bb0&#8243; row_reverse_mobile=\u00bb0&#8243; row_reverse_tablet=\u00bb0&#8243;][vc_column][vc_column_text css=\u00bb\u00bb woodmart_inline=\u00bbno\u00bb text_larger=\u00bbno\u00bb]<\/p>\n<h2>Impuestos y tasas de importaci\u00f3n<\/h2>\n<p><strong>Espacio Econ\u00f3mico Europeo (EEE)<\/strong><br \/>\nLos pedidos entregados dentro del Espacio Econ\u00f3mico Europeo (EEE) incluyen los impuestos aplicables y no est\u00e1n sujetos a derechos de importaci\u00f3n.<\/p>\n<p><strong>Fuera del EEE<\/strong><br \/>\nLos pedidos entregados fuera del EEE no incluyen impuestos ni tasas de importaci\u00f3n.<\/p>\n<p>Los clientes son responsables de:<\/p>\n<ul>\n<li>Derechos de aduana<\/li>\n<li>Impuestos de importaci\u00f3n<\/li>\n<li>Gastos de gesti\u00f3n locales<\/li>\n<\/ul>\n<p>Estas tasas las determina la autoridad aduanera local y, por lo general, las cobrar\u00e1 la empresa de transporte una vez que el paquete llegue a su pa\u00eds.<\/p>\n<p>El impago de estos gastos puede dar lugar a la devoluci\u00f3n del paquete. En tales casos, se pueden cobrar costes adicionales y es posible que el pedido no sea susceptible de reembolso.[\/vc_column_text][\/vc_column][\/vc_row][vc_row][vc_column][vc_separator color=\u00bbcustom\u00bb border_width=\u00bb2&#8243; accent_color=\u00bb#C12026&#8243; wd_hide_on_desktop=\u00bbno\u00bb wd_hide_on_tablet=\u00bbno\u00bb wd_hide_on_mobile=\u00bbno\u00bb][\/vc_column][\/vc_row][vc_row el_id=\u00bbpago\u00bb woodmart_css_id=\u00bb69dce75f70e8b\u00bb responsive_spacing=\u00bbeyJwYXJhbV90eXBlIjoid29vZG1hcnRfcmVzcG9uc2l2ZV9zcGFjaW5nIiwic2VsZWN0b3JfaWQiOiI2OWRjZTc1ZjcwZThiIiwic2hvcnRjb2RlIjoidmNfcm93IiwiZGF0YSI6eyJ0YWJsZXQiOnt9LCJtb2JpbGUiOnt9fX0=\u00bb mobile_bg_img_hidden=\u00bbno\u00bb tablet_bg_img_hidden=\u00bbno\u00bb woodmart_parallax=\u00bb0&#8243; woodmart_gradient_switch=\u00bbno\u00bb woodmart_box_shadow=\u00bbno\u00bb wd_z_index=\u00bbno\u00bb woodmart_disable_overflow=\u00bb0&#8243; row_reverse_mobile=\u00bb0&#8243; row_reverse_tablet=\u00bb0&#8243;][vc_column][vc_column_text css=\u00bb\u00bb woodmart_inline=\u00bbno\u00bb text_larger=\u00bbno\u00bb]<\/p>\n<h2>Formas de pago<\/h2>\n<p>Ofrecemos una variedad de m\u00e9todos de pago seguros para tu comodidad.<\/p>\n<p>Las opciones de pago aceptadas incluyen:<\/p>\n<ul>\n<li>Tarjetas de cr\u00e9dito<\/li>\n<li>PayPal<\/li>\n<li>Transferencia bancaria directa<\/li>\n<li>iDEAL<\/li>\n<li>Sofort<\/li>\n<li>Bancontact<\/li>\n<li>Przelewy24<\/li>\n<li>Klarna Afterpay (disponible en determinados pa\u00edses)<\/li>\n<\/ul>\n<p>Todos los pagos se procesan de forma segura a trav\u00e9s de Mollie, un proveedor de servicios de pago neerland\u00e9s en el que conf\u00edan m\u00e1s de 100 000 empresas de todo el mundo.<\/p>\n<p>Si tienes alguna pregunta sobre los pagos o surge alg\u00fan problema durante el proceso de pago, ponte en contacto con nuestro equipo de atenci\u00f3n al cliente.[\/vc_column_text][\/vc_column][\/vc_row]<\/p>\n<\/div>","protected":false},"excerpt":{"rendered":"<p>[vc_row][vc_column][vc_column_text css=\u00bb\u00bb woodmart_inline=\u00bbno\u00bb text_larger=\u00bbno\u00bb]Haz clic para ir directamente a: Gu\u00eda de tallas Env\u00edos y entregas Impuestos y tasas de importaci\u00f3n<\/p>\n","protected":false},"author":4,"featured_media":0,"parent":0,"menu_order":0,"comment_status":"closed","ping_status":"closed","template":"","meta":{"footnotes":""},"class_list":["post-3133","page","type-page","status-publish","hentry"],"yoast_head":"<!-- This site is optimized with the Yoast SEO plugin v27.4 - https:\/\/yoast.com\/product\/yoast-seo-wordpress\/ -->\n<title>Ayuda - Vital Beat ES<\/title>\n<meta name=\"robots\" content=\"index, follow, max-snippet:-1, max-image-preview:large, max-video-preview:-1\" \/>\n<link rel=\"canonical\" href=\"https:\/\/vitalbeat.com\/es\/ayuda\/\" \/>\n<meta property=\"og:locale\" content=\"es_ES\" \/>\n<meta property=\"og:type\" content=\"article\" \/>\n<meta property=\"og:title\" content=\"Ayuda - Vital Beat ES\" \/>\n<meta property=\"og:description\" content=\"[vc_row][vc_column][vc_column_text css=\u00bb\u00bb woodmart_inline=\u00bbno\u00bb text_larger=\u00bbno\u00bb]Haz clic para ir directamente a: Gu\u00eda de tallas Env\u00edos y entregas Impuestos y tasas de importaci\u00f3n\" \/>\n<meta property=\"og:url\" content=\"https:\/\/vitalbeat.com\/es\/ayuda\/\" \/>\n<meta property=\"og:site_name\" content=\"Vital Beat ES\" \/>\n<meta property=\"article:modified_time\" content=\"2026-04-13T13:19:48+00:00\" \/>\n<meta name=\"twitter:card\" content=\"summary_large_image\" \/>\n<meta name=\"twitter:label1\" content=\"Tiempo de lectura\" \/>\n\t<meta name=\"twitter:data1\" content=\"3 minutos\" \/>\n<script type=\"application\/ld+json\" class=\"yoast-schema-graph\">{\"@context\":\"https:\\\/\\\/schema.org\",\"@graph\":[{\"@type\":\"WebPage\",\"@id\":\"https:\\\/\\\/vitalbeat.com\\\/es\\\/ayuda\\\/\",\"url\":\"https:\\\/\\\/vitalbeat.com\\\/es\\\/ayuda\\\/\",\"name\":\"Ayuda - Vital Beat ES\",\"isPartOf\":{\"@id\":\"https:\\\/\\\/vitalbeat.com\\\/es\\\/#website\"},\"datePublished\":\"2026-04-13T12:41:56+00:00\",\"dateModified\":\"2026-04-13T13:19:48+00:00\",\"breadcrumb\":{\"@id\":\"https:\\\/\\\/vitalbeat.com\\\/es\\\/ayuda\\\/#breadcrumb\"},\"inLanguage\":\"es\",\"potentialAction\":[{\"@type\":\"ReadAction\",\"target\":[\"https:\\\/\\\/vitalbeat.com\\\/es\\\/ayuda\\\/\"]}]},{\"@type\":\"BreadcrumbList\",\"@id\":\"https:\\\/\\\/vitalbeat.com\\\/es\\\/ayuda\\\/#breadcrumb\",\"itemListElement\":[{\"@type\":\"ListItem\",\"position\":1,\"name\":\"Home\",\"item\":\"https:\\\/\\\/vitalbeat.com\\\/es\\\/\"},{\"@type\":\"ListItem\",\"position\":2,\"name\":\"Ayuda\"}]},{\"@type\":\"WebSite\",\"@id\":\"https:\\\/\\\/vitalbeat.com\\\/es\\\/#website\",\"url\":\"https:\\\/\\\/vitalbeat.com\\\/es\\\/\",\"name\":\"Vital Beat ES\",\"description\":\"Protection and comfort\",\"potentialAction\":[{\"@type\":\"SearchAction\",\"target\":{\"@type\":\"EntryPoint\",\"urlTemplate\":\"https:\\\/\\\/vitalbeat.com\\\/es\\\/?s={search_term_string}\"},\"query-input\":{\"@type\":\"PropertyValueSpecification\",\"valueRequired\":true,\"valueName\":\"search_term_string\"}}],\"inLanguage\":\"es\"}]}<\/script>\n<!-- \/ Yoast SEO plugin. -->","yoast_head_json":{"title":"Ayuda - Vital Beat ES","robots":{"index":"index","follow":"follow","max-snippet":"max-snippet:-1","max-image-preview":"max-image-preview:large","max-video-preview":"max-video-preview:-1"},"canonical":"https:\/\/vitalbeat.com\/es\/ayuda\/","og_locale":"es_ES","og_type":"article","og_title":"Ayuda - Vital Beat ES","og_description":"[vc_row][vc_column][vc_column_text css=\u00bb\u00bb woodmart_inline=\u00bbno\u00bb text_larger=\u00bbno\u00bb]Haz clic para ir directamente a: Gu\u00eda de tallas Env\u00edos y entregas Impuestos y tasas de importaci\u00f3n","og_url":"https:\/\/vitalbeat.com\/es\/ayuda\/","og_site_name":"Vital Beat ES","article_modified_time":"2026-04-13T13:19:48+00:00","twitter_card":"summary_large_image","twitter_misc":{"Tiempo de lectura":"3 minutos"},"schema":{"@context":"https:\/\/schema.org","@graph":[{"@type":"WebPage","@id":"https:\/\/vitalbeat.com\/es\/ayuda\/","url":"https:\/\/vitalbeat.com\/es\/ayuda\/","name":"Ayuda - Vital Beat ES","isPartOf":{"@id":"https:\/\/vitalbeat.com\/es\/#website"},"datePublished":"2026-04-13T12:41:56+00:00","dateModified":"2026-04-13T13:19:48+00:00","breadcrumb":{"@id":"https:\/\/vitalbeat.com\/es\/ayuda\/#breadcrumb"},"inLanguage":"es","potentialAction":[{"@type":"ReadAction","target":["https:\/\/vitalbeat.com\/es\/ayuda\/"]}]},{"@type":"BreadcrumbList","@id":"https:\/\/vitalbeat.com\/es\/ayuda\/#breadcrumb","itemListElement":[{"@type":"ListItem","position":1,"name":"Home","item":"https:\/\/vitalbeat.com\/es\/"},{"@type":"ListItem","position":2,"name":"Ayuda"}]},{"@type":"WebSite","@id":"https:\/\/vitalbeat.com\/es\/#website","url":"https:\/\/vitalbeat.com\/es\/","name":"Vital Beat ES","description":"Protection and comfort","potentialAction":[{"@type":"SearchAction","target":{"@type":"EntryPoint","urlTemplate":"https:\/\/vitalbeat.com\/es\/?s={search_term_string}"},"query-input":{"@type":"PropertyValueSpecification","valueRequired":true,"valueName":"search_term_string"}}],"inLanguage":"es"}]}},"jetpack_sharing_enabled":true,"_links":{"self":[{"href":"https:\/\/vitalbeat.com\/es\/wp-json\/wp\/v2\/pages\/3133","targetHints":{"allow":["GET"]}}],"collection":[{"href":"https:\/\/vitalbeat.com\/es\/wp-json\/wp\/v2\/pages"}],"about":[{"href":"https:\/\/vitalbeat.com\/es\/wp-json\/wp\/v2\/types\/page"}],"author":[{"embeddable":true,"href":"https:\/\/vitalbeat.com\/es\/wp-json\/wp\/v2\/users\/4"}],"replies":[{"embeddable":true,"href":"https:\/\/vitalbeat.com\/es\/wp-json\/wp\/v2\/comments?post=3133"}],"version-history":[{"count":6,"href":"https:\/\/vitalbeat.com\/es\/wp-json\/wp\/v2\/pages\/3133\/revisions"}],"predecessor-version":[{"id":3146,"href":"https:\/\/vitalbeat.com\/es\/wp-json\/wp\/v2\/pages\/3133\/revisions\/3146"}],"wp:attachment":[{"href":"https:\/\/vitalbeat.com\/es\/wp-json\/wp\/v2\/media?parent=3133"}],"curies":[{"name":"wp","href":"https:\/\/api.w.org\/{rel}","templated":true}]}}