{"id":3140,"date":"2026-04-13T13:06:00","date_gmt":"2026-04-13T13:06:00","guid":{"rendered":"https:\/\/vitalbeat.com\/es\/?page_id=3140"},"modified":"2026-04-13T13:09:06","modified_gmt":"2026-04-13T13:09:06","slug":"pedidos","status":"publish","type":"page","link":"https:\/\/vitalbeat.com\/es\/pedidos\/","title":{"rendered":"Pedidos"},"content":{"rendered":"<div class=\"wpb-content-wrapper\"><p>[vc_row][vc_column][vc_column_text css=\u00bb\u00bb woodmart_inline=\u00bbno\u00bb text_larger=\u00bbno\u00bb]<strong>Haz clic para ir directamente a:<\/strong><br \/>\n<a href=\"#cambios\">Devoluciones y cambios<\/a><br \/>\n<a href=\"#reembolsos\">Reembolsos<\/a><br \/>\n<a href=\"#garantia\">Garant\u00eda<\/a>[\/vc_column_text][\/vc_column][\/vc_row][vc_row][vc_column][vc_separator color=\u00bbcustom\u00bb border_width=\u00bb2&#8243; css=\u00bb\u00bb accent_color=\u00bb#C12026&#8243; wd_hide_on_desktop=\u00bbno\u00bb wd_hide_on_tablet=\u00bbno\u00bb wd_hide_on_mobile=\u00bbno\u00bb][\/vc_column][\/vc_row][vc_row el_id=\u00bbcambios\u00bb woodmart_css_id=\u00bb69dcea5e53fb0&#8243; responsive_spacing=\u00bbeyJwYXJhbV90eXBlIjoid29vZG1hcnRfcmVzcG9uc2l2ZV9zcGFjaW5nIiwic2VsZWN0b3JfaWQiOiI2OWRjZWE1ZTUzZmIwIiwic2hvcnRjb2RlIjoidmNfcm93IiwiZGF0YSI6eyJ0YWJsZXQiOnt9LCJtb2JpbGUiOnt9fX0=\u00bb mobile_bg_img_hidden=\u00bbno\u00bb tablet_bg_img_hidden=\u00bbno\u00bb woodmart_parallax=\u00bb0&#8243; woodmart_gradient_switch=\u00bbno\u00bb woodmart_box_shadow=\u00bbno\u00bb wd_z_index=\u00bbno\u00bb woodmart_disable_overflow=\u00bb0&#8243; row_reverse_mobile=\u00bb0&#8243; row_reverse_tablet=\u00bb0&#8243;][vc_column][vc_column_text css=\u00bb\u00bb woodmart_inline=\u00bbno\u00bb text_larger=\u00bbno\u00bb]<\/p>\n<h2>Devoluciones y cambios<\/h2>\n<p>Ofrecemos una pol\u00edtica de devoluci\u00f3n de 100 d\u00edas* para garantizar que quedes completamente satisfecho con tu compra. Aunque esperamos que te encanten tu camiseta Vital Beat y tu Shield.<\/p>\n<p><strong>Condiciones para la devoluci\u00f3n<\/strong><br \/>\nPara poder realizar una devoluci\u00f3n o un cambio:<\/p>\n<ul>\n<li>Debes notific\u00e1rnoslo en un plazo de 100 d\u00edas desde la entrega<\/li>\n<li>El producto no debe presentar da\u00f1os graves<\/li>\n<li>El producto debe devolverse en condiciones razonables<\/li>\n<\/ul>\n<p>La fecha de entrega que se tiene en cuenta para determinar la elegibilidad es la que figura en la informaci\u00f3n de seguimiento.<\/p>\n<p><strong>Instrucciones importantes para devoluciones<\/strong><br \/>\nPonte en contacto con nosotros antes de devolver cualquier art\u00edculo.<\/p>\n<p>Devolver productos sin contacto previo puede dar lugar a:<\/p>\n<ul>\n<li>Direcciones de env\u00edo incorrectas<\/li>\n<li>Problemas aduaneros<\/li>\n<li>Costes adicionales<\/li>\n<\/ul>\n<p>Cualquier coste adicional causado por devoluciones incorrectas podr\u00e1 deducirse de tu reembolso.<\/p>\n<p><strong>Gastos de env\u00edo de la devoluci\u00f3n<\/strong><br \/>\nLos clientes deben hacerse cargo de los gastos de env\u00edo de la devoluci\u00f3n. Somos una peque\u00f1a empresa familiar y, lamentablemente, no podemos ofrecer etiquetas de devoluci\u00f3n gratuitas. Recomendamos utilizar la opci\u00f3n de env\u00edo m\u00e1s econ\u00f3mica que incluya seguimiento.<\/p>\n<p><strong>Cambios<\/strong><br \/>\nSi ha pedido una talla incorrecta:<\/p>\n<ul>\n<li>P\u00f3ngase en contacto con nosotros y le ayudaremos a encontrar la talla correcta.<\/li>\n<li>Usted paga los gastos de env\u00edo de la devoluci\u00f3n.<\/li>\n<li>Nosotros cubrimos los gastos de env\u00edo del art\u00edculo de sustituci\u00f3n.<\/li>\n<\/ul>\n<p>El art\u00edculo de sustituci\u00f3n se enviar\u00e1 una vez que hayamos recibido y revisado el producto devuelto. Enviamos nuestros productos a todo el mundo.<\/p>\n<p><strong>*Soluciones a medida<\/strong><br \/>\nSi la ubicaci\u00f3n de su dispositivo no es est\u00e1ndar y creamos una camiseta a medida, se aplican normas diferentes.<\/p>\n<ul>\n<li>En caso de devoluci\u00f3n, es posible que no reembolsemos el importe \u00edntegro y\/o que cobremos gastos de env\u00edo adicionales.<\/li>\n<li>En caso de cambio, pueden aplicarse tasas adicionales y\/o gastos de env\u00edo.<\/li>\n<li>Esto depende del motivo de la devoluci\u00f3n (por ejemplo, medidas incorrectas facilitadas por el cliente).<\/li>\n<\/ul>\n<p>Todas las condiciones de devoluci\u00f3n o cambio de productos a medida se discutir\u00e1n y acordar\u00e1n siempre de antemano.[\/vc_column_text][\/vc_column][\/vc_row][vc_row][vc_column][vc_separator color=\u00bbcustom\u00bb border_width=\u00bb2&#8243; css=\u00bb\u00bb accent_color=\u00bb#C12026&#8243; wd_hide_on_desktop=\u00bbno\u00bb wd_hide_on_tablet=\u00bbno\u00bb wd_hide_on_mobile=\u00bbno\u00bb][\/vc_column][\/vc_row][vc_row el_id=\u00bbreembolsos\u00bb woodmart_css_id=\u00bb69dcea6c68050&#8243; responsive_spacing=\u00bbeyJwYXJhbV90eXBlIjoid29vZG1hcnRfcmVzcG9uc2l2ZV9zcGFjaW5nIiwic2VsZWN0b3JfaWQiOiI2OWRjZWE2YzY4MDUwIiwic2hvcnRjb2RlIjoidmNfcm93IiwiZGF0YSI6eyJ0YWJsZXQiOnt9LCJtb2JpbGUiOnt9fX0=\u00bb mobile_bg_img_hidden=\u00bbno\u00bb tablet_bg_img_hidden=\u00bbno\u00bb woodmart_parallax=\u00bb0&#8243; woodmart_gradient_switch=\u00bbno\u00bb woodmart_box_shadow=\u00bbno\u00bb wd_z_index=\u00bbno\u00bb woodmart_disable_overflow=\u00bb0&#8243; row_reverse_mobile=\u00bb0&#8243; row_reverse_tablet=\u00bb0&#8243;][vc_column][vc_column_text css=\u00bb\u00bb woodmart_inline=\u00bbno\u00bb text_larger=\u00bbno\u00bb]<\/p>\n<h2>Reembolsos<\/h2>\n<p>Una vez que hayamos recibido y revisado el producto devuelto, tramitaremos tu reembolso.<\/p>\n<p>Los reembolsos se realizan a trav\u00e9s del mismo m\u00e9todo de pago utilizado en el momento de la compra.<\/p>\n<p>Una vez que hayamos confirmado tu devoluci\u00f3n por correo electr\u00f3nico:<\/p>\n<ul>\n<li>El reembolso se tramitar\u00e1 en un plazo de 3 d\u00edas laborables.<\/li>\n<li>Es posible que el reembolso tarde unos d\u00edas m\u00e1s en aparecer en el extracto de tu cuenta bancaria o de tu tarjeta de cr\u00e9dito.<\/li>\n<\/ul>\n<p>Los reembolsos solo se realizan una vez que se han recibido y verificado los productos devueltos.[\/vc_column_text][\/vc_column][\/vc_row][vc_row][vc_column][vc_separator color=\u00bbcustom\u00bb border_width=\u00bb2&#8243; css=\u00bb\u00bb accent_color=\u00bb#C12026&#8243; wd_hide_on_desktop=\u00bbno\u00bb wd_hide_on_tablet=\u00bbno\u00bb wd_hide_on_mobile=\u00bbno\u00bb][\/vc_column][\/vc_row][vc_row el_id=\u00bbgarantia\u00bb woodmart_css_id=\u00bb69dcea7613a20&#8243; responsive_spacing=\u00bbeyJwYXJhbV90eXBlIjoid29vZG1hcnRfcmVzcG9uc2l2ZV9zcGFjaW5nIiwic2VsZWN0b3JfaWQiOiI2OWRjZWE3NjEzYTIwIiwic2hvcnRjb2RlIjoidmNfcm93IiwiZGF0YSI6eyJ0YWJsZXQiOnt9LCJtb2JpbGUiOnt9fX0=\u00bb mobile_bg_img_hidden=\u00bbno\u00bb tablet_bg_img_hidden=\u00bbno\u00bb woodmart_parallax=\u00bb0&#8243; woodmart_gradient_switch=\u00bbno\u00bb woodmart_box_shadow=\u00bbno\u00bb wd_z_index=\u00bbno\u00bb woodmart_disable_overflow=\u00bb0&#8243; row_reverse_mobile=\u00bb0&#8243; row_reverse_tablet=\u00bb0&#8243;][vc_column][vc_column_text css=\u00bb\u00bb woodmart_inline=\u00bbno\u00bb text_larger=\u00bbno\u00bb]<\/p>\n<h2>Garant\u00eda<\/h2>\n<p>Queremos que recibas un producto que cumpla con nuestros est\u00e1ndares de calidad.<\/p>\n<p>Todos los productos est\u00e1n cubiertos por una garant\u00eda de 1 a\u00f1o contra defectos de materiales o de fabricaci\u00f3n.<\/p>\n<p>La garant\u00eda no cubre:<\/p>\n<ul>\n<li>Desgaste normal<\/li>\n<li>Uso inadecuado o mal manejo<\/li>\n<li>Abuso o da\u00f1os inusuales<\/li>\n<li>Da\u00f1os est\u00e9ticos que no afecten al funcionamiento<\/li>\n<\/ul>\n<p>Cada caso de garant\u00eda se eval\u00faa de forma individual.<br \/>\nSi cree que su producto tiene un defecto, p\u00f3ngase en contacto con nosotros y le ayudaremos a resolver el problema.[\/vc_column_text][\/vc_column][\/vc_row]<\/p>\n<\/div>","protected":false},"excerpt":{"rendered":"<p>[vc_row][vc_column][vc_column_text css=\u00bb\u00bb woodmart_inline=\u00bbno\u00bb text_larger=\u00bbno\u00bb]Haz clic para ir directamente a: Devoluciones y cambios Reembolsos Garant\u00eda[\/vc_column_text][\/vc_column][\/vc_row][vc_row][vc_column][vc_separator color=\u00bbcustom\u00bb border_width=\u00bb2&#8243; css=\u00bb\u00bb accent_color=\u00bb#C12026&#8243; wd_hide_on_desktop=\u00bbno\u00bb wd_hide_on_tablet=\u00bbno\u00bb<\/p>\n","protected":false},"author":4,"featured_media":0,"parent":0,"menu_order":0,"comment_status":"closed","ping_status":"closed","template":"","meta":{"footnotes":""},"class_list":["post-3140","page","type-page","status-publish","hentry"],"yoast_head":"<!-- This site is optimized with the Yoast SEO plugin v27.4 - https:\/\/yoast.com\/product\/yoast-seo-wordpress\/ -->\n<title>Pedidos - Vital Beat ES<\/title>\n<meta name=\"robots\" content=\"index, follow, max-snippet:-1, max-image-preview:large, max-video-preview:-1\" \/>\n<link rel=\"canonical\" href=\"https:\/\/vitalbeat.com\/es\/pedidos\/\" \/>\n<meta property=\"og:locale\" content=\"es_ES\" \/>\n<meta property=\"og:type\" content=\"article\" \/>\n<meta property=\"og:title\" content=\"Pedidos - Vital Beat ES\" \/>\n<meta property=\"og:description\" content=\"[vc_row][vc_column][vc_column_text css=\u00bb\u00bb woodmart_inline=\u00bbno\u00bb text_larger=\u00bbno\u00bb]Haz clic para ir directamente a: Devoluciones y cambios Reembolsos Garant\u00eda[\/vc_column_text][\/vc_column][\/vc_row][vc_row][vc_column][vc_separator color=\u00bbcustom\u00bb border_width=\u00bb2&#8243; css=\u00bb\u00bb accent_color=\u00bb#C12026&#8243; wd_hide_on_desktop=\u00bbno\u00bb wd_hide_on_tablet=\u00bbno\u00bb\" \/>\n<meta property=\"og:url\" content=\"https:\/\/vitalbeat.com\/es\/pedidos\/\" \/>\n<meta property=\"og:site_name\" content=\"Vital Beat ES\" \/>\n<meta property=\"article:modified_time\" content=\"2026-04-13T13:09:06+00:00\" \/>\n<meta name=\"twitter:card\" content=\"summary_large_image\" \/>\n<meta name=\"twitter:label1\" content=\"Tiempo de lectura\" \/>\n\t<meta name=\"twitter:data1\" content=\"3 minutos\" \/>\n<script type=\"application\/ld+json\" class=\"yoast-schema-graph\">{\"@context\":\"https:\\\/\\\/schema.org\",\"@graph\":[{\"@type\":\"WebPage\",\"@id\":\"https:\\\/\\\/vitalbeat.com\\\/es\\\/pedidos\\\/\",\"url\":\"https:\\\/\\\/vitalbeat.com\\\/es\\\/pedidos\\\/\",\"name\":\"Pedidos - Vital Beat ES\",\"isPartOf\":{\"@id\":\"https:\\\/\\\/vitalbeat.com\\\/es\\\/#website\"},\"datePublished\":\"2026-04-13T13:06:00+00:00\",\"dateModified\":\"2026-04-13T13:09:06+00:00\",\"breadcrumb\":{\"@id\":\"https:\\\/\\\/vitalbeat.com\\\/es\\\/pedidos\\\/#breadcrumb\"},\"inLanguage\":\"es\",\"potentialAction\":[{\"@type\":\"ReadAction\",\"target\":[\"https:\\\/\\\/vitalbeat.com\\\/es\\\/pedidos\\\/\"]}]},{\"@type\":\"BreadcrumbList\",\"@id\":\"https:\\\/\\\/vitalbeat.com\\\/es\\\/pedidos\\\/#breadcrumb\",\"itemListElement\":[{\"@type\":\"ListItem\",\"position\":1,\"name\":\"Home\",\"item\":\"https:\\\/\\\/vitalbeat.com\\\/es\\\/\"},{\"@type\":\"ListItem\",\"position\":2,\"name\":\"Pedidos\"}]},{\"@type\":\"WebSite\",\"@id\":\"https:\\\/\\\/vitalbeat.com\\\/es\\\/#website\",\"url\":\"https:\\\/\\\/vitalbeat.com\\\/es\\\/\",\"name\":\"Vital Beat ES\",\"description\":\"Protection and comfort\",\"potentialAction\":[{\"@type\":\"SearchAction\",\"target\":{\"@type\":\"EntryPoint\",\"urlTemplate\":\"https:\\\/\\\/vitalbeat.com\\\/es\\\/?s={search_term_string}\"},\"query-input\":{\"@type\":\"PropertyValueSpecification\",\"valueRequired\":true,\"valueName\":\"search_term_string\"}}],\"inLanguage\":\"es\"}]}<\/script>\n<!-- \/ Yoast SEO plugin. -->","yoast_head_json":{"title":"Pedidos - Vital Beat ES","robots":{"index":"index","follow":"follow","max-snippet":"max-snippet:-1","max-image-preview":"max-image-preview:large","max-video-preview":"max-video-preview:-1"},"canonical":"https:\/\/vitalbeat.com\/es\/pedidos\/","og_locale":"es_ES","og_type":"article","og_title":"Pedidos - Vital Beat ES","og_description":"[vc_row][vc_column][vc_column_text css=\u00bb\u00bb woodmart_inline=\u00bbno\u00bb text_larger=\u00bbno\u00bb]Haz clic para ir directamente a: Devoluciones y cambios Reembolsos Garant\u00eda[\/vc_column_text][\/vc_column][\/vc_row][vc_row][vc_column][vc_separator color=\u00bbcustom\u00bb border_width=\u00bb2&#8243; css=\u00bb\u00bb accent_color=\u00bb#C12026&#8243; wd_hide_on_desktop=\u00bbno\u00bb wd_hide_on_tablet=\u00bbno\u00bb","og_url":"https:\/\/vitalbeat.com\/es\/pedidos\/","og_site_name":"Vital Beat ES","article_modified_time":"2026-04-13T13:09:06+00:00","twitter_card":"summary_large_image","twitter_misc":{"Tiempo de lectura":"3 minutos"},"schema":{"@context":"https:\/\/schema.org","@graph":[{"@type":"WebPage","@id":"https:\/\/vitalbeat.com\/es\/pedidos\/","url":"https:\/\/vitalbeat.com\/es\/pedidos\/","name":"Pedidos - Vital Beat ES","isPartOf":{"@id":"https:\/\/vitalbeat.com\/es\/#website"},"datePublished":"2026-04-13T13:06:00+00:00","dateModified":"2026-04-13T13:09:06+00:00","breadcrumb":{"@id":"https:\/\/vitalbeat.com\/es\/pedidos\/#breadcrumb"},"inLanguage":"es","potentialAction":[{"@type":"ReadAction","target":["https:\/\/vitalbeat.com\/es\/pedidos\/"]}]},{"@type":"BreadcrumbList","@id":"https:\/\/vitalbeat.com\/es\/pedidos\/#breadcrumb","itemListElement":[{"@type":"ListItem","position":1,"name":"Home","item":"https:\/\/vitalbeat.com\/es\/"},{"@type":"ListItem","position":2,"name":"Pedidos"}]},{"@type":"WebSite","@id":"https:\/\/vitalbeat.com\/es\/#website","url":"https:\/\/vitalbeat.com\/es\/","name":"Vital Beat ES","description":"Protection and comfort","potentialAction":[{"@type":"SearchAction","target":{"@type":"EntryPoint","urlTemplate":"https:\/\/vitalbeat.com\/es\/?s={search_term_string}"},"query-input":{"@type":"PropertyValueSpecification","valueRequired":true,"valueName":"search_term_string"}}],"inLanguage":"es"}]}},"jetpack_sharing_enabled":true,"_links":{"self":[{"href":"https:\/\/vitalbeat.com\/es\/wp-json\/wp\/v2\/pages\/3140","targetHints":{"allow":["GET"]}}],"collection":[{"href":"https:\/\/vitalbeat.com\/es\/wp-json\/wp\/v2\/pages"}],"about":[{"href":"https:\/\/vitalbeat.com\/es\/wp-json\/wp\/v2\/types\/page"}],"author":[{"embeddable":true,"href":"https:\/\/vitalbeat.com\/es\/wp-json\/wp\/v2\/users\/4"}],"replies":[{"embeddable":true,"href":"https:\/\/vitalbeat.com\/es\/wp-json\/wp\/v2\/comments?post=3140"}],"version-history":[{"count":3,"href":"https:\/\/vitalbeat.com\/es\/wp-json\/wp\/v2\/pages\/3140\/revisions"}],"predecessor-version":[{"id":3144,"href":"https:\/\/vitalbeat.com\/es\/wp-json\/wp\/v2\/pages\/3140\/revisions\/3144"}],"wp:attachment":[{"href":"https:\/\/vitalbeat.com\/es\/wp-json\/wp\/v2\/media?parent=3140"}],"curies":[{"name":"wp","href":"https:\/\/api.w.org\/{rel}","templated":true}]}}