{"id":33,"date":"2020-02-21T12:16:44","date_gmt":"2020-02-21T12:16:44","guid":{"rendered":"http:\/\/vitalbeat.com\/?page_id=33"},"modified":"2025-07-11T15:41:34","modified_gmt":"2025-07-11T15:41:34","slug":"contacta-con-vital-beat","status":"publish","type":"page","link":"https:\/\/vitalbeat.com\/es\/contacta-con-vital-beat\/","title":{"rendered":"Contacta con Vital Beat"},"content":{"rendered":"<div class=\"wpb-content-wrapper\"><p>[vc_row][vc_column][vc_column_text text_larger=\u00bbno\u00bb woodmart_inline=\u00bbno\u00bb]<\/p>\n<h1>Contacta con Vital Beat<\/h1>\n<p>[\/vc_column_text][\/vc_column][\/vc_row][vc_row][vc_column][vc_column_text text_larger=\u00bbno\u00bb woodmart_inline=\u00bbno\u00bb]Vital Beat estar\u00e1 encantado de responder a todas sus preguntas. Puede encontrar la respuesta a las preguntas m\u00e1s frecuentes en nuestras FAQ.<\/p>\n<p>Si tiene alguna otra pregunta o si desea asistencia, no dude en ponerse en contacto con nosotros.<\/p>\n<p>Puede ponerse en contacto con nosotros a trav\u00e9s de WhatsApp, tel\u00e9fono o correo electr\u00f3nico. Haremos todo lo posible por responderle lo antes posible. Tenemos nuestra sede en los Pa\u00edses Bajos y operamos en GMT +1, si no respondemos inmediatamente probablemente estemos durmiendo.<\/p>\n<p>Siempre puedes enviarnos un correo electr\u00f3nico con tu n\u00famero y nos pondremos en contacto contigo por WhatsApp o tel\u00e9fono tan pronto como podamos.[\/vc_column_text][vc_empty_space woodmart_hide_large=\u00bb0&#8243; woodmart_hide_medium=\u00bb0&#8243; woodmart_hide_small=\u00bb0&#8243; woodmart_hide_extra_small=\u00bb0&#8243;][\/vc_column][\/vc_row][vc_row css=\u00bb.vc_custom_1589459230395{background-color: rgba(188,188,188,0.3) !important;*background-color: rgb(188,188,188) !important;}\u00bb mobile_bg_img_hidden=\u00bbno\u00bb tablet_bg_img_hidden=\u00bbno\u00bb woodmart_parallax=\u00bb0&#8243; woodmart_gradient_switch=\u00bbno\u00bb row_reverse_mobile=\u00bb0&#8243; row_reverse_tablet=\u00bb0&#8243; woodmart_disable_overflow=\u00bb0&#8243;][vc_column width=\u00bb1\/4&#8243;][vc_single_image image=\u00bb968&#8243; img_size=\u00bb70&#215;70&#8243; parallax_scroll=\u00bbno\u00bb][vc_column_text css=\u00bb\u00bb text_larger=\u00bbno\u00bb woodmart_inline=\u00bbno\u00bb]<\/p>\n<h3>Env\u00edanos un Whatsapp a:<\/h3>\n<p><a href=\"https:\/\/wa.me\/31651141454\" target=\"_blank\" rel=\"noopener\"><strong>+31 6 51 14 14 54<\/strong><\/a>[\/vc_column_text][\/vc_column][vc_column width=\u00bb1\/4&#8243;][vc_single_image image=\u00bb968&#8243; img_size=\u00bb70&#215;70&#8243; parallax_scroll=\u00bbno\u00bb][vc_column_text css=\u00bb\u00bb text_larger=\u00bbno\u00bb woodmart_inline=\u00bbno\u00bb]<\/p>\n<h3>Env\u00edanos un iMessage a:<\/h3>\n<p><a href=\"sms:+31651141454\" target=\"_blank\" rel=\"noopener\"><strong>+31 6 51 14 14 54<\/strong><\/a>[\/vc_column_text][\/vc_column][vc_column width=\u00bb1\/4&#8243;][vc_single_image image=\u00bb967&#8243; img_size=\u00bb70&#215;70&#8243; parallax_scroll=\u00bbno\u00bb][vc_column_text css=\u00bb\u00bb text_larger=\u00bbno\u00bb woodmart_inline=\u00bbno\u00bb]Tambi\u00e9n estamos disponibles para llamadas telef\u00f3nicas o videollamadas por WhatsApp y FaceTime. Puede usar los n\u00fameros indicados arriba.[\/vc_column_text][\/vc_column][vc_column width=\u00bb1\/4&#8243;][vc_single_image image=\u00bb1156&#8243; img_size=\u00bb70&#215;70&#8243; onclick=\u00bbcustom_link\u00bb parallax_scroll=\u00bbno\u00bb link=\u00bbhttp:\/\/m.me\/Vitalbeatprotection\u00bb][vc_column_text text_larger=\u00bbno\u00bb woodmart_inline=\u00bbno\u00bb]Env\u00edanos un mensaje en Facebook Messenger<\/p>\n<p><strong><a href=\"http:\/\/m.me\/Vitalbeatprotection\">Message Vital Beat<\/a><\/strong>[\/vc_column_text][\/vc_column][\/vc_row][vc_row][vc_column width=\u00bb1\/6&#8243;][vc_single_image image=\u00bb966&#8243; img_size=\u00bb70&#215;70&#8243; parallax_scroll=\u00bbno\u00bb][\/vc_column][vc_column width=\u00bb2\/3&#8243;][vc_column_text text_larger=\u00bbno\u00bb woodmart_inline=\u00bbno\u00bb]<\/p>\n<h3 style=\"text-align: left;\">Env\u00edenos un correo electr\u00f3nico rellenando el formulario de contacto siguiente<\/h3>\n<p>[\/vc_column_text][\/vc_column][vc_column width=\u00bb1\/6&#8243;][\/vc_column][\/vc_row][vc_row][vc_column]\n<div class=\"wpcf7 no-js\" id=\"wpcf7-f554-o1\" lang=\"en-US\" dir=\"ltr\" data-wpcf7-id=\"554\">\n<div class=\"screen-reader-response\"><p role=\"status\" aria-live=\"polite\" aria-atomic=\"true\"><\/p> <ul><\/ul><\/div>\n<form action=\"\/es\/wp-json\/wp\/v2\/pages\/33#wpcf7-f554-o1\" method=\"post\" class=\"wpcf7-form init\" aria-label=\"Contact form\" novalidate=\"novalidate\" data-status=\"init\">\n<fieldset class=\"hidden-fields-container\"><input type=\"hidden\" name=\"_wpcf7\" value=\"554\" \/><input type=\"hidden\" name=\"_wpcf7_version\" value=\"6.1.5\" \/><input type=\"hidden\" name=\"_wpcf7_locale\" value=\"en_US\" \/><input type=\"hidden\" name=\"_wpcf7_unit_tag\" value=\"wpcf7-f554-o1\" \/><input type=\"hidden\" name=\"_wpcf7_container_post\" value=\"0\" \/><input type=\"hidden\" name=\"_wpcf7_posted_data_hash\" value=\"\" \/><input type=\"hidden\" name=\"_wpcf7_recaptcha_response\" value=\"\" \/>\n<\/fieldset>\n<p><label> Su nombre (required)<br \/>\n<span class=\"wpcf7-form-control-wrap\" data-name=\"your-name\"><input size=\"40\" maxlength=\"400\" class=\"wpcf7-form-control wpcf7-text wpcf7-validates-as-required\" aria-required=\"true\" aria-invalid=\"false\" value=\"\" type=\"text\" name=\"your-name\" \/><\/span> <\/label>\n<\/p>\n<p><label> Sujeta<br \/>\n<span class=\"wpcf7-form-control-wrap\" data-name=\"your-subject\"><input size=\"40\" maxlength=\"400\" class=\"wpcf7-form-control wpcf7-text\" aria-invalid=\"false\" value=\"\" type=\"text\" name=\"your-subject\" \/><\/span> <\/label>\n<\/p>\n<p><label> Tu mensaje<br \/>\n<span class=\"wpcf7-form-control-wrap\" data-name=\"your-message\"><textarea cols=\"40\" rows=\"10\" maxlength=\"2000\" class=\"wpcf7-form-control wpcf7-textarea\" aria-invalid=\"false\" name=\"your-message\"><\/textarea><\/span> <\/label>\n<\/p>\n<p><label> Pa\u00eds<br \/>\n<span class=\"wpcf7-form-control-wrap\" data-name=\"your-subject\"><input size=\"40\" maxlength=\"400\" class=\"wpcf7-form-control wpcf7-text\" aria-invalid=\"false\" value=\"\" type=\"text\" name=\"your-subject\" \/><\/span> <\/label>\n<\/p>\n<p><label> N\u00famero de tel\u00e9fono<br \/>\n<span class=\"wpcf7-form-control-wrap\" data-name=\"tel-551\"><input size=\"40\" maxlength=\"400\" class=\"wpcf7-form-control wpcf7-tel wpcf7-text wpcf7-validates-as-tel\" aria-invalid=\"false\" value=\"\" type=\"tel\" name=\"tel-551\" \/><\/span><\/label>\n<\/p>\n<p><label> Tu correo electr\u00f3nico (required)<br \/>\n<span class=\"wpcf7-form-control-wrap\" data-name=\"your-email\"><input size=\"40\" maxlength=\"400\" class=\"wpcf7-form-control wpcf7-email wpcf7-validates-as-required wpcf7-text wpcf7-validates-as-email\" aria-required=\"true\" aria-invalid=\"false\" value=\"\" type=\"email\" name=\"your-email\" \/><\/span> <\/label>\n<\/p>\n<p><input class=\"wpcf7-form-control wpcf7-submit has-spinner\" type=\"submit\" value=\"Enviar\" \/>\n<\/p><input type='hidden' class='wpcf7-pum' value='{\"closepopup\":false,\"closedelay\":0,\"openpopup\":false,\"openpopup_id\":0}' \/><div class=\"wpcf7-response-output\" aria-hidden=\"true\"><\/div>\n<\/form>\n<\/div>\n[vc_empty_space woodmart_hide_large=\u00bb0&#8243; woodmart_hide_medium=\u00bb0&#8243; woodmart_hide_small=\u00bb0&#8243; woodmart_hide_extra_small=\u00bb0&#8243;][\/vc_column][\/vc_row][vc_row][vc_column][vc_column_text text_larger=\u00bbno\u00bb]<\/p>\n<h3>Vital Beat B.V.<\/h3>\n<p>[\/vc_column_text][vc_separator color=\u00bbcustom\u00bb border_width=\u00bb3&#8243; accent_color=\u00bb#c10016&#8243;][\/vc_column][\/vc_row][vc_row][vc_column width=\u00bb1\/3&#8243;][vc_column_text css=\u00bb\u00bb text_larger=\u00bbno\u00bb woodmart_inline=\u00bbno\u00bb]<\/p>\n<h5 class=\"widget-title\">Vital Beat Export B.V.<br \/>\nAmbachtstraat 36A-27<br \/>\n7622 AP, Borne<br \/>\nPa\u00edses Bajos<\/h5>\n<p>\u00a1No utilice esta direcci\u00f3n para env\u00edos![\/vc_column_text][\/vc_column][vc_column width=\u00bb1\/3&#8243;][vc_column_text css=\u00bb\u00bb text_larger=\u00bbno\u00bb woodmart_inline=\u00bbno\u00bb]<\/p>\n<div class=\"textwidget\">\n<p>Internet:\u00a0<a href=\"https:\/\/vitalbeat.com\/es\/\" target=\"_blank\" rel=\"noopener noreferrer\" data-saferedirecturl=\"https:\/\/www.google.com\/url?q=http:\/\/www.vitalbeat.me&amp;source=gmail&amp;ust=1582658854509000&amp;usg=AFQjCNF7jykw-FMuMO78pQ1Dfe5Svibcyw\">www.vitalbeat.com<\/a><br \/>\nE-mail: <a href=\"mailto:info@vitalbeat.com\">info@vitalbeat.com<\/a><br \/>\nWhatsApp:\u00a0<a href=\"https:\/\/wa.me\/31651141454\">+31 (0) 6 5114 1454<\/a><br \/>\niMessage:\u00a0<a href=\"sms:31651141454\">+31 (0) 6 5114 1454<\/a><\/p>\n<\/div>\n<p>[\/vc_column_text][\/vc_column][vc_column width=\u00bb1\/3&#8243;][vc_column_text css=\u00bb\u00bb text_larger=\u00bbno\u00bb woodmart_inline=\u00bbno\u00bb]<\/p>\n<div class=\"textwidget\">\n<p>CdC: 82886989<br \/>\nIVA: NL827404955B01<br \/>\nIBAN: NL06 KNAB 0407 7659 72<br \/>\nBIC: KNABNL2H<\/p>\n<\/div>\n<p>[\/vc_column_text][\/vc_column][\/vc_row]<\/p>\n<\/div>","protected":false},"excerpt":{"rendered":"<p>[vc_row][vc_column][vc_column_text text_larger=\u00bbno\u00bb woodmart_inline=\u00bbno\u00bb] Contacta con Vital Beat [\/vc_column_text][\/vc_column][\/vc_row][vc_row][vc_column][vc_column_text text_larger=\u00bbno\u00bb woodmart_inline=\u00bbno\u00bb]Vital Beat estar\u00e1 encantado de responder a todas sus preguntas. Puede<\/p>\n","protected":false},"author":2,"featured_media":0,"parent":0,"menu_order":0,"comment_status":"closed","ping_status":"closed","template":"","meta":{"footnotes":""},"class_list":["post-33","page","type-page","status-publish","hentry"],"yoast_head":"<!-- This site is optimized with the Yoast SEO plugin v27.5 - https:\/\/yoast.com\/product\/yoast-seo-wordpress\/ -->\n<title>Contacta con Vital Beat - Vital Beat ES<\/title>\n<meta name=\"description\" content=\"Env\u00edenos un correo electr\u00f3nico rellenando el formulario de contacto siguiente\" \/>\n<meta name=\"robots\" content=\"index, follow, max-snippet:-1, max-image-preview:large, max-video-preview:-1\" \/>\n<link rel=\"canonical\" href=\"https:\/\/vitalbeat.com\/es\/contacta-con-vital-beat\/\" \/>\n<meta property=\"og:locale\" content=\"es_ES\" \/>\n<meta property=\"og:type\" content=\"article\" \/>\n<meta property=\"og:title\" content=\"Contacta con Vital Beat - Vital Beat ES\" \/>\n<meta property=\"og:description\" content=\"Env\u00edenos un correo electr\u00f3nico rellenando el formulario de contacto siguiente\" \/>\n<meta property=\"og:url\" content=\"https:\/\/vitalbeat.com\/es\/contacta-con-vital-beat\/\" \/>\n<meta property=\"og:site_name\" content=\"Vital Beat ES\" \/>\n<meta property=\"article:modified_time\" content=\"2025-07-11T15:41:34+00:00\" \/>\n<meta name=\"twitter:card\" content=\"summary_large_image\" \/>\n<meta name=\"twitter:label1\" content=\"Tiempo de lectura\" \/>\n\t<meta name=\"twitter:data1\" content=\"2 minutos\" \/>\n<script type=\"application\/ld+json\" class=\"yoast-schema-graph\">{\"@context\":\"https:\\\/\\\/schema.org\",\"@graph\":[{\"@type\":\"WebPage\",\"@id\":\"https:\\\/\\\/vitalbeat.com\\\/es\\\/contacta-con-vital-beat\\\/\",\"url\":\"https:\\\/\\\/vitalbeat.com\\\/es\\\/contacta-con-vital-beat\\\/\",\"name\":\"Contacta con Vital Beat - Vital Beat ES\",\"isPartOf\":{\"@id\":\"https:\\\/\\\/vitalbeat.com\\\/es\\\/#website\"},\"datePublished\":\"2020-02-21T12:16:44+00:00\",\"dateModified\":\"2025-07-11T15:41:34+00:00\",\"description\":\"Env\u00edenos un correo electr\u00f3nico rellenando el formulario de contacto siguiente\",\"breadcrumb\":{\"@id\":\"https:\\\/\\\/vitalbeat.com\\\/es\\\/contacta-con-vital-beat\\\/#breadcrumb\"},\"inLanguage\":\"es\",\"potentialAction\":[{\"@type\":\"ReadAction\",\"target\":[\"https:\\\/\\\/vitalbeat.com\\\/es\\\/contacta-con-vital-beat\\\/\"]}]},{\"@type\":\"BreadcrumbList\",\"@id\":\"https:\\\/\\\/vitalbeat.com\\\/es\\\/contacta-con-vital-beat\\\/#breadcrumb\",\"itemListElement\":[{\"@type\":\"ListItem\",\"position\":1,\"name\":\"Home\",\"item\":\"https:\\\/\\\/vitalbeat.com\\\/es\\\/\"},{\"@type\":\"ListItem\",\"position\":2,\"name\":\"Contacta con Vital Beat\"}]},{\"@type\":\"WebSite\",\"@id\":\"https:\\\/\\\/vitalbeat.com\\\/es\\\/#website\",\"url\":\"https:\\\/\\\/vitalbeat.com\\\/es\\\/\",\"name\":\"Vital Beat ES\",\"description\":\"Protection and comfort\",\"potentialAction\":[{\"@type\":\"SearchAction\",\"target\":{\"@type\":\"EntryPoint\",\"urlTemplate\":\"https:\\\/\\\/vitalbeat.com\\\/es\\\/?s={search_term_string}\"},\"query-input\":{\"@type\":\"PropertyValueSpecification\",\"valueRequired\":true,\"valueName\":\"search_term_string\"}}],\"inLanguage\":\"es\"}]}<\/script>\n<!-- \/ Yoast SEO plugin. -->","yoast_head_json":{"title":"Contacta con Vital Beat - Vital Beat ES","description":"Env\u00edenos un correo electr\u00f3nico rellenando el formulario de contacto siguiente","robots":{"index":"index","follow":"follow","max-snippet":"max-snippet:-1","max-image-preview":"max-image-preview:large","max-video-preview":"max-video-preview:-1"},"canonical":"https:\/\/vitalbeat.com\/es\/contacta-con-vital-beat\/","og_locale":"es_ES","og_type":"article","og_title":"Contacta con Vital Beat - Vital Beat ES","og_description":"Env\u00edenos un correo electr\u00f3nico rellenando el formulario de contacto siguiente","og_url":"https:\/\/vitalbeat.com\/es\/contacta-con-vital-beat\/","og_site_name":"Vital Beat ES","article_modified_time":"2025-07-11T15:41:34+00:00","twitter_card":"summary_large_image","twitter_misc":{"Tiempo de lectura":"2 minutos"},"schema":{"@context":"https:\/\/schema.org","@graph":[{"@type":"WebPage","@id":"https:\/\/vitalbeat.com\/es\/contacta-con-vital-beat\/","url":"https:\/\/vitalbeat.com\/es\/contacta-con-vital-beat\/","name":"Contacta con Vital Beat - Vital Beat ES","isPartOf":{"@id":"https:\/\/vitalbeat.com\/es\/#website"},"datePublished":"2020-02-21T12:16:44+00:00","dateModified":"2025-07-11T15:41:34+00:00","description":"Env\u00edenos un correo electr\u00f3nico rellenando el formulario de contacto siguiente","breadcrumb":{"@id":"https:\/\/vitalbeat.com\/es\/contacta-con-vital-beat\/#breadcrumb"},"inLanguage":"es","potentialAction":[{"@type":"ReadAction","target":["https:\/\/vitalbeat.com\/es\/contacta-con-vital-beat\/"]}]},{"@type":"BreadcrumbList","@id":"https:\/\/vitalbeat.com\/es\/contacta-con-vital-beat\/#breadcrumb","itemListElement":[{"@type":"ListItem","position":1,"name":"Home","item":"https:\/\/vitalbeat.com\/es\/"},{"@type":"ListItem","position":2,"name":"Contacta con Vital Beat"}]},{"@type":"WebSite","@id":"https:\/\/vitalbeat.com\/es\/#website","url":"https:\/\/vitalbeat.com\/es\/","name":"Vital Beat ES","description":"Protection and comfort","potentialAction":[{"@type":"SearchAction","target":{"@type":"EntryPoint","urlTemplate":"https:\/\/vitalbeat.com\/es\/?s={search_term_string}"},"query-input":{"@type":"PropertyValueSpecification","valueRequired":true,"valueName":"search_term_string"}}],"inLanguage":"es"}]}},"_links":{"self":[{"href":"https:\/\/vitalbeat.com\/es\/wp-json\/wp\/v2\/pages\/33","targetHints":{"allow":["GET"]}}],"collection":[{"href":"https:\/\/vitalbeat.com\/es\/wp-json\/wp\/v2\/pages"}],"about":[{"href":"https:\/\/vitalbeat.com\/es\/wp-json\/wp\/v2\/types\/page"}],"author":[{"embeddable":true,"href":"https:\/\/vitalbeat.com\/es\/wp-json\/wp\/v2\/users\/2"}],"replies":[{"embeddable":true,"href":"https:\/\/vitalbeat.com\/es\/wp-json\/wp\/v2\/comments?post=33"}],"version-history":[{"count":14,"href":"https:\/\/vitalbeat.com\/es\/wp-json\/wp\/v2\/pages\/33\/revisions"}],"predecessor-version":[{"id":3069,"href":"https:\/\/vitalbeat.com\/es\/wp-json\/wp\/v2\/pages\/33\/revisions\/3069"}],"wp:attachment":[{"href":"https:\/\/vitalbeat.com\/es\/wp-json\/wp\/v2\/media?parent=33"}],"curies":[{"name":"wp","href":"https:\/\/api.w.org\/{rel}","templated":true}]}}