{"id":5,"date":"2020-02-19T21:15:12","date_gmt":"2020-02-19T21:15:12","guid":{"rendered":"http:\/\/vitalbeat.com\/?page_id=5"},"modified":"2026-04-14T09:18:37","modified_gmt":"2026-04-14T09:18:37","slug":"confort-proteccion-dispositivos-medicos","status":"publish","type":"page","link":"https:\/\/vitalbeat.com\/es\/","title":{"rendered":"Home"},"content":{"rendered":"<div class=\"wpb-content-wrapper\"><p>[vc_row][vc_column offset=\u00bbvc_hidden-lg vc_hidden-md\u00bb mobile_bg_img_hidden=\u00bbno\u00bb tablet_bg_img_hidden=\u00bbno\u00bb woodmart_parallax=\u00bb0&#8243; woodmart_sticky_column=\u00bbfalse\u00bb parallax_scroll=\u00bbno\u00bb mobile_reset_margin=\u00bbno\u00bb tablet_reset_margin=\u00bbno\u00bb][vc_custom_heading text=\u00bbProtecci\u00f3n y confort para dispositivos m\u00e9dicos\u00bb font_container=\u00bbtag:h1|font_size:30|text_align:center|color:%23253746&#8243; google_fonts=\u00bbfont_family:Montserrat%3Aregular%2C700|font_style:700%20bold%20regular%3A700%3Anormal\u00bb][vc_separator color=\u00bbcustom\u00bb border_width=\u00bb3&#8243; css=\u00bb.vc_custom_1584365131225{border-radius: 1px !important;}\u00bb accent_color=\u00bb#c10016&#8243;][\/vc_column][\/vc_row][vc_row][vc_column offset=\u00bbvc_hidden-sm vc_hidden-xs\u00bb mobile_bg_img_hidden=\u00bbno\u00bb tablet_bg_img_hidden=\u00bbno\u00bb woodmart_parallax=\u00bb0&#8243; woodmart_sticky_column=\u00bbfalse\u00bb parallax_scroll=\u00bbno\u00bb mobile_reset_margin=\u00bbno\u00bb tablet_reset_margin=\u00bbno\u00bb][vc_separator color=\u00bbcustom\u00bb border_width=\u00bb3&#8243; css=\u00bb.vc_custom_1584365131225{border-radius: 1px !important;}\u00bb accent_color=\u00bb#c10016&#8243;][vc_custom_heading text=\u00bbProtecci\u00f3n y confort para dispositivos m\u00e9dicos\u00bb font_container=\u00bbtag:h1|font_size:45|text_align:center|color:%23253746&#8243; google_fonts=\u00bbfont_family:Montserrat%3Aregular%2C700|font_style:700%20bold%20regular%3A700%3Anormal\u00bb][\/vc_column][\/vc_row][vc_row][vc_column offset=\u00bbvc_hidden-md vc_hidden-sm vc_hidden-xs\u00bb mobile_bg_img_hidden=\u00bbno\u00bb tablet_bg_img_hidden=\u00bbno\u00bb woodmart_parallax=\u00bb0&#8243; woodmart_sticky_column=\u00bbfalse\u00bb parallax_scroll=\u00bbno\u00bb mobile_reset_margin=\u00bbno\u00bb tablet_reset_margin=\u00bbno\u00bb][vc_empty_space woodmart_hide_large=\u00bb0&#8243; woodmart_hide_medium=\u00bb0&#8243; woodmart_hide_small=\u00bb0&#8243; woodmart_hide_extra_small=\u00bb0&#8243;][\/vc_column][\/vc_row][vc_row mobile_bg_img_hidden=\u00bbno\u00bb tablet_bg_img_hidden=\u00bbno\u00bb woodmart_parallax=\u00bb0&#8243; woodmart_gradient_switch=\u00bbno\u00bb row_reverse_mobile=\u00bb0&#8243; row_reverse_tablet=\u00bb0&#8243; woodmart_disable_overflow=\u00bb0&#8243;][vc_column width=\u00bb1\/2&#8243; offset=\u00bbvc_hidden-md vc_hidden-sm vc_hidden-xs\u00bb mobile_bg_img_hidden=\u00bbno\u00bb tablet_bg_img_hidden=\u00bbno\u00bb woodmart_parallax=\u00bb0&#8243; woodmart_sticky_column=\u00bbfalse\u00bb parallax_scroll=\u00bbno\u00bb mobile_reset_margin=\u00bbno\u00bb tablet_reset_margin=\u00bbno\u00bb][vc_column_text text_larger=\u00bbno\u00bb woodmart_inline=\u00bbno\u00bb]La implantaci\u00f3n de un dispositivo de protecci\u00f3n vital tiene un gran impacto en su vida. Aunque su finalidad es mantenerle sano y saludable, tiene un coste.<\/p>\n<p>Dolor, incomodidad, preocupaci\u00f3n constante e innumerables restricciones en su vida en cuanto a deportes, vacaciones y actividades de ocio.<\/p>\n<p>Vital Beat protecci\u00f3n y confort para dispositivos m\u00e9dicos le ayuda a usted y a los suyos a volver a disfrutar de la vida al m\u00e1ximo.[\/vc_column_text][vc_column_text text_larger=\u00bbno\u00bb woodmart_inline=\u00bbno\u00bb]<\/p>\n<h3>Disfruta de la vida como antes con Vital Beat<\/h3>\n<ul>\n<li><strong>\u00a0<\/strong><strong>Prot\u00e9gete durante tus actividades y deportes favoritos<\/strong><\/li>\n<li><strong>\u00a0Utiliza c\u00f3modamente el cintur\u00f3n de seguridad, la mochila y el\u00a0 \u00a0arn\u00e9s de seguridad<\/strong><\/li>\n<li><strong>\u00a0Disfrute de su tiempo libre y sus aficiones sin preocupaciones<\/strong><\/li>\n<\/ul>\n<p>[\/vc_column_text][\/vc_column][vc_column width=\u00bb1\/2&#8243; offset=\u00bbvc_hidden-md vc_hidden-sm vc_hidden-xs\u00bb mobile_bg_img_hidden=\u00bbno\u00bb tablet_bg_img_hidden=\u00bbno\u00bb woodmart_parallax=\u00bb0&#8243; woodmart_sticky_column=\u00bbfalse\u00bb parallax_scroll=\u00bbno\u00bb mobile_reset_margin=\u00bbno\u00bb tablet_reset_margin=\u00bbno\u00bb][vc_single_image image=\u00bb675&#8243; img_size=\u00bbfull\u00bb alignment=\u00bbcenter\u00bb parallax_scroll=\u00bbno\u00bb][\/vc_column][\/vc_row][vc_row][vc_column width=\u00bb1\/2&#8243; offset=\u00bbvc_hidden-lg\u00bb mobile_bg_img_hidden=\u00bbno\u00bb tablet_bg_img_hidden=\u00bbno\u00bb woodmart_parallax=\u00bb0&#8243; woodmart_sticky_column=\u00bbfalse\u00bb parallax_scroll=\u00bbno\u00bb mobile_reset_margin=\u00bbno\u00bb tablet_reset_margin=\u00bbno\u00bb][vc_single_image image=\u00bb675&#8243; img_size=\u00bbfull\u00bb alignment=\u00bbcenter\u00bb parallax_scroll=\u00bbno\u00bb][\/vc_column][vc_column width=\u00bb1\/2&#8243; offset=\u00bbvc_hidden-lg\u00bb mobile_bg_img_hidden=\u00bbno\u00bb tablet_bg_img_hidden=\u00bbno\u00bb woodmart_parallax=\u00bb0&#8243; woodmart_sticky_column=\u00bbfalse\u00bb parallax_scroll=\u00bbno\u00bb mobile_reset_margin=\u00bbno\u00bb tablet_reset_margin=\u00bbno\u00bb][vc_column_text text_larger=\u00bbno\u00bb woodmart_inline=\u00bbno\u00bb]<\/p>\n<h3>Disfruta de la vida como antes con Vital Beat<\/h3>\n<ul>\n<li><strong>Prot\u00e9gete durante tus actividades y deportes favoritos<\/strong><\/li>\n<li><strong>Utiliza c\u00f3modamente el cintur\u00f3n de seguridad, la mochila y el arn\u00e9s de seguridad<\/strong><\/li>\n<li><strong>Disfrute de su tiempo libre y sus aficiones sin preocupaciones<\/strong><\/li>\n<\/ul>\n<p>[\/vc_column_text][vc_column_text text_larger=\u00bbno\u00bb woodmart_inline=\u00bbno\u00bb]La implantaci\u00f3n de un dispositivo de protecci\u00f3n vital tiene un gran impacto en su vida. Aunque su finalidad es mantenerle sano y saludable, tiene un coste.<\/p>\n<p>Dolor, incomodidad, preocupaci\u00f3n constante e innumerables restricciones en su vida en cuanto a deportes, vacaciones y actividades de ocio.<\/p>\n<p>Vital Beat confort y protecci\u00f3n le ayuda a usted y a los suyos a volver a disfrutar de la vida al m\u00e1ximo[\/vc_column_text][\/vc_column][\/vc_row][vc_row][vc_column][\/vc_column][\/vc_row][vc_row full_width=\u00bbstretch_row\u00bb css=\u00bb.vc_custom_1588692602576{background-color: rgba(188,188,188,0.3) !important;*background-color: rgb(188,188,188) !important;}\u00bb mobile_bg_img_hidden=\u00bbno\u00bb tablet_bg_img_hidden=\u00bbno\u00bb woodmart_parallax=\u00bb0&#8243; woodmart_gradient_switch=\u00bbno\u00bb row_reverse_mobile=\u00bb0&#8243; row_reverse_tablet=\u00bb0&#8243; woodmart_disable_overflow=\u00bb0&#8243;][vc_column][vc_column_text text_larger=\u00bbno\u00bb woodmart_inline=\u00bbno\u00bb]<\/p>\n<h3 style=\"text-align: center;\">Descubra lo que Vital Beat protecci\u00f3n y confort puede ofrecerle haciendo clic en uno de los botones siguientes<\/h3>\n<p>[\/vc_column_text][vc_row_inner][vc_column_inner width=\u00bb1\/4&#8243;][vc_single_image image=\u00bb2740&#8243; img_size=\u00bblarge\u00bb alignment=\u00bbcenter\u00bb onclick=\u00bbcustom_link\u00bb css=\u00bb\u00bb link=\u00bb\/es\/marcapasos-proteccion\u00bb parallax_scroll=\u00bbno\u00bb woodmart_inline=\u00bbno\u00bb][\/vc_column_inner][vc_column_inner width=\u00bb1\/4&#8243;][vc_single_image image=\u00bb2738&#8243; img_size=\u00bblarge\u00bb alignment=\u00bbcenter\u00bb onclick=\u00bbcustom_link\u00bb css=\u00bb\u00bb link=\u00bb\/es\/icd-proteccion-y-confort-para-dai\u00bb parallax_scroll=\u00bbno\u00bb woodmart_inline=\u00bbno\u00bb][\/vc_column_inner][vc_column_inner width=\u00bb1\/4&#8243;][vc_single_image image=\u00bb702&#8243; img_size=\u00bblarge\u00bb alignment=\u00bbcenter\u00bb onclick=\u00bbcustom_link\u00bb css=\u00bb\u00bb link=\u00bbhttps:\/\/vitalbeat.com\/es\/s-icd-comfort-and-protection\/\u00bb parallax_scroll=\u00bbno\u00bb woodmart_inline=\u00bbno\u00bb][\/vc_column_inner][vc_column_inner width=\u00bb1\/4&#8243;][vc_single_image image=\u00bb2739&#8243; img_size=\u00bblarge\u00bb alignment=\u00bbcenter\u00bb onclick=\u00bbcustom_link\u00bb css=\u00bb\u00bb link=\u00bb\/proteccion-y-confort-para-ninos\u00bb parallax_scroll=\u00bbno\u00bb woodmart_inline=\u00bbno\u00bb][\/vc_column_inner][\/vc_row_inner][\/vc_column][\/vc_row][vc_row][vc_column][vc_separator color=\u00bbcustom\u00bb border_width=\u00bb3&#8243; accent_color=\u00bb#c10016&#8243;][vc_single_image image=\u00bb537&#8243; img_size=\u00bbfull\u00bb parallax_scroll=\u00bbno\u00bb][vc_separator color=\u00bbcustom\u00bb border_width=\u00bb3&#8243; accent_color=\u00bb#c10016&#8243;][\/vc_column][\/vc_row][vc_row][vc_column width=\u00bb1\/4&#8243;][vc_single_image image=\u00bb2736&#8243; img_size=\u00bbfull\u00bb alignment=\u00bbcenter\u00bb parallax_scroll=\u00bbno\u00bb woodmart_inline=\u00bbno\u00bb][vc_separator color=\u00bbcustom\u00bb border_width=\u00bb3&#8243; accent_color=\u00bb#c10016&#8243;][vc_column_text text_larger=\u00bbno\u00bb woodmart_inline=\u00bbno\u00bb]<\/p>\n<p style=\"text-align: left;\">Los pedidos de la UE se env\u00edan con DPD, los pedidos de fuera de la UE se env\u00edan con FedEx<\/p>\n<p>[\/vc_column_text][\/vc_column][vc_column width=\u00bb1\/4&#8243;][vc_single_image image=\u00bb2734&#8243; img_size=\u00bbfull\u00bb alignment=\u00bbcenter\u00bb parallax_scroll=\u00bbno\u00bb woodmart_inline=\u00bbno\u00bb][vc_separator color=\u00bbcustom\u00bb border_width=\u00bb3&#8243; accent_color=\u00bb#c10016&#8243;][vc_column_text text_larger=\u00bbno\u00bb woodmart_inline=\u00bbno\u00bb]<\/p>\n<p style=\"text-align: left;\">Vital Beat ofrece opciones de bolsillos tanto en el lado izquierdo como en el derecho de la camiseta<\/p>\n<p>[\/vc_column_text][\/vc_column][vc_column width=\u00bb1\/4&#8243;][vc_single_image image=\u00bb2735&#8243; img_size=\u00bbfull\u00bb alignment=\u00bbcenter\u00bb parallax_scroll=\u00bbno\u00bb woodmart_inline=\u00bbno\u00bb][vc_separator color=\u00bbcustom\u00bb border_width=\u00bb3&#8243; accent_color=\u00bb#c10016&#8243;][vc_column_text text_larger=\u00bbno\u00bb woodmart_inline=\u00bbno\u00bb]<\/p>\n<p style=\"text-align: left;\">La situaci\u00f3n de cada persona es diferente. Ponte en contacto con nosotros para ver qu\u00e9 soluciones especiales podemos crear para ti<\/p>\n<p>[\/vc_column_text][\/vc_column][vc_column width=\u00bb1\/4&#8243;][vc_single_image image=\u00bb736&#8243; img_size=\u00bbfull\u00bb alignment=\u00bbcenter\u00bb parallax_scroll=\u00bbno\u00bb][vc_separator color=\u00bbcustom\u00bb border_width=\u00bb3&#8243; accent_color=\u00bb#c10016&#8243;][vc_column_text text_larger=\u00bbno\u00bb woodmart_inline=\u00bbno\u00bb]<\/p>\n<p style=\"text-align: left;\">Lea nuestro blog para obtener informaci\u00f3n m\u00e9dica, consejos \u00fatiles e informaci\u00f3n e historias sobre nuestros clientes<\/p>\n<p>[\/vc_column_text][\/vc_column][\/vc_row][vc_row][vc_column][vc_single_image image=\u00bb712&#8243; img_size=\u00bbfull\u00bb alignment=\u00bbcenter\u00bb parallax_scroll=\u00bbno\u00bb][\/vc_column][\/vc_row][vc_row][vc_column width=\u00bb1\/6&#8243;][\/vc_column][vc_column width=\u00bb2\/3&#8243;][vc_column_text text_larger=\u00bbno\u00bb woodmart_inline=\u00bbno\u00bb]<\/p>\n<h3>Si\u00e9ntase seguro, c\u00f3modo y libre para hacer lo que quiera con Vital Beat Protecci\u00f3n y confort para dispositivos m\u00e9dicos<\/h3>\n<p>Vital Beat le ofrece una soluci\u00f3n \u00fanica para todos los problemas que pueda experimentar al recibir su dispositivo m\u00e9dico. Esperamos ayudarle a volver a salir y a sentirse protegido y c\u00f3modo utilizando nuestro producto en su vida diaria, mientras est\u00e1 activo y mientras practica deporte.<\/p>\n<p><span style=\"font-weight: 400;\">.<\/span>[\/vc_column_text][vc_column_text text_larger=\u00bbno\u00bb woodmart_inline=\u00bbno\u00bb]<\/p>\n<h3>Disfrute de la vida con la protecci\u00f3n y el confort de Vital Beat<\/h3>\n<ul>\n<li>Conduciendo con el cintur\u00f3n puesto<\/li>\n<li>Practicando tu deporte favorito<\/li>\n<li>Senderismo con mochila<\/li>\n<li>Jugando con su perro<\/li>\n<li>Estar activo con los amigos y la familia<\/li>\n<li>Montar en bicicleta o motocicleta<\/li>\n<\/ul>\n<p>[\/vc_column_text][vc_empty_space height=\u00bb20px\u00bb woodmart_hide_large=\u00bb0&#8243; woodmart_hide_medium=\u00bb0&#8243; woodmart_hide_small=\u00bb0&#8243; woodmart_hide_extra_small=\u00bb0&#8243;][\/vc_column][vc_column width=\u00bb1\/6&#8243;][\/vc_column][\/vc_row][vc_row full_width=\u00bbstretch_row\u00bb mobile_bg_img_hidden=\u00bbno\u00bb tablet_bg_img_hidden=\u00bbno\u00bb woodmart_parallax=\u00bb0&#8243; woodmart_gradient_switch=\u00bbno\u00bb row_reverse_mobile=\u00bb0&#8243; row_reverse_tablet=\u00bb0&#8243; woodmart_disable_overflow=\u00bb0&#8243; css=\u00bb.vc_custom_1588692632637{background-color: rgba(188,188,188,0.3) !important;*background-color: rgb(188,188,188) !important;}\u00bb][vc_column][vc_separator color=\u00bbcustom\u00bb border_width=\u00bb3&#8243; css=\u00bb.vc_custom_1584365131225{border-radius: 1px !important;}\u00bb accent_color=\u00bb#c10016&#8243;][vc_single_image image=\u00bb1092&#8243; img_size=\u00bbfull\u00bb alignment=\u00bbcenter\u00bb parallax_scroll=\u00bbno\u00bb][vc_separator color=\u00bbcustom\u00bb border_width=\u00bb3&#8243; css=\u00bb.vc_custom_1584365131225{border-radius: 1px !important;}\u00bb accent_color=\u00bb#c10016&#8243;][\/vc_column][\/vc_row][vc_row][vc_column][vc_empty_space woodmart_hide_large=\u00bb0&#8243; woodmart_hide_medium=\u00bb0&#8243; woodmart_hide_small=\u00bb0&#8243; woodmart_hide_extra_small=\u00bb0&#8243;][\/vc_column][\/vc_row][vc_row][vc_column width=\u00bb1\/6&#8243;][\/vc_column][vc_column width=\u00bb2\/3&#8243;][vc_column_text text_larger=\u00bbno\u00bb woodmart_inline=\u00bbno\u00bb]<\/p>\n<h3>La protecci\u00f3n y confort de Vital Beat utilizan la <strong>tecnolog\u00eda<\/strong> D3O<strong>\u24c7<\/strong><\/h3>\n<p>Para nuestras soluciones de marcapasos, DAI, S-ICD y otras, Vital Beat utiliza materiales revolucionarios de protecci\u00f3n contra impactos desarrollados por <a href=\"http:\/\/d3o.com\/\">D3O\u24c7<\/a>.<\/p>\n<p>Obtenga m\u00e1s informaci\u00f3n sobre los materiales que utilizamos para ofrecerle la mejor comodidad y protecci\u00f3n en la p\u00e1gina \u2018<a href=\"https:\/\/vitalbeat.com\/es\/como-funciona\/\"><strong>C\u00f3mo funciona<\/strong><\/a>\u2018 Aqu\u00ed tambi\u00e9n encontrar\u00e1 m\u00e1s informaci\u00f3n sobre c\u00f3mo desarrollamos nuestro producto.[\/vc_column_text][vc_single_image image=\u00bb718&#8243; img_size=\u00bbmedium\u00bb alignment=\u00bbcenter\u00bb onclick=\u00bbcustom_link\u00bb parallax_scroll=\u00bbno\u00bb link=\u00bbhttp:\/\/www.d3o.com\u00bb][\/vc_column][vc_column width=\u00bb1\/6&#8243;][\/vc_column][\/vc_row][vc_row][vc_column][vc_empty_space woodmart_hide_large=\u00bb0&#8243; woodmart_hide_medium=\u00bb0&#8243; woodmart_hide_small=\u00bb0&#8243; woodmart_hide_extra_small=\u00bb0&#8243;][\/vc_column][\/vc_row]<\/p>\n<\/div>","protected":false},"excerpt":{"rendered":"<p>[vc_row][vc_column offset=\u00bbvc_hidden-lg vc_hidden-md\u00bb mobile_bg_img_hidden=\u00bbno\u00bb tablet_bg_img_hidden=\u00bbno\u00bb woodmart_parallax=\u00bb0&#8243; woodmart_sticky_column=\u00bbfalse\u00bb parallax_scroll=\u00bbno\u00bb mobile_reset_margin=\u00bbno\u00bb tablet_reset_margin=\u00bbno\u00bb][vc_custom_heading text=\u00bbProtecci\u00f3n y confort para dispositivos m\u00e9dicos\u00bb font_container=\u00bbtag:h1|font_size:30|text_align:center|color:%23253746&#8243; google_fonts=\u00bbfont_family:Montserrat%3Aregular%2C700|font_style:700%20bold%20regular%3A700%3Anormal\u00bb][vc_separator color=\u00bbcustom\u00bb border_width=\u00bb3&#8243;<\/p>\n","protected":false},"author":1,"featured_media":0,"parent":0,"menu_order":0,"comment_status":"closed","ping_status":"closed","template":"","meta":{"footnotes":""},"class_list":["post-5","page","type-page","status-publish","hentry"],"yoast_head":"<!-- This site is optimized with the Yoast SEO plugin v27.4 - https:\/\/yoast.com\/product\/yoast-seo-wordpress\/ -->\n<title>Vital Beat | Protecci\u00f3n y confort para dispositivos m\u00e9dicos<\/title>\n<meta name=\"description\" content=\"Vital Beat ofrece una protecci\u00f3n y confort de alta calidad Shield and Shirt para usuarios de dispositivos m\u00e9dicos y otros fines.\" \/>\n<meta name=\"robots\" content=\"index, follow, max-snippet:-1, max-image-preview:large, max-video-preview:-1\" \/>\n<link rel=\"canonical\" href=\"https:\/\/vitalbeat.com\/es\/\" \/>\n<meta property=\"og:locale\" content=\"es_ES\" \/>\n<meta property=\"og:type\" content=\"article\" \/>\n<meta property=\"og:title\" content=\"Vital Beat | Protecci\u00f3n y confort para dispositivos m\u00e9dicos\" \/>\n<meta property=\"og:description\" content=\"Vital Beat ofrece una protecci\u00f3n y confort de alta calidad Shield and Shirt para usuarios de dispositivos m\u00e9dicos y otros fines.\" \/>\n<meta property=\"og:url\" content=\"https:\/\/vitalbeat.com\/es\/\" \/>\n<meta property=\"og:site_name\" content=\"Vital Beat ES\" \/>\n<meta property=\"article:modified_time\" content=\"2026-04-14T09:18:37+00:00\" \/>\n<meta name=\"twitter:card\" content=\"summary_large_image\" \/>\n<meta name=\"twitter:label1\" content=\"Tiempo de lectura\" \/>\n\t<meta name=\"twitter:data1\" content=\"7 minutos\" \/>\n<script type=\"application\/ld+json\" class=\"yoast-schema-graph\">{\"@context\":\"https:\\\/\\\/schema.org\",\"@graph\":[{\"@type\":\"WebPage\",\"@id\":\"https:\\\/\\\/vitalbeat.com\\\/es\\\/\",\"url\":\"https:\\\/\\\/vitalbeat.com\\\/es\\\/\",\"name\":\"Vital Beat | Protecci\u00f3n y confort para dispositivos m\u00e9dicos\",\"isPartOf\":{\"@id\":\"https:\\\/\\\/vitalbeat.com\\\/es\\\/#website\"},\"datePublished\":\"2020-02-19T21:15:12+00:00\",\"dateModified\":\"2026-04-14T09:18:37+00:00\",\"description\":\"Vital Beat ofrece una protecci\u00f3n y confort de alta calidad Shield and Shirt para usuarios de dispositivos m\u00e9dicos y otros fines.\",\"breadcrumb\":{\"@id\":\"https:\\\/\\\/vitalbeat.com\\\/es\\\/#breadcrumb\"},\"inLanguage\":\"es\",\"potentialAction\":[{\"@type\":\"ReadAction\",\"target\":[\"https:\\\/\\\/vitalbeat.com\\\/es\\\/\"]}]},{\"@type\":\"BreadcrumbList\",\"@id\":\"https:\\\/\\\/vitalbeat.com\\\/es\\\/#breadcrumb\",\"itemListElement\":[{\"@type\":\"ListItem\",\"position\":1,\"name\":\"Home\",\"item\":\"https:\\\/\\\/vitalbeat.com\\\/es\\\/\"},{\"@type\":\"ListItem\",\"position\":2,\"name\":\"Home\"}]},{\"@type\":\"WebSite\",\"@id\":\"https:\\\/\\\/vitalbeat.com\\\/es\\\/#website\",\"url\":\"https:\\\/\\\/vitalbeat.com\\\/es\\\/\",\"name\":\"Vital Beat ES\",\"description\":\"Protection and comfort\",\"potentialAction\":[{\"@type\":\"SearchAction\",\"target\":{\"@type\":\"EntryPoint\",\"urlTemplate\":\"https:\\\/\\\/vitalbeat.com\\\/es\\\/?s={search_term_string}\"},\"query-input\":{\"@type\":\"PropertyValueSpecification\",\"valueRequired\":true,\"valueName\":\"search_term_string\"}}],\"inLanguage\":\"es\"}]}<\/script>\n<!-- \/ Yoast SEO plugin. -->","yoast_head_json":{"title":"Vital Beat | Protecci\u00f3n y confort para dispositivos m\u00e9dicos","description":"Vital Beat ofrece una protecci\u00f3n y confort de alta calidad Shield and Shirt para usuarios de dispositivos m\u00e9dicos y otros fines.","robots":{"index":"index","follow":"follow","max-snippet":"max-snippet:-1","max-image-preview":"max-image-preview:large","max-video-preview":"max-video-preview:-1"},"canonical":"https:\/\/vitalbeat.com\/es\/","og_locale":"es_ES","og_type":"article","og_title":"Vital Beat | Protecci\u00f3n y confort para dispositivos m\u00e9dicos","og_description":"Vital Beat ofrece una protecci\u00f3n y confort de alta calidad Shield and Shirt para usuarios de dispositivos m\u00e9dicos y otros fines.","og_url":"https:\/\/vitalbeat.com\/es\/","og_site_name":"Vital Beat ES","article_modified_time":"2026-04-14T09:18:37+00:00","twitter_card":"summary_large_image","twitter_misc":{"Tiempo de lectura":"7 minutos"},"schema":{"@context":"https:\/\/schema.org","@graph":[{"@type":"WebPage","@id":"https:\/\/vitalbeat.com\/es\/","url":"https:\/\/vitalbeat.com\/es\/","name":"Vital Beat | Protecci\u00f3n y confort para dispositivos m\u00e9dicos","isPartOf":{"@id":"https:\/\/vitalbeat.com\/es\/#website"},"datePublished":"2020-02-19T21:15:12+00:00","dateModified":"2026-04-14T09:18:37+00:00","description":"Vital Beat ofrece una protecci\u00f3n y confort de alta calidad Shield and Shirt para usuarios de dispositivos m\u00e9dicos y otros fines.","breadcrumb":{"@id":"https:\/\/vitalbeat.com\/es\/#breadcrumb"},"inLanguage":"es","potentialAction":[{"@type":"ReadAction","target":["https:\/\/vitalbeat.com\/es\/"]}]},{"@type":"BreadcrumbList","@id":"https:\/\/vitalbeat.com\/es\/#breadcrumb","itemListElement":[{"@type":"ListItem","position":1,"name":"Home","item":"https:\/\/vitalbeat.com\/es\/"},{"@type":"ListItem","position":2,"name":"Home"}]},{"@type":"WebSite","@id":"https:\/\/vitalbeat.com\/es\/#website","url":"https:\/\/vitalbeat.com\/es\/","name":"Vital Beat ES","description":"Protection and comfort","potentialAction":[{"@type":"SearchAction","target":{"@type":"EntryPoint","urlTemplate":"https:\/\/vitalbeat.com\/es\/?s={search_term_string}"},"query-input":{"@type":"PropertyValueSpecification","valueRequired":true,"valueName":"search_term_string"}}],"inLanguage":"es"}]}},"jetpack_sharing_enabled":true,"_links":{"self":[{"href":"https:\/\/vitalbeat.com\/es\/wp-json\/wp\/v2\/pages\/5","targetHints":{"allow":["GET"]}}],"collection":[{"href":"https:\/\/vitalbeat.com\/es\/wp-json\/wp\/v2\/pages"}],"about":[{"href":"https:\/\/vitalbeat.com\/es\/wp-json\/wp\/v2\/types\/page"}],"author":[{"embeddable":true,"href":"https:\/\/vitalbeat.com\/es\/wp-json\/wp\/v2\/users\/1"}],"replies":[{"embeddable":true,"href":"https:\/\/vitalbeat.com\/es\/wp-json\/wp\/v2\/comments?post=5"}],"version-history":[{"count":27,"href":"https:\/\/vitalbeat.com\/es\/wp-json\/wp\/v2\/pages\/5\/revisions"}],"predecessor-version":[{"id":3155,"href":"https:\/\/vitalbeat.com\/es\/wp-json\/wp\/v2\/pages\/5\/revisions\/3155"}],"wp:attachment":[{"href":"https:\/\/vitalbeat.com\/es\/wp-json\/wp\/v2\/media?parent=5"}],"curies":[{"name":"wp","href":"https:\/\/api.w.org\/{rel}","templated":true}]}}