{"id":587,"date":"2020-04-29T20:56:23","date_gmt":"2020-04-29T20:56:23","guid":{"rendered":"https:\/\/www.vitalbeat.com\/?page_id=587"},"modified":"2026-04-13T13:33:44","modified_gmt":"2026-04-13T13:33:44","slug":"faq","status":"publish","type":"page","link":"https:\/\/vitalbeat.com\/es\/faq\/","title":{"rendered":"FAQ"},"content":{"rendered":"<div class=\"wpb-content-wrapper\"><p>[vc_row][vc_column][vc_column_text css=\u00bb\u00bb woodmart_inline=\u00bbno\u00bb text_larger=\u00bbno\u00bb]En esta p\u00e1gina hemos intentado responder a algunas de las preguntas m\u00e1s frecuentes.<br \/>\nAseg\u00farate de leer la informaci\u00f3n adicional que aparece tras los enlaces \u00abLeer m\u00e1s\u00bb para no perderte ning\u00fan dato.<\/p>\n<p>\u00bfNo encuentras la respuesta que buscas? <a href=\"https:\/\/vitalbeat.com\/es\/contacta-con-vital-beat\/\">\u00a1Ponte en contacto con nosotros!<\/a>[\/vc_column_text][\/vc_column][\/vc_row][vc_row][vc_column][vc_tta_accordion][vc_tta_section title=\u00bbGeneral\u00bb tab_id=\u00bb1776083213422-438317c1-5e54&#8243;][vc_column_text css=\u00bb\u00bb woodmart_inline=\u00bbno\u00bb text_larger=\u00bbno\u00bb]<strong>\u00bfA qui\u00e9n van dirigidos los productos Vital Beat?<\/strong><\/p>\n<p>Los productos Vital Beat est\u00e1n dise\u00f1ados para personas con dispositivos implantados. Ayudan a proteger y amortiguar los dispositivos durante las actividades cotidianas y la pr\u00e1ctica deportiva.<\/p>\n<p><strong>\u00bfQu\u00e9 problemas resuelve Vital Beat?<\/strong><\/p>\n<p>Vital Beat ayuda a reducir las molestias, la presi\u00f3n y los impactos sobre los dispositivos implantados. Muchos usuarios experimentan molestias con los cinturones de seguridad, las mochilas, la pr\u00e1ctica deportiva o las actividades cotidianas. La protecci\u00f3n de Vital Beat ayuda a reducir estos problemas.<\/p>\n<p><strong>\u00bfPuedo llevar Vital Beat mientras practico deporte?<\/strong><\/p>\n<p>S\u00ed. Los productos Vital Beat est\u00e1n dise\u00f1ados para estilos de vida activos. Est\u00e1n fabricados para ayudarte a mantenerte activo y practicar deporte, al tiempo que protegen la zona del dispositivo implantado.[\/vc_column_text][\/vc_tta_section][vc_tta_section title=\u00bbPedidos y env\u00edos\u00bb tab_id=\u00bb1776083213428-04d7949b-fa80&#8243;][vc_column_text css=\u00bb\u00bb woodmart_inline=\u00bbno\u00bb text_larger=\u00bbno\u00bb]<strong>\u00bfRealizan env\u00edos a todo el mundo?<\/strong><\/p>\n<p>S\u00ed. Vital Beat env\u00eda pedidos a todo el mundo a trav\u00e9s de transportistas de confianza. <a href=\"https:\/\/vitalbeat.com\/es\/ayuda\/#Envios\">M\u00e1s informaci\u00f3n<\/a><\/p>\n<p><strong>\u00bfSe incluyen los impuestos o los aranceles de importaci\u00f3n?<\/strong><\/p>\n<p>Los impuestos est\u00e1n incluidos en los pedidos dentro del EEE. Para env\u00edos fuera del EEE, los clientes deben hacerse cargo de los impuestos locales y los aranceles de importaci\u00f3n que aplique la aduana. <a href=\"https:\/\/vitalbeat.com\/es\/ayuda\/#tasas\">M\u00e1s informaci\u00f3n<\/a><\/p>\n<p><strong>\u00bfCu\u00e1nto tarda en llegar mi pedido?<\/strong><\/p>\n<p>El plazo de entrega depende de tu ubicaci\u00f3n y del transportista. <a href=\"https:\/\/vitalbeat.com\/es\/ayuda\/#Envios\">M\u00e1s informaci\u00f3n<\/a>[\/vc_column_text][\/vc_tta_section][vc_tta_section title=\u00bbDevoluciones y reembolsos\u00bb tab_id=\u00bb1776083247124-e69917f9-aadb\u00bb][vc_column_text css=\u00bb\u00bb woodmart_inline=\u00bbno\u00bb text_larger=\u00bbno\u00bb]<strong>\u00bfPuedo devolver mi pedido si no estoy satisfecho?<\/strong><\/p>\n<p>S\u00ed. Vital Beat ofrece una pol\u00edtica de devoluci\u00f3n de 100 d\u00edas. Pero: \u00a1hay que cumplir ciertas normas! <a href=\"https:\/\/vitalbeat.com\/es\/pedidos\/#cambios\">M\u00e1s informaci\u00f3n<\/a><\/p>\n<p><strong>\u00bfC\u00f3mo devuelvo un producto?<\/strong><\/p>\n<p>\u00a1Ponte en contacto con nosotros! Las devoluciones deben acordarse previamente con el equipo de Vital Beat. El env\u00edo de productos sin instrucciones previas puede acarrear costes adicionales o retrasos.<a href=\"https:\/\/vitalbeat.com\/es\/pedidos\/#cambios\"> M\u00e1s informaci\u00f3n<\/a><\/p>\n<p><strong>\u00bfCu\u00e1ndo recibir\u00e9 mi reembolso?<\/strong><\/p>\n<p>Los reembolsos se procesan una vez que se ha recibido y comprobado el producto devuelto. <a href=\"https:\/\/vitalbeat.com\/es\/pedidos\/#reembolsos\">M\u00e1s informaci\u00f3n<\/a>[\/vc_column_text][\/vc_tta_section][vc_tta_section title=\u00bbProductos y tallas\u00bb tab_id=\u00bb1776083259480-cd464d2a-6a6b\u00bb][vc_column_text css=\u00bb\u00bb woodmart_inline=\u00bbno\u00bb text_larger=\u00bbno\u00bb]<strong>\u00bfC\u00f3mo elijo la talla adecuada?<\/strong><\/p>\n<p>Mide tu contorno de pecho para encontrar la talla correcta con la ayuda de nuestra tabla de tallas. <a href=\"https:\/\/vitalbeat.com\/es\/ayuda\/#Tallas\">M\u00e1s informaci\u00f3n<\/a>[\/vc_column_text][\/vc_tta_section][vc_tta_section title=\u00bbGarant\u00eda y informaci\u00f3n legal\u00bb tab_id=\u00bb1776083272341-2a22426a-5820&#8243;][vc_column_text css=\u00bb\u00bb woodmart_inline=\u00bbno\u00bb text_larger=\u00bbno\u00bb]<strong>\u00bfLos productos de Vital Beat tienen garant\u00eda?<\/strong><\/p>\n<p>S\u00ed. Los productos est\u00e1n cubiertos por una garant\u00eda de un a\u00f1o contra defectos. <a href=\"https:\/\/vitalbeat.com\/es\/pedidos\/#garantia\">M\u00e1s informaci\u00f3n<\/a><\/p>\n<p><strong>\u00bfQu\u00e9 condiciones se aplican al realizar un pedido?<\/strong><\/p>\n<p>Al realizar un pedido en Vital Beat, aceptas los t\u00e9rminos y condiciones de la empresa. <a href=\"https:\/\/vitalbeat.com\/es\/aviso-legal\/#terminos\">M\u00e1s informaci\u00f3n<\/a><\/p>\n<p><strong>\u00bfQu\u00e9 ocurre si me niego a pagar los aranceles de importaci\u00f3n?<\/strong><\/p>\n<p>Tu pedido podr\u00eda ser devuelto y es posible que no se te reembolse el importe. <a href=\"https:\/\/vitalbeat.com\/es\/aviso-legal\/#terminos\">M\u00e1s informaci\u00f3n<\/a>[\/vc_column_text][\/vc_tta_section][vc_tta_section title=\u00bbContacto y asistencia\u00bb tab_id=\u00bb1776083280795-69df71d0-5990&#8243;][vc_column_text css=\u00bb\u00bb woodmart_inline=\u00bbno\u00bb text_larger=\u00bbno\u00bb]<strong>\u00bfC\u00f3mo puedo ponerme en contacto con Vital Beat?<\/strong><\/p>\n<p>Puedes contactar con el equipo por correo electr\u00f3nico, tel\u00e9fono o WhatsApp. <a href=\"https:\/\/vitalbeat.com\/es\/contacta-con-vital-beat\/\">\u00a1Echa un vistazo a nuestra p\u00e1gina de contacto!<\/a>[\/vc_column_text][\/vc_tta_section][\/vc_tta_accordion][\/vc_column][\/vc_row]<\/p>\n<\/div>","protected":false},"excerpt":{"rendered":"<p>[vc_row][vc_column][vc_column_text css=\u00bb\u00bb woodmart_inline=\u00bbno\u00bb text_larger=\u00bbno\u00bb]En esta p\u00e1gina hemos intentado responder a algunas de las preguntas m\u00e1s frecuentes. Aseg\u00farate de leer la<\/p>\n","protected":false},"author":2,"featured_media":0,"parent":0,"menu_order":0,"comment_status":"closed","ping_status":"closed","template":"","meta":{"footnotes":""},"class_list":["post-587","page","type-page","status-publish","hentry"],"yoast_head":"<!-- This site is optimized with the Yoast SEO plugin v27.5 - https:\/\/yoast.com\/product\/yoast-seo-wordpress\/ -->\n<title>FAQ - Vital Beat ES<\/title>\n<meta name=\"description\" content=\"FAQ\" \/>\n<meta name=\"robots\" content=\"index, follow, max-snippet:-1, max-image-preview:large, max-video-preview:-1\" \/>\n<link rel=\"canonical\" href=\"https:\/\/vitalbeat.com\/es\/faq\/\" \/>\n<meta property=\"og:locale\" content=\"es_ES\" \/>\n<meta property=\"og:type\" content=\"article\" \/>\n<meta property=\"og:title\" content=\"FAQ - Vital Beat ES\" \/>\n<meta property=\"og:description\" content=\"FAQ\" \/>\n<meta property=\"og:url\" content=\"https:\/\/vitalbeat.com\/es\/faq\/\" \/>\n<meta property=\"og:site_name\" content=\"Vital Beat ES\" \/>\n<meta property=\"article:modified_time\" content=\"2026-04-13T13:33:44+00:00\" \/>\n<meta name=\"twitter:card\" content=\"summary_large_image\" \/>\n<meta name=\"twitter:label1\" content=\"Tiempo de lectura\" \/>\n\t<meta name=\"twitter:data1\" content=\"3 minutos\" \/>\n<script type=\"application\/ld+json\" class=\"yoast-schema-graph\">{\"@context\":\"https:\\\/\\\/schema.org\",\"@graph\":[{\"@type\":\"WebPage\",\"@id\":\"https:\\\/\\\/vitalbeat.com\\\/es\\\/faq\\\/\",\"url\":\"https:\\\/\\\/vitalbeat.com\\\/es\\\/faq\\\/\",\"name\":\"FAQ - Vital Beat ES\",\"isPartOf\":{\"@id\":\"https:\\\/\\\/vitalbeat.com\\\/es\\\/#website\"},\"datePublished\":\"2020-04-29T20:56:23+00:00\",\"dateModified\":\"2026-04-13T13:33:44+00:00\",\"description\":\"FAQ\",\"breadcrumb\":{\"@id\":\"https:\\\/\\\/vitalbeat.com\\\/es\\\/faq\\\/#breadcrumb\"},\"inLanguage\":\"es\",\"potentialAction\":[{\"@type\":\"ReadAction\",\"target\":[\"https:\\\/\\\/vitalbeat.com\\\/es\\\/faq\\\/\"]}]},{\"@type\":\"BreadcrumbList\",\"@id\":\"https:\\\/\\\/vitalbeat.com\\\/es\\\/faq\\\/#breadcrumb\",\"itemListElement\":[{\"@type\":\"ListItem\",\"position\":1,\"name\":\"Home\",\"item\":\"https:\\\/\\\/vitalbeat.com\\\/es\\\/\"},{\"@type\":\"ListItem\",\"position\":2,\"name\":\"FAQ\"}]},{\"@type\":\"WebSite\",\"@id\":\"https:\\\/\\\/vitalbeat.com\\\/es\\\/#website\",\"url\":\"https:\\\/\\\/vitalbeat.com\\\/es\\\/\",\"name\":\"Vital Beat ES\",\"description\":\"Protection and comfort\",\"potentialAction\":[{\"@type\":\"SearchAction\",\"target\":{\"@type\":\"EntryPoint\",\"urlTemplate\":\"https:\\\/\\\/vitalbeat.com\\\/es\\\/?s={search_term_string}\"},\"query-input\":{\"@type\":\"PropertyValueSpecification\",\"valueRequired\":true,\"valueName\":\"search_term_string\"}}],\"inLanguage\":\"es\"}]}<\/script>\n<!-- \/ Yoast SEO plugin. -->","yoast_head_json":{"title":"FAQ - Vital Beat ES","description":"FAQ","robots":{"index":"index","follow":"follow","max-snippet":"max-snippet:-1","max-image-preview":"max-image-preview:large","max-video-preview":"max-video-preview:-1"},"canonical":"https:\/\/vitalbeat.com\/es\/faq\/","og_locale":"es_ES","og_type":"article","og_title":"FAQ - Vital Beat ES","og_description":"FAQ","og_url":"https:\/\/vitalbeat.com\/es\/faq\/","og_site_name":"Vital Beat ES","article_modified_time":"2026-04-13T13:33:44+00:00","twitter_card":"summary_large_image","twitter_misc":{"Tiempo de lectura":"3 minutos"},"schema":{"@context":"https:\/\/schema.org","@graph":[{"@type":"WebPage","@id":"https:\/\/vitalbeat.com\/es\/faq\/","url":"https:\/\/vitalbeat.com\/es\/faq\/","name":"FAQ - Vital Beat ES","isPartOf":{"@id":"https:\/\/vitalbeat.com\/es\/#website"},"datePublished":"2020-04-29T20:56:23+00:00","dateModified":"2026-04-13T13:33:44+00:00","description":"FAQ","breadcrumb":{"@id":"https:\/\/vitalbeat.com\/es\/faq\/#breadcrumb"},"inLanguage":"es","potentialAction":[{"@type":"ReadAction","target":["https:\/\/vitalbeat.com\/es\/faq\/"]}]},{"@type":"BreadcrumbList","@id":"https:\/\/vitalbeat.com\/es\/faq\/#breadcrumb","itemListElement":[{"@type":"ListItem","position":1,"name":"Home","item":"https:\/\/vitalbeat.com\/es\/"},{"@type":"ListItem","position":2,"name":"FAQ"}]},{"@type":"WebSite","@id":"https:\/\/vitalbeat.com\/es\/#website","url":"https:\/\/vitalbeat.com\/es\/","name":"Vital Beat ES","description":"Protection and comfort","potentialAction":[{"@type":"SearchAction","target":{"@type":"EntryPoint","urlTemplate":"https:\/\/vitalbeat.com\/es\/?s={search_term_string}"},"query-input":{"@type":"PropertyValueSpecification","valueRequired":true,"valueName":"search_term_string"}}],"inLanguage":"es"}]}},"_links":{"self":[{"href":"https:\/\/vitalbeat.com\/es\/wp-json\/wp\/v2\/pages\/587","targetHints":{"allow":["GET"]}}],"collection":[{"href":"https:\/\/vitalbeat.com\/es\/wp-json\/wp\/v2\/pages"}],"about":[{"href":"https:\/\/vitalbeat.com\/es\/wp-json\/wp\/v2\/types\/page"}],"author":[{"embeddable":true,"href":"https:\/\/vitalbeat.com\/es\/wp-json\/wp\/v2\/users\/2"}],"replies":[{"embeddable":true,"href":"https:\/\/vitalbeat.com\/es\/wp-json\/wp\/v2\/comments?post=587"}],"version-history":[{"count":16,"href":"https:\/\/vitalbeat.com\/es\/wp-json\/wp\/v2\/pages\/587\/revisions"}],"predecessor-version":[{"id":3148,"href":"https:\/\/vitalbeat.com\/es\/wp-json\/wp\/v2\/pages\/587\/revisions\/3148"}],"wp:attachment":[{"href":"https:\/\/vitalbeat.com\/es\/wp-json\/wp\/v2\/media?parent=587"}],"curies":[{"name":"wp","href":"https:\/\/api.w.org\/{rel}","templated":true}]}}