{"id":1981,"date":"2021-12-20T12:16:29","date_gmt":"2021-12-20T12:16:29","guid":{"rendered":"https:\/\/www.vitalbeat.com\/?post_type=product&#038;p=1981"},"modified":"2023-03-31T10:17:48","modified_gmt":"2023-03-31T10:17:48","slug":"escudo-pectoral","status":"publish","type":"product","link":"https:\/\/vitalbeat.com\/es\/shop\/escudo-pectoral\/","title":{"rendered":"Escudo pectoral"},"content":{"rendered":"<p>NOTa!: Esta versi\u00f3n del escudo pectoral s\u00f3lo puede pedirse previa consulta con Vital Beat. Los pedidos que no hayan sido discutidos y aprobados por Vital Beat ser\u00e1n cancelados sin reembolso.<\/p>\n","protected":false},"excerpt":{"rendered":"<p>NOTa!: Esta versi\u00f3n del escudo pectoral s\u00f3lo puede pedirse previa consulta con Vital Beat. Los pedidos que no hayan sido<\/p>\n","protected":false},"featured_media":1986,"template":"","meta":[],"product_brand":[],"product_cat":[17],"product_tag":[],"class_list":{"0":"post-1981","1":"product","2":"type-product","3":"status-publish","4":"has-post-thumbnail","6":"product_cat-uncategorized","8":"first","9":"instock","10":"taxable","11":"shipping-taxable","12":"purchasable","13":"product-type-variable"},"yoast_head":"<!-- This site is optimized with the Yoast SEO plugin v27.5 - https:\/\/yoast.com\/product\/yoast-seo-wordpress\/ -->\n<title>Escudo pectoral - Vital Beat ES<\/title>\n<meta name=\"description\" content=\"Protector pectoral Vital Beat para mayor comodidad y protecci\u00f3n del estern\u00f3n y la parte delantera del pecho.\" \/>\n<meta name=\"robots\" content=\"noindex, follow\" \/>\n<meta property=\"og:locale\" content=\"es_ES\" \/>\n<meta property=\"og:type\" content=\"article\" \/>\n<meta property=\"og:title\" content=\"Escudo pectoral - Vital Beat ES\" \/>\n<meta property=\"og:description\" content=\"Protector pectoral Vital Beat para mayor comodidad y protecci\u00f3n del estern\u00f3n y la parte delantera del pecho.\" \/>\n<meta property=\"og:url\" content=\"https:\/\/vitalbeat.com\/es\/shop\/escudo-pectoral\/\" \/>\n<meta property=\"og:site_name\" content=\"Vital Beat ES\" \/>\n<meta property=\"article:modified_time\" content=\"2023-03-31T10:17:48+00:00\" \/>\n<meta property=\"og:image\" content=\"https:\/\/vitalbeat.com\/es\/wp-content\/uploads\/2021\/12\/Chestshield-web.png\" \/>\n\t<meta property=\"og:image:width\" content=\"536\" \/>\n\t<meta property=\"og:image:height\" content=\"426\" \/>\n\t<meta property=\"og:image:type\" content=\"image\/png\" \/>\n<meta name=\"twitter:card\" content=\"summary_large_image\" \/>\n<meta name=\"twitter:label1\" content=\"Tiempo de lectura\" \/>\n\t<meta name=\"twitter:data1\" content=\"1 minuto\" \/>\n<script type=\"application\/ld+json\" class=\"yoast-schema-graph\">{\"@context\":\"https:\\\/\\\/schema.org\",\"@graph\":[{\"@type\":\"WebPage\",\"@id\":\"https:\\\/\\\/vitalbeat.com\\\/es\\\/shop\\\/escudo-pectoral\\\/\",\"url\":\"https:\\\/\\\/vitalbeat.com\\\/es\\\/shop\\\/escudo-pectoral\\\/\",\"name\":\"Escudo pectoral - Vital Beat ES\",\"isPartOf\":{\"@id\":\"https:\\\/\\\/vitalbeat.com\\\/es\\\/#website\"},\"primaryImageOfPage\":{\"@id\":\"https:\\\/\\\/vitalbeat.com\\\/es\\\/shop\\\/escudo-pectoral\\\/#primaryimage\"},\"image\":{\"@id\":\"https:\\\/\\\/vitalbeat.com\\\/es\\\/shop\\\/escudo-pectoral\\\/#primaryimage\"},\"thumbnailUrl\":\"https:\\\/\\\/vitalbeat.com\\\/es\\\/wp-content\\\/uploads\\\/2021\\\/12\\\/Chestshield-web.png\",\"datePublished\":\"2021-12-20T12:16:29+00:00\",\"dateModified\":\"2023-03-31T10:17:48+00:00\",\"description\":\"Protector pectoral Vital Beat para mayor comodidad y protecci\u00f3n del estern\u00f3n y la parte delantera del pecho.\",\"breadcrumb\":{\"@id\":\"https:\\\/\\\/vitalbeat.com\\\/es\\\/shop\\\/escudo-pectoral\\\/#breadcrumb\"},\"inLanguage\":\"es\",\"potentialAction\":[{\"@type\":\"ReadAction\",\"target\":[\"https:\\\/\\\/vitalbeat.com\\\/es\\\/shop\\\/escudo-pectoral\\\/\"]}]},{\"@type\":\"ImageObject\",\"inLanguage\":\"es\",\"@id\":\"https:\\\/\\\/vitalbeat.com\\\/es\\\/shop\\\/escudo-pectoral\\\/#primaryimage\",\"url\":\"https:\\\/\\\/vitalbeat.com\\\/es\\\/wp-content\\\/uploads\\\/2021\\\/12\\\/Chestshield-web.png\",\"contentUrl\":\"https:\\\/\\\/vitalbeat.com\\\/es\\\/wp-content\\\/uploads\\\/2021\\\/12\\\/Chestshield-web.png\",\"width\":536,\"height\":426,\"caption\":\"Vital Beat chest shield\"},{\"@type\":\"BreadcrumbList\",\"@id\":\"https:\\\/\\\/vitalbeat.com\\\/es\\\/shop\\\/escudo-pectoral\\\/#breadcrumb\",\"itemListElement\":[{\"@type\":\"ListItem\",\"position\":1,\"name\":\"Home\",\"item\":\"https:\\\/\\\/vitalbeat.com\\\/es\\\/\"},{\"@type\":\"ListItem\",\"position\":2,\"name\":\"Shop\",\"item\":\"https:\\\/\\\/vitalbeat.com\\\/es\\\/shop\\\/\"},{\"@type\":\"ListItem\",\"position\":3,\"name\":\"Escudo pectoral\"}]},{\"@type\":\"WebSite\",\"@id\":\"https:\\\/\\\/vitalbeat.com\\\/es\\\/#website\",\"url\":\"https:\\\/\\\/vitalbeat.com\\\/es\\\/\",\"name\":\"Vital Beat ES\",\"description\":\"Protection and comfort\",\"potentialAction\":[{\"@type\":\"SearchAction\",\"target\":{\"@type\":\"EntryPoint\",\"urlTemplate\":\"https:\\\/\\\/vitalbeat.com\\\/es\\\/?s={search_term_string}\"},\"query-input\":{\"@type\":\"PropertyValueSpecification\",\"valueRequired\":true,\"valueName\":\"search_term_string\"}}],\"inLanguage\":\"es\"}]}<\/script>\n<!-- \/ Yoast SEO plugin. -->","yoast_head_json":{"title":"Escudo pectoral - Vital Beat ES","description":"Protector pectoral Vital Beat para mayor comodidad y protecci\u00f3n del estern\u00f3n y la parte delantera del pecho.","robots":{"index":"noindex","follow":"follow"},"og_locale":"es_ES","og_type":"article","og_title":"Escudo pectoral - Vital Beat ES","og_description":"Protector pectoral Vital Beat para mayor comodidad y protecci\u00f3n del estern\u00f3n y la parte delantera del pecho.","og_url":"https:\/\/vitalbeat.com\/es\/shop\/escudo-pectoral\/","og_site_name":"Vital Beat ES","article_modified_time":"2023-03-31T10:17:48+00:00","og_image":[{"width":536,"height":426,"url":"https:\/\/vitalbeat.com\/es\/wp-content\/uploads\/2021\/12\/Chestshield-web.png","type":"image\/png"}],"twitter_card":"summary_large_image","twitter_misc":{"Tiempo de lectura":"1 minuto"},"schema":{"@context":"https:\/\/schema.org","@graph":[{"@type":"WebPage","@id":"https:\/\/vitalbeat.com\/es\/shop\/escudo-pectoral\/","url":"https:\/\/vitalbeat.com\/es\/shop\/escudo-pectoral\/","name":"Escudo pectoral - Vital Beat ES","isPartOf":{"@id":"https:\/\/vitalbeat.com\/es\/#website"},"primaryImageOfPage":{"@id":"https:\/\/vitalbeat.com\/es\/shop\/escudo-pectoral\/#primaryimage"},"image":{"@id":"https:\/\/vitalbeat.com\/es\/shop\/escudo-pectoral\/#primaryimage"},"thumbnailUrl":"https:\/\/vitalbeat.com\/es\/wp-content\/uploads\/2021\/12\/Chestshield-web.png","datePublished":"2021-12-20T12:16:29+00:00","dateModified":"2023-03-31T10:17:48+00:00","description":"Protector pectoral Vital Beat para mayor comodidad y protecci\u00f3n del estern\u00f3n y la parte delantera del pecho.","breadcrumb":{"@id":"https:\/\/vitalbeat.com\/es\/shop\/escudo-pectoral\/#breadcrumb"},"inLanguage":"es","potentialAction":[{"@type":"ReadAction","target":["https:\/\/vitalbeat.com\/es\/shop\/escudo-pectoral\/"]}]},{"@type":"ImageObject","inLanguage":"es","@id":"https:\/\/vitalbeat.com\/es\/shop\/escudo-pectoral\/#primaryimage","url":"https:\/\/vitalbeat.com\/es\/wp-content\/uploads\/2021\/12\/Chestshield-web.png","contentUrl":"https:\/\/vitalbeat.com\/es\/wp-content\/uploads\/2021\/12\/Chestshield-web.png","width":536,"height":426,"caption":"Vital Beat chest shield"},{"@type":"BreadcrumbList","@id":"https:\/\/vitalbeat.com\/es\/shop\/escudo-pectoral\/#breadcrumb","itemListElement":[{"@type":"ListItem","position":1,"name":"Home","item":"https:\/\/vitalbeat.com\/es\/"},{"@type":"ListItem","position":2,"name":"Shop","item":"https:\/\/vitalbeat.com\/es\/shop\/"},{"@type":"ListItem","position":3,"name":"Escudo pectoral"}]},{"@type":"WebSite","@id":"https:\/\/vitalbeat.com\/es\/#website","url":"https:\/\/vitalbeat.com\/es\/","name":"Vital Beat ES","description":"Protection and comfort","potentialAction":[{"@type":"SearchAction","target":{"@type":"EntryPoint","urlTemplate":"https:\/\/vitalbeat.com\/es\/?s={search_term_string}"},"query-input":{"@type":"PropertyValueSpecification","valueRequired":true,"valueName":"search_term_string"}}],"inLanguage":"es"}]}},"_links":{"self":[{"href":"https:\/\/vitalbeat.com\/es\/wp-json\/wp\/v2\/product\/1981","targetHints":{"allow":["GET"]}}],"collection":[{"href":"https:\/\/vitalbeat.com\/es\/wp-json\/wp\/v2\/product"}],"about":[{"href":"https:\/\/vitalbeat.com\/es\/wp-json\/wp\/v2\/types\/product"}],"wp:featuredmedia":[{"embeddable":true,"href":"https:\/\/vitalbeat.com\/es\/wp-json\/wp\/v2\/media\/1986"}],"wp:attachment":[{"href":"https:\/\/vitalbeat.com\/es\/wp-json\/wp\/v2\/media?parent=1981"}],"wp:term":[{"taxonomy":"product_brand","embeddable":true,"href":"https:\/\/vitalbeat.com\/es\/wp-json\/wp\/v2\/product_brand?post=1981"},{"taxonomy":"product_cat","embeddable":true,"href":"https:\/\/vitalbeat.com\/es\/wp-json\/wp\/v2\/product_cat?post=1981"},{"taxonomy":"product_tag","embeddable":true,"href":"https:\/\/vitalbeat.com\/es\/wp-json\/wp\/v2\/product_tag?post=1981"}],"curies":[{"name":"wp","href":"https:\/\/api.w.org\/{rel}","templated":true}]}}