{"id":286,"date":"2020-03-08T23:09:53","date_gmt":"2020-03-08T23:09:53","guid":{"rendered":"https:\/\/www.vitalbeat.com\/?post_type=product&#038;p=286"},"modified":"2023-05-09T16:45:04","modified_gmt":"2023-05-09T16:45:04","slug":"s-icd-shirt-3-pack","status":"publish","type":"product","link":"https:\/\/vitalbeat.com\/es\/shop\/s-icd-shirt-3-pack\/","title":{"rendered":"Paquete de 3 camisas S-ICD"},"content":{"rendered":"<h3>La camiseta S-ICD<\/h3>\n<p>La camiseta S-ICD es el soporte del escudo. Cada camiseta tiene un bolsillo de forma especial a lo largo del lado izquierdo o derecho de la camiseta para asegurar el escudo protector contra su cuerpo. La camiseta est\u00e1 fabricada con un tejido de alta calidad que transpira f\u00e1cilmente y es ultra-fino. Esto le permite llevar la camiseta S-ICD muy c\u00f3modamente debajo de su ropa normal de diario.<\/p>\n<p>El escudo S-ICD puede retirarse f\u00e1cilmente de la camiseta S-ICD, lo que le permite lavarla con regularidad.<\/p>\n","protected":false},"excerpt":{"rendered":"<p>La camiseta S-ICD La camiseta S-ICD es el soporte del escudo. Cada camiseta tiene un bolsillo de forma especial a<\/p>\n","protected":false},"featured_media":2924,"template":"","meta":[],"product_brand":[],"product_cat":[20],"product_tag":[27],"class_list":{"0":"post-286","1":"product","2":"type-product","3":"status-publish","4":"has-post-thumbnail","6":"product_cat-shirts","7":"product_tag-s-icd-protection","9":"first","10":"instock","11":"sale","12":"taxable","13":"shipping-taxable","14":"purchasable","15":"product-type-variable"},"yoast_head":"<!-- This site is optimized with the Yoast SEO plugin v27.4 - https:\/\/yoast.com\/product\/yoast-seo-wordpress\/ -->\n<title>Vital Beat | Paquete de 3 camisas S-ICD<\/title>\n<meta name=\"description\" content=\"La soluci\u00f3n S-ICD Protection de Vital Beat le ayuda a mantenerse protegido durante la pr\u00e1ctica deportiva y le hace sentirse m\u00e1s c\u00f3modo en la vida diaria.\" \/>\n<meta name=\"robots\" content=\"index, follow, max-snippet:-1, max-image-preview:large, max-video-preview:-1\" \/>\n<link rel=\"canonical\" href=\"https:\/\/vitalbeat.com\/es\/shop\/s-icd-shirt-3-pack\/\" \/>\n<meta property=\"og:locale\" content=\"es_ES\" \/>\n<meta property=\"og:type\" content=\"article\" \/>\n<meta property=\"og:title\" content=\"Vital Beat | Paquete de 3 camisas S-ICD\" \/>\n<meta property=\"og:description\" content=\"La soluci\u00f3n S-ICD Protection de Vital Beat le ayuda a mantenerse protegido durante la pr\u00e1ctica deportiva y le hace sentirse m\u00e1s c\u00f3modo en la vida diaria.\" \/>\n<meta property=\"og:url\" content=\"https:\/\/vitalbeat.com\/es\/shop\/s-icd-shirt-3-pack\/\" \/>\n<meta property=\"og:site_name\" content=\"Vital Beat ES\" \/>\n<meta property=\"article:modified_time\" content=\"2023-05-09T16:45:04+00:00\" \/>\n<meta property=\"og:image\" content=\"https:\/\/vitalbeat.com\/es\/wp-content\/uploads\/2023\/05\/womanwhitethree.jpg\" \/>\n\t<meta property=\"og:image:width\" content=\"800\" \/>\n\t<meta property=\"og:image:height\" content=\"800\" \/>\n\t<meta property=\"og:image:type\" content=\"image\/jpeg\" \/>\n<meta name=\"twitter:card\" content=\"summary_large_image\" \/>\n<meta name=\"twitter:label1\" content=\"Tiempo de lectura\" \/>\n\t<meta name=\"twitter:data1\" content=\"1 minuto\" \/>\n<script type=\"application\/ld+json\" class=\"yoast-schema-graph\">{\"@context\":\"https:\\\/\\\/schema.org\",\"@graph\":[{\"@type\":\"WebPage\",\"@id\":\"https:\\\/\\\/vitalbeat.com\\\/es\\\/shop\\\/s-icd-shirt-3-pack\\\/\",\"url\":\"https:\\\/\\\/vitalbeat.com\\\/es\\\/shop\\\/s-icd-shirt-3-pack\\\/\",\"name\":\"Vital Beat | Paquete de 3 camisas S-ICD\",\"isPartOf\":{\"@id\":\"https:\\\/\\\/vitalbeat.com\\\/es\\\/#website\"},\"primaryImageOfPage\":{\"@id\":\"https:\\\/\\\/vitalbeat.com\\\/es\\\/shop\\\/s-icd-shirt-3-pack\\\/#primaryimage\"},\"image\":{\"@id\":\"https:\\\/\\\/vitalbeat.com\\\/es\\\/shop\\\/s-icd-shirt-3-pack\\\/#primaryimage\"},\"thumbnailUrl\":\"https:\\\/\\\/vitalbeat.com\\\/es\\\/wp-content\\\/uploads\\\/2023\\\/05\\\/womanwhitethree.jpg\",\"datePublished\":\"2020-03-08T23:09:53+00:00\",\"dateModified\":\"2023-05-09T16:45:04+00:00\",\"description\":\"La soluci\u00f3n S-ICD Protection de Vital Beat le ayuda a mantenerse protegido durante la pr\u00e1ctica deportiva y le hace sentirse m\u00e1s c\u00f3modo en la vida diaria.\",\"breadcrumb\":{\"@id\":\"https:\\\/\\\/vitalbeat.com\\\/es\\\/shop\\\/s-icd-shirt-3-pack\\\/#breadcrumb\"},\"inLanguage\":\"es\",\"potentialAction\":[{\"@type\":\"ReadAction\",\"target\":[\"https:\\\/\\\/vitalbeat.com\\\/es\\\/shop\\\/s-icd-shirt-3-pack\\\/\"]}]},{\"@type\":\"ImageObject\",\"inLanguage\":\"es\",\"@id\":\"https:\\\/\\\/vitalbeat.com\\\/es\\\/shop\\\/s-icd-shirt-3-pack\\\/#primaryimage\",\"url\":\"https:\\\/\\\/vitalbeat.com\\\/es\\\/wp-content\\\/uploads\\\/2023\\\/05\\\/womanwhitethree.jpg\",\"contentUrl\":\"https:\\\/\\\/vitalbeat.com\\\/es\\\/wp-content\\\/uploads\\\/2023\\\/05\\\/womanwhitethree.jpg\",\"width\":800,\"height\":800,\"caption\":\"Vital Beat S-ICD Pack de 3 camisetas de para mujer\"},{\"@type\":\"BreadcrumbList\",\"@id\":\"https:\\\/\\\/vitalbeat.com\\\/es\\\/shop\\\/s-icd-shirt-3-pack\\\/#breadcrumb\",\"itemListElement\":[{\"@type\":\"ListItem\",\"position\":1,\"name\":\"Home\",\"item\":\"https:\\\/\\\/vitalbeat.com\\\/es\\\/\"},{\"@type\":\"ListItem\",\"position\":2,\"name\":\"Shop\",\"item\":\"https:\\\/\\\/vitalbeat.com\\\/es\\\/shop\\\/\"},{\"@type\":\"ListItem\",\"position\":3,\"name\":\"Paquete de 3 camisas S-ICD\"}]},{\"@type\":\"WebSite\",\"@id\":\"https:\\\/\\\/vitalbeat.com\\\/es\\\/#website\",\"url\":\"https:\\\/\\\/vitalbeat.com\\\/es\\\/\",\"name\":\"Vital Beat ES\",\"description\":\"Protection and comfort\",\"potentialAction\":[{\"@type\":\"SearchAction\",\"target\":{\"@type\":\"EntryPoint\",\"urlTemplate\":\"https:\\\/\\\/vitalbeat.com\\\/es\\\/?s={search_term_string}\"},\"query-input\":{\"@type\":\"PropertyValueSpecification\",\"valueRequired\":true,\"valueName\":\"search_term_string\"}}],\"inLanguage\":\"es\"}]}<\/script>\n<!-- \/ Yoast SEO plugin. -->","yoast_head_json":{"title":"Vital Beat | Paquete de 3 camisas S-ICD","description":"La soluci\u00f3n S-ICD Protection de Vital Beat le ayuda a mantenerse protegido durante la pr\u00e1ctica deportiva y le hace sentirse m\u00e1s c\u00f3modo en la vida diaria.","robots":{"index":"index","follow":"follow","max-snippet":"max-snippet:-1","max-image-preview":"max-image-preview:large","max-video-preview":"max-video-preview:-1"},"canonical":"https:\/\/vitalbeat.com\/es\/shop\/s-icd-shirt-3-pack\/","og_locale":"es_ES","og_type":"article","og_title":"Vital Beat | Paquete de 3 camisas S-ICD","og_description":"La soluci\u00f3n S-ICD Protection de Vital Beat le ayuda a mantenerse protegido durante la pr\u00e1ctica deportiva y le hace sentirse m\u00e1s c\u00f3modo en la vida diaria.","og_url":"https:\/\/vitalbeat.com\/es\/shop\/s-icd-shirt-3-pack\/","og_site_name":"Vital Beat ES","article_modified_time":"2023-05-09T16:45:04+00:00","og_image":[{"width":800,"height":800,"url":"https:\/\/vitalbeat.com\/es\/wp-content\/uploads\/2023\/05\/womanwhitethree.jpg","type":"image\/jpeg"}],"twitter_card":"summary_large_image","twitter_misc":{"Tiempo de lectura":"1 minuto"},"schema":{"@context":"https:\/\/schema.org","@graph":[{"@type":"WebPage","@id":"https:\/\/vitalbeat.com\/es\/shop\/s-icd-shirt-3-pack\/","url":"https:\/\/vitalbeat.com\/es\/shop\/s-icd-shirt-3-pack\/","name":"Vital Beat | Paquete de 3 camisas S-ICD","isPartOf":{"@id":"https:\/\/vitalbeat.com\/es\/#website"},"primaryImageOfPage":{"@id":"https:\/\/vitalbeat.com\/es\/shop\/s-icd-shirt-3-pack\/#primaryimage"},"image":{"@id":"https:\/\/vitalbeat.com\/es\/shop\/s-icd-shirt-3-pack\/#primaryimage"},"thumbnailUrl":"https:\/\/vitalbeat.com\/es\/wp-content\/uploads\/2023\/05\/womanwhitethree.jpg","datePublished":"2020-03-08T23:09:53+00:00","dateModified":"2023-05-09T16:45:04+00:00","description":"La soluci\u00f3n S-ICD Protection de Vital Beat le ayuda a mantenerse protegido durante la pr\u00e1ctica deportiva y le hace sentirse m\u00e1s c\u00f3modo en la vida diaria.","breadcrumb":{"@id":"https:\/\/vitalbeat.com\/es\/shop\/s-icd-shirt-3-pack\/#breadcrumb"},"inLanguage":"es","potentialAction":[{"@type":"ReadAction","target":["https:\/\/vitalbeat.com\/es\/shop\/s-icd-shirt-3-pack\/"]}]},{"@type":"ImageObject","inLanguage":"es","@id":"https:\/\/vitalbeat.com\/es\/shop\/s-icd-shirt-3-pack\/#primaryimage","url":"https:\/\/vitalbeat.com\/es\/wp-content\/uploads\/2023\/05\/womanwhitethree.jpg","contentUrl":"https:\/\/vitalbeat.com\/es\/wp-content\/uploads\/2023\/05\/womanwhitethree.jpg","width":800,"height":800,"caption":"Vital Beat S-ICD Pack de 3 camisetas de para mujer"},{"@type":"BreadcrumbList","@id":"https:\/\/vitalbeat.com\/es\/shop\/s-icd-shirt-3-pack\/#breadcrumb","itemListElement":[{"@type":"ListItem","position":1,"name":"Home","item":"https:\/\/vitalbeat.com\/es\/"},{"@type":"ListItem","position":2,"name":"Shop","item":"https:\/\/vitalbeat.com\/es\/shop\/"},{"@type":"ListItem","position":3,"name":"Paquete de 3 camisas S-ICD"}]},{"@type":"WebSite","@id":"https:\/\/vitalbeat.com\/es\/#website","url":"https:\/\/vitalbeat.com\/es\/","name":"Vital Beat ES","description":"Protection and comfort","potentialAction":[{"@type":"SearchAction","target":{"@type":"EntryPoint","urlTemplate":"https:\/\/vitalbeat.com\/es\/?s={search_term_string}"},"query-input":{"@type":"PropertyValueSpecification","valueRequired":true,"valueName":"search_term_string"}}],"inLanguage":"es"}]}},"jetpack_sharing_enabled":true,"_links":{"self":[{"href":"https:\/\/vitalbeat.com\/es\/wp-json\/wp\/v2\/product\/286","targetHints":{"allow":["GET"]}}],"collection":[{"href":"https:\/\/vitalbeat.com\/es\/wp-json\/wp\/v2\/product"}],"about":[{"href":"https:\/\/vitalbeat.com\/es\/wp-json\/wp\/v2\/types\/product"}],"wp:featuredmedia":[{"embeddable":true,"href":"https:\/\/vitalbeat.com\/es\/wp-json\/wp\/v2\/media\/2924"}],"wp:attachment":[{"href":"https:\/\/vitalbeat.com\/es\/wp-json\/wp\/v2\/media?parent=286"}],"wp:term":[{"taxonomy":"product_brand","embeddable":true,"href":"https:\/\/vitalbeat.com\/es\/wp-json\/wp\/v2\/product_brand?post=286"},{"taxonomy":"product_cat","embeddable":true,"href":"https:\/\/vitalbeat.com\/es\/wp-json\/wp\/v2\/product_cat?post=286"},{"taxonomy":"product_tag","embeddable":true,"href":"https:\/\/vitalbeat.com\/es\/wp-json\/wp\/v2\/product_tag?post=286"}],"curies":[{"name":"wp","href":"https:\/\/api.w.org\/{rel}","templated":true}]}}