{"id":293,"date":"2020-03-09T11:48:27","date_gmt":"2020-03-09T11:48:27","guid":{"rendered":"https:\/\/www.vitalbeat.com\/?post_type=product&#038;p=293"},"modified":"2026-01-02T11:30:06","modified_gmt":"2026-01-02T11:30:06","slug":"s-icd-proteccion-y-comodidad-para-mujer","status":"publish","type":"product","link":"https:\/\/vitalbeat.com\/es\/shop\/s-icd-proteccion-y-comodidad-para-mujer\/","title":{"rendered":"S-ICD protecci\u00f3n y confort para las mujeres"},"content":{"rendered":"<h3>Escudo y camiseta para S-ICD<\/h3>\n<p>La soluci\u00f3n de protecci\u00f3n y confort Vital Beat S-ICD consiste en un escudo D3O con dos camisetas hechas a medida. El escudo s\u00f3lo puede utilizarse en combinaci\u00f3n con una camiseta Vital Beat para garantizar su correcto funcionamiento.<\/p>\n<h4>El escudo<\/h4>\n<p>El escudo est\u00e1 hecho de material D3O\u00ae, que es flexible y c\u00f3modo en estado de reposo pero act\u00faa como amortiguador en caso de impacto repentino. Esto hace que el material sea perfecto para llevarlo c\u00f3modamente durante el d\u00eda a la vez que es capaz de ofrecer protecci\u00f3n cuando es necesario.<\/p>\n<h4>La camiseta S-ICD<\/h4>\n<p>La camiseta S-ICD sirve como soporte del escudo. Cada camiseta tiene un bolsillo de forma especial a lo largo del lado izquierdo o derecho de la camiseta para asegurar el escudo protector contra su cuerpo. La camiseta est\u00e1 fabricada con un tejido de alta calidad que transpira f\u00e1cilmente y es ultra-fino. Esto le permite llevar la camiseta S-ICD muy c\u00f3modamente debajo de su ropa normal. El escudo S-ICD puede retirarse f\u00e1cilmente de la camiseta S-ICD, lo que le permite lavarla con regularidad.<\/p>\n","protected":false},"excerpt":{"rendered":"<p>Escudo y camiseta para S-ICD La soluci\u00f3n de protecci\u00f3n y confort Vital Beat S-ICD consiste en un escudo D3O con<\/p>\n","protected":false},"featured_media":2922,"template":"","meta":[],"product_brand":[],"product_cat":[22],"product_tag":[28,27],"class_list":{"0":"post-293","1":"product","2":"type-product","3":"status-publish","4":"has-post-thumbnail","6":"product_cat-shield-shirt","7":"product_tag-s-icd-comfort","8":"product_tag-s-icd-protection","10":"first","11":"instock","12":"taxable","13":"shipping-taxable","14":"purchasable","15":"product-type-variable"},"yoast_head":"<!-- This site is optimized with the Yoast SEO plugin v27.4 - https:\/\/yoast.com\/product\/yoast-seo-wordpress\/ -->\n<title>Vital Beat | S-ICD protecci\u00f3n y confort para las mujeres<\/title>\n<meta name=\"description\" content=\"La soluci\u00f3n S-ICD Protection de Vital Beat le ayuda a mantenerse protegido durante la pr\u00e1ctica deportiva y le hace sentirse m\u00e1s c\u00f3modo en la vida diaria.\" \/>\n<meta name=\"robots\" content=\"index, follow, max-snippet:-1, max-image-preview:large, max-video-preview:-1\" \/>\n<link rel=\"canonical\" href=\"https:\/\/vitalbeat.com\/es\/shop\/s-icd-proteccion-y-comodidad-para-mujer\/\" \/>\n<meta property=\"og:locale\" content=\"es_ES\" \/>\n<meta property=\"og:type\" content=\"article\" \/>\n<meta property=\"og:title\" content=\"Vital Beat | S-ICD protecci\u00f3n y confort para las mujeres\" \/>\n<meta property=\"og:description\" content=\"La soluci\u00f3n S-ICD Protection de Vital Beat le ayuda a mantenerse protegido durante la pr\u00e1ctica deportiva y le hace sentirse m\u00e1s c\u00f3modo en la vida diaria.\" \/>\n<meta property=\"og:url\" content=\"https:\/\/vitalbeat.com\/es\/shop\/s-icd-proteccion-y-comodidad-para-mujer\/\" \/>\n<meta property=\"og:site_name\" content=\"Vital Beat ES\" \/>\n<meta property=\"article:modified_time\" content=\"2026-01-02T11:30:06+00:00\" \/>\n<meta property=\"og:image\" content=\"https:\/\/vitalbeat.com\/es\/wp-content\/uploads\/2023\/05\/womanwhitestandard.jpg\" \/>\n\t<meta property=\"og:image:width\" content=\"800\" \/>\n\t<meta property=\"og:image:height\" content=\"800\" \/>\n\t<meta property=\"og:image:type\" content=\"image\/jpeg\" \/>\n<meta name=\"twitter:card\" content=\"summary_large_image\" \/>\n<meta name=\"twitter:label1\" content=\"Tiempo de lectura\" \/>\n\t<meta name=\"twitter:data1\" content=\"1 minuto\" \/>\n<script type=\"application\/ld+json\" class=\"yoast-schema-graph\">{\"@context\":\"https:\\\/\\\/schema.org\",\"@graph\":[{\"@type\":\"WebPage\",\"@id\":\"https:\\\/\\\/vitalbeat.com\\\/es\\\/shop\\\/s-icd-proteccion-y-comodidad-para-mujer\\\/\",\"url\":\"https:\\\/\\\/vitalbeat.com\\\/es\\\/shop\\\/s-icd-proteccion-y-comodidad-para-mujer\\\/\",\"name\":\"Vital Beat | S-ICD protecci\u00f3n y confort para las mujeres\",\"isPartOf\":{\"@id\":\"https:\\\/\\\/vitalbeat.com\\\/es\\\/#website\"},\"primaryImageOfPage\":{\"@id\":\"https:\\\/\\\/vitalbeat.com\\\/es\\\/shop\\\/s-icd-proteccion-y-comodidad-para-mujer\\\/#primaryimage\"},\"image\":{\"@id\":\"https:\\\/\\\/vitalbeat.com\\\/es\\\/shop\\\/s-icd-proteccion-y-comodidad-para-mujer\\\/#primaryimage\"},\"thumbnailUrl\":\"https:\\\/\\\/vitalbeat.com\\\/es\\\/wp-content\\\/uploads\\\/2023\\\/05\\\/womanwhitestandard.jpg\",\"datePublished\":\"2020-03-09T11:48:27+00:00\",\"dateModified\":\"2026-01-02T11:30:06+00:00\",\"description\":\"La soluci\u00f3n S-ICD Protection de Vital Beat le ayuda a mantenerse protegido durante la pr\u00e1ctica deportiva y le hace sentirse m\u00e1s c\u00f3modo en la vida diaria.\",\"breadcrumb\":{\"@id\":\"https:\\\/\\\/vitalbeat.com\\\/es\\\/shop\\\/s-icd-proteccion-y-comodidad-para-mujer\\\/#breadcrumb\"},\"inLanguage\":\"es\",\"potentialAction\":[{\"@type\":\"ReadAction\",\"target\":[\"https:\\\/\\\/vitalbeat.com\\\/es\\\/shop\\\/s-icd-proteccion-y-comodidad-para-mujer\\\/\"]}]},{\"@type\":\"ImageObject\",\"inLanguage\":\"es\",\"@id\":\"https:\\\/\\\/vitalbeat.com\\\/es\\\/shop\\\/s-icd-proteccion-y-comodidad-para-mujer\\\/#primaryimage\",\"url\":\"https:\\\/\\\/vitalbeat.com\\\/es\\\/wp-content\\\/uploads\\\/2023\\\/05\\\/womanwhitestandard.jpg\",\"contentUrl\":\"https:\\\/\\\/vitalbeat.com\\\/es\\\/wp-content\\\/uploads\\\/2023\\\/05\\\/womanwhitestandard.jpg\",\"width\":800,\"height\":800},{\"@type\":\"BreadcrumbList\",\"@id\":\"https:\\\/\\\/vitalbeat.com\\\/es\\\/shop\\\/s-icd-proteccion-y-comodidad-para-mujer\\\/#breadcrumb\",\"itemListElement\":[{\"@type\":\"ListItem\",\"position\":1,\"name\":\"Home\",\"item\":\"https:\\\/\\\/vitalbeat.com\\\/es\\\/\"},{\"@type\":\"ListItem\",\"position\":2,\"name\":\"Shop\",\"item\":\"https:\\\/\\\/vitalbeat.com\\\/es\\\/shop\\\/\"},{\"@type\":\"ListItem\",\"position\":3,\"name\":\"S-ICD protecci\u00f3n y confort para las mujeres\"}]},{\"@type\":\"WebSite\",\"@id\":\"https:\\\/\\\/vitalbeat.com\\\/es\\\/#website\",\"url\":\"https:\\\/\\\/vitalbeat.com\\\/es\\\/\",\"name\":\"Vital Beat ES\",\"description\":\"Protection and comfort\",\"potentialAction\":[{\"@type\":\"SearchAction\",\"target\":{\"@type\":\"EntryPoint\",\"urlTemplate\":\"https:\\\/\\\/vitalbeat.com\\\/es\\\/?s={search_term_string}\"},\"query-input\":{\"@type\":\"PropertyValueSpecification\",\"valueRequired\":true,\"valueName\":\"search_term_string\"}}],\"inLanguage\":\"es\"}]}<\/script>\n<!-- \/ Yoast SEO plugin. -->","yoast_head_json":{"title":"Vital Beat | S-ICD protecci\u00f3n y confort para las mujeres","description":"La soluci\u00f3n S-ICD Protection de Vital Beat le ayuda a mantenerse protegido durante la pr\u00e1ctica deportiva y le hace sentirse m\u00e1s c\u00f3modo en la vida diaria.","robots":{"index":"index","follow":"follow","max-snippet":"max-snippet:-1","max-image-preview":"max-image-preview:large","max-video-preview":"max-video-preview:-1"},"canonical":"https:\/\/vitalbeat.com\/es\/shop\/s-icd-proteccion-y-comodidad-para-mujer\/","og_locale":"es_ES","og_type":"article","og_title":"Vital Beat | S-ICD protecci\u00f3n y confort para las mujeres","og_description":"La soluci\u00f3n S-ICD Protection de Vital Beat le ayuda a mantenerse protegido durante la pr\u00e1ctica deportiva y le hace sentirse m\u00e1s c\u00f3modo en la vida diaria.","og_url":"https:\/\/vitalbeat.com\/es\/shop\/s-icd-proteccion-y-comodidad-para-mujer\/","og_site_name":"Vital Beat ES","article_modified_time":"2026-01-02T11:30:06+00:00","og_image":[{"width":800,"height":800,"url":"https:\/\/vitalbeat.com\/es\/wp-content\/uploads\/2023\/05\/womanwhitestandard.jpg","type":"image\/jpeg"}],"twitter_card":"summary_large_image","twitter_misc":{"Tiempo de lectura":"1 minuto"},"schema":{"@context":"https:\/\/schema.org","@graph":[{"@type":"WebPage","@id":"https:\/\/vitalbeat.com\/es\/shop\/s-icd-proteccion-y-comodidad-para-mujer\/","url":"https:\/\/vitalbeat.com\/es\/shop\/s-icd-proteccion-y-comodidad-para-mujer\/","name":"Vital Beat | S-ICD protecci\u00f3n y confort para las mujeres","isPartOf":{"@id":"https:\/\/vitalbeat.com\/es\/#website"},"primaryImageOfPage":{"@id":"https:\/\/vitalbeat.com\/es\/shop\/s-icd-proteccion-y-comodidad-para-mujer\/#primaryimage"},"image":{"@id":"https:\/\/vitalbeat.com\/es\/shop\/s-icd-proteccion-y-comodidad-para-mujer\/#primaryimage"},"thumbnailUrl":"https:\/\/vitalbeat.com\/es\/wp-content\/uploads\/2023\/05\/womanwhitestandard.jpg","datePublished":"2020-03-09T11:48:27+00:00","dateModified":"2026-01-02T11:30:06+00:00","description":"La soluci\u00f3n S-ICD Protection de Vital Beat le ayuda a mantenerse protegido durante la pr\u00e1ctica deportiva y le hace sentirse m\u00e1s c\u00f3modo en la vida diaria.","breadcrumb":{"@id":"https:\/\/vitalbeat.com\/es\/shop\/s-icd-proteccion-y-comodidad-para-mujer\/#breadcrumb"},"inLanguage":"es","potentialAction":[{"@type":"ReadAction","target":["https:\/\/vitalbeat.com\/es\/shop\/s-icd-proteccion-y-comodidad-para-mujer\/"]}]},{"@type":"ImageObject","inLanguage":"es","@id":"https:\/\/vitalbeat.com\/es\/shop\/s-icd-proteccion-y-comodidad-para-mujer\/#primaryimage","url":"https:\/\/vitalbeat.com\/es\/wp-content\/uploads\/2023\/05\/womanwhitestandard.jpg","contentUrl":"https:\/\/vitalbeat.com\/es\/wp-content\/uploads\/2023\/05\/womanwhitestandard.jpg","width":800,"height":800},{"@type":"BreadcrumbList","@id":"https:\/\/vitalbeat.com\/es\/shop\/s-icd-proteccion-y-comodidad-para-mujer\/#breadcrumb","itemListElement":[{"@type":"ListItem","position":1,"name":"Home","item":"https:\/\/vitalbeat.com\/es\/"},{"@type":"ListItem","position":2,"name":"Shop","item":"https:\/\/vitalbeat.com\/es\/shop\/"},{"@type":"ListItem","position":3,"name":"S-ICD protecci\u00f3n y confort para las mujeres"}]},{"@type":"WebSite","@id":"https:\/\/vitalbeat.com\/es\/#website","url":"https:\/\/vitalbeat.com\/es\/","name":"Vital Beat ES","description":"Protection and comfort","potentialAction":[{"@type":"SearchAction","target":{"@type":"EntryPoint","urlTemplate":"https:\/\/vitalbeat.com\/es\/?s={search_term_string}"},"query-input":{"@type":"PropertyValueSpecification","valueRequired":true,"valueName":"search_term_string"}}],"inLanguage":"es"}]}},"jetpack_sharing_enabled":true,"_links":{"self":[{"href":"https:\/\/vitalbeat.com\/es\/wp-json\/wp\/v2\/product\/293","targetHints":{"allow":["GET"]}}],"collection":[{"href":"https:\/\/vitalbeat.com\/es\/wp-json\/wp\/v2\/product"}],"about":[{"href":"https:\/\/vitalbeat.com\/es\/wp-json\/wp\/v2\/types\/product"}],"wp:featuredmedia":[{"embeddable":true,"href":"https:\/\/vitalbeat.com\/es\/wp-json\/wp\/v2\/media\/2922"}],"wp:attachment":[{"href":"https:\/\/vitalbeat.com\/es\/wp-json\/wp\/v2\/media?parent=293"}],"wp:term":[{"taxonomy":"product_brand","embeddable":true,"href":"https:\/\/vitalbeat.com\/es\/wp-json\/wp\/v2\/product_brand?post=293"},{"taxonomy":"product_cat","embeddable":true,"href":"https:\/\/vitalbeat.com\/es\/wp-json\/wp\/v2\/product_cat?post=293"},{"taxonomy":"product_tag","embeddable":true,"href":"https:\/\/vitalbeat.com\/es\/wp-json\/wp\/v2\/product_tag?post=293"}],"curies":[{"name":"wp","href":"https:\/\/api.w.org\/{rel}","templated":true}]}}