{"id":347,"date":"2020-03-09T16:51:05","date_gmt":"2020-03-09T16:51:05","guid":{"rendered":"https:\/\/www.vitalbeat.com\/?post_type=product&#038;p=347"},"modified":"2025-09-15T12:17:52","modified_gmt":"2025-09-15T12:17:52","slug":"dai-escudo-deporte-escudo-dos-camisetas-para-hombres","status":"publish","type":"product","link":"https:\/\/vitalbeat.com\/es\/shop\/dai-escudo-deporte-escudo-dos-camisetas-para-hombres\/","title":{"rendered":"Escudo de protecci\u00f3n y confort para DAI, escudo deportivo y dos camisetas para hombre"},"content":{"rendered":"<h3>Escudo y camiseta de protecci\u00f3n y confort DAI<\/h3>\n<p>La soluci\u00f3n de protecci\u00f3n y confort Vital Beat DAI consiste un escudo D3O, escudo deportivo y dos camisetas.. El escudo s\u00f3lo puede utilizarse en combinaci\u00f3n con una camiseta Vital Beat para garantizar su correcto funcionamiento.<\/p>\n<h4><span style=\"font-weight: 400;\">\u00a0<\/span>El escudo<\/h4>\n<p>El escudo est\u00e1 fabricado con material D3O\u00ae. El material es suave y flexible, y el calor de su cuerpo influir\u00e1 a\u00fan m\u00e1s en ello, haci\u00e9ndolo casi imperceptible cuando lo lleve puesto.\u00a0 El escudo se endurecer\u00e1, absorber\u00e1 y dispersar\u00e1 instant\u00e1neamente en caso de cualquier impacto repentino. Esto hace que el material sea perfecto para llevarlo c\u00f3modamente durante el d\u00eda y, al mismo tiempo, ofrecer protecci\u00f3n cuando sea necesario.<\/p>\n<h4>El escudo deportivo |<\/h4>\n<p>El escudo deportivo es suave y flexible. Combinado con el escudo est\u00e1ndar, le ofrecer\u00e1 un confort y una protecci\u00f3n \u00f3ptimos. Ambos escudos caben simult\u00e1neamente en el bolsillo de su camisa.<\/p>\n<p>El Sport Shield sirve como capa extra de protecci\u00f3n para portadores de dispositivos activos y personas con mayor riesgo de recibir golpes en la zona del implante.<\/p>\n<p>Tambi\u00e9n puede utilizarse como barrera adicional entre la piel y el escudo est\u00e1ndar para mejorar la comodidad. Para ello, haga un agujero en el Sport Shield en el lugar donde se encuentra su dispositivo. En este caso, el Sport Shield actuar\u00e1 como soporte del escudo est\u00e1ndar. Esto no s\u00f3lo aliviar\u00e1 la presi\u00f3n sobre el propio dispositivo, sino que tambi\u00e9n ayudar\u00e1 a proteger la fina capa de piel que va sobre su dispositivo. Esta opci\u00f3n es la m\u00e1s adecuada para los portadores de dispositivos cuyo aparato se encuentra muy cerca de la superficie de la piel.<\/p>\n<h4>La camiseta del DAI<\/h4>\n<p>La camiseta DAI sirve como soporte del escudo. Cada camiseta tiene un bolsillo de forma especial a lo largo del lado izquierdo o derecho de la camiseta para asegurar el Escudo protector contra su cuerpo. La camiseta est\u00e1 fabricada con un tejido de alta calidad que transpira f\u00e1cilmente y es ultrafino. Esto le permite llevar la camiseta DAI muy c\u00f3modamente debajo de su ropa normal de diario.<\/p>\n<p>El escudo DAI puede retirarse f\u00e1cilmente de la camiseta, lo que le permite lavarla con regularidad.<\/p>\n","protected":false},"excerpt":{"rendered":"<p>Escudo y camiseta de protecci\u00f3n y confort DAI La soluci\u00f3n de protecci\u00f3n y confort Vital Beat DAI consiste un escudo<\/p>\n","protected":false},"featured_media":2853,"template":"","meta":[],"product_brand":[],"product_cat":[24],"product_tag":[33,25],"class_list":{"0":"post-347","1":"product","2":"type-product","3":"status-publish","4":"has-post-thumbnail","6":"product_cat-shield-sport-shield-shirts","7":"product_tag-icd-comfort","8":"product_tag-icd-protection","10":"first","11":"instock","12":"sale","13":"taxable","14":"shipping-taxable","15":"purchasable","16":"product-type-variable"},"yoast_head":"<!-- This site is optimized with the Yoast SEO plugin v27.4 - https:\/\/yoast.com\/product\/yoast-seo-wordpress\/ -->\n<title>Vital Beat | Escudo y camiseta de protecci\u00f3n y confort DAI<\/title>\n<meta name=\"description\" content=\"La soluci\u00f3n de protecci\u00f3n DAI de Vital Beat le ayuda a mantenerse protegido durante la pr\u00e1ctica deportiva y le hace sentirse m\u00e1s c\u00f3modo en la vida diaria.\" \/>\n<meta name=\"robots\" content=\"index, follow, max-snippet:-1, max-image-preview:large, max-video-preview:-1\" \/>\n<link rel=\"canonical\" href=\"https:\/\/vitalbeat.com\/es\/shop\/dai-escudo-deporte-escudo-dos-camisetas-para-hombres\/\" \/>\n<meta property=\"og:locale\" content=\"es_ES\" \/>\n<meta property=\"og:type\" content=\"article\" \/>\n<meta property=\"og:title\" content=\"Vital Beat | Escudo y camiseta de protecci\u00f3n y confort DAI\" \/>\n<meta property=\"og:description\" content=\"La soluci\u00f3n de protecci\u00f3n DAI de Vital Beat le ayuda a mantenerse protegido durante la pr\u00e1ctica deportiva y le hace sentirse m\u00e1s c\u00f3modo en la vida diaria.\" \/>\n<meta property=\"og:url\" content=\"https:\/\/vitalbeat.com\/es\/shop\/dai-escudo-deporte-escudo-dos-camisetas-para-hombres\/\" \/>\n<meta property=\"og:site_name\" content=\"Vital Beat ES\" \/>\n<meta property=\"article:modified_time\" content=\"2025-09-15T12:17:52+00:00\" \/>\n<meta property=\"og:image\" content=\"https:\/\/vitalbeat.com\/es\/wp-content\/uploads\/2023\/05\/manwhitesleevedtwoandsportshield.jpg\" \/>\n\t<meta property=\"og:image:width\" content=\"800\" \/>\n\t<meta property=\"og:image:height\" content=\"800\" \/>\n\t<meta property=\"og:image:type\" content=\"image\/jpeg\" \/>\n<meta name=\"twitter:card\" content=\"summary_large_image\" \/>\n<meta name=\"twitter:label1\" content=\"Tiempo de lectura\" \/>\n\t<meta name=\"twitter:data1\" content=\"2 minutos\" \/>\n<script type=\"application\/ld+json\" class=\"yoast-schema-graph\">{\"@context\":\"https:\\\/\\\/schema.org\",\"@graph\":[{\"@type\":\"WebPage\",\"@id\":\"https:\\\/\\\/vitalbeat.com\\\/es\\\/shop\\\/dai-escudo-deporte-escudo-dos-camisetas-para-hombres\\\/\",\"url\":\"https:\\\/\\\/vitalbeat.com\\\/es\\\/shop\\\/dai-escudo-deporte-escudo-dos-camisetas-para-hombres\\\/\",\"name\":\"Vital Beat | Escudo y camiseta de protecci\u00f3n y confort DAI\",\"isPartOf\":{\"@id\":\"https:\\\/\\\/vitalbeat.com\\\/es\\\/#website\"},\"primaryImageOfPage\":{\"@id\":\"https:\\\/\\\/vitalbeat.com\\\/es\\\/shop\\\/dai-escudo-deporte-escudo-dos-camisetas-para-hombres\\\/#primaryimage\"},\"image\":{\"@id\":\"https:\\\/\\\/vitalbeat.com\\\/es\\\/shop\\\/dai-escudo-deporte-escudo-dos-camisetas-para-hombres\\\/#primaryimage\"},\"thumbnailUrl\":\"https:\\\/\\\/vitalbeat.com\\\/es\\\/wp-content\\\/uploads\\\/2023\\\/05\\\/manwhitesleevedtwoandsportshield.jpg\",\"datePublished\":\"2020-03-09T16:51:05+00:00\",\"dateModified\":\"2025-09-15T12:17:52+00:00\",\"description\":\"La soluci\u00f3n de protecci\u00f3n DAI de Vital Beat le ayuda a mantenerse protegido durante la pr\u00e1ctica deportiva y le hace sentirse m\u00e1s c\u00f3modo en la vida diaria.\",\"breadcrumb\":{\"@id\":\"https:\\\/\\\/vitalbeat.com\\\/es\\\/shop\\\/dai-escudo-deporte-escudo-dos-camisetas-para-hombres\\\/#breadcrumb\"},\"inLanguage\":\"es\",\"potentialAction\":[{\"@type\":\"ReadAction\",\"target\":[\"https:\\\/\\\/vitalbeat.com\\\/es\\\/shop\\\/dai-escudo-deporte-escudo-dos-camisetas-para-hombres\\\/\"]}]},{\"@type\":\"ImageObject\",\"inLanguage\":\"es\",\"@id\":\"https:\\\/\\\/vitalbeat.com\\\/es\\\/shop\\\/dai-escudo-deporte-escudo-dos-camisetas-para-hombres\\\/#primaryimage\",\"url\":\"https:\\\/\\\/vitalbeat.com\\\/es\\\/wp-content\\\/uploads\\\/2023\\\/05\\\/manwhitesleevedtwoandsportshield.jpg\",\"contentUrl\":\"https:\\\/\\\/vitalbeat.com\\\/es\\\/wp-content\\\/uploads\\\/2023\\\/05\\\/manwhitesleevedtwoandsportshield.jpg\",\"width\":800,\"height\":800,\"caption\":\"Vital Beat marcapasos y DAI escudo, escudo deportivo y dos camisetas para hombre\"},{\"@type\":\"BreadcrumbList\",\"@id\":\"https:\\\/\\\/vitalbeat.com\\\/es\\\/shop\\\/dai-escudo-deporte-escudo-dos-camisetas-para-hombres\\\/#breadcrumb\",\"itemListElement\":[{\"@type\":\"ListItem\",\"position\":1,\"name\":\"Home\",\"item\":\"https:\\\/\\\/vitalbeat.com\\\/es\\\/\"},{\"@type\":\"ListItem\",\"position\":2,\"name\":\"Shop\",\"item\":\"https:\\\/\\\/vitalbeat.com\\\/es\\\/shop\\\/\"},{\"@type\":\"ListItem\",\"position\":3,\"name\":\"Escudo de protecci\u00f3n y confort para DAI, escudo deportivo y dos camisetas para hombre\"}]},{\"@type\":\"WebSite\",\"@id\":\"https:\\\/\\\/vitalbeat.com\\\/es\\\/#website\",\"url\":\"https:\\\/\\\/vitalbeat.com\\\/es\\\/\",\"name\":\"Vital Beat ES\",\"description\":\"Protection and comfort\",\"potentialAction\":[{\"@type\":\"SearchAction\",\"target\":{\"@type\":\"EntryPoint\",\"urlTemplate\":\"https:\\\/\\\/vitalbeat.com\\\/es\\\/?s={search_term_string}\"},\"query-input\":{\"@type\":\"PropertyValueSpecification\",\"valueRequired\":true,\"valueName\":\"search_term_string\"}}],\"inLanguage\":\"es\"}]}<\/script>\n<!-- \/ Yoast SEO plugin. -->","yoast_head_json":{"title":"Vital Beat | Escudo y camiseta de protecci\u00f3n y confort DAI","description":"La soluci\u00f3n de protecci\u00f3n DAI de Vital Beat le ayuda a mantenerse protegido durante la pr\u00e1ctica deportiva y le hace sentirse m\u00e1s c\u00f3modo en la vida diaria.","robots":{"index":"index","follow":"follow","max-snippet":"max-snippet:-1","max-image-preview":"max-image-preview:large","max-video-preview":"max-video-preview:-1"},"canonical":"https:\/\/vitalbeat.com\/es\/shop\/dai-escudo-deporte-escudo-dos-camisetas-para-hombres\/","og_locale":"es_ES","og_type":"article","og_title":"Vital Beat | Escudo y camiseta de protecci\u00f3n y confort DAI","og_description":"La soluci\u00f3n de protecci\u00f3n DAI de Vital Beat le ayuda a mantenerse protegido durante la pr\u00e1ctica deportiva y le hace sentirse m\u00e1s c\u00f3modo en la vida diaria.","og_url":"https:\/\/vitalbeat.com\/es\/shop\/dai-escudo-deporte-escudo-dos-camisetas-para-hombres\/","og_site_name":"Vital Beat ES","article_modified_time":"2025-09-15T12:17:52+00:00","og_image":[{"width":800,"height":800,"url":"https:\/\/vitalbeat.com\/es\/wp-content\/uploads\/2023\/05\/manwhitesleevedtwoandsportshield.jpg","type":"image\/jpeg"}],"twitter_card":"summary_large_image","twitter_misc":{"Tiempo de lectura":"2 minutos"},"schema":{"@context":"https:\/\/schema.org","@graph":[{"@type":"WebPage","@id":"https:\/\/vitalbeat.com\/es\/shop\/dai-escudo-deporte-escudo-dos-camisetas-para-hombres\/","url":"https:\/\/vitalbeat.com\/es\/shop\/dai-escudo-deporte-escudo-dos-camisetas-para-hombres\/","name":"Vital Beat | Escudo y camiseta de protecci\u00f3n y confort DAI","isPartOf":{"@id":"https:\/\/vitalbeat.com\/es\/#website"},"primaryImageOfPage":{"@id":"https:\/\/vitalbeat.com\/es\/shop\/dai-escudo-deporte-escudo-dos-camisetas-para-hombres\/#primaryimage"},"image":{"@id":"https:\/\/vitalbeat.com\/es\/shop\/dai-escudo-deporte-escudo-dos-camisetas-para-hombres\/#primaryimage"},"thumbnailUrl":"https:\/\/vitalbeat.com\/es\/wp-content\/uploads\/2023\/05\/manwhitesleevedtwoandsportshield.jpg","datePublished":"2020-03-09T16:51:05+00:00","dateModified":"2025-09-15T12:17:52+00:00","description":"La soluci\u00f3n de protecci\u00f3n DAI de Vital Beat le ayuda a mantenerse protegido durante la pr\u00e1ctica deportiva y le hace sentirse m\u00e1s c\u00f3modo en la vida diaria.","breadcrumb":{"@id":"https:\/\/vitalbeat.com\/es\/shop\/dai-escudo-deporte-escudo-dos-camisetas-para-hombres\/#breadcrumb"},"inLanguage":"es","potentialAction":[{"@type":"ReadAction","target":["https:\/\/vitalbeat.com\/es\/shop\/dai-escudo-deporte-escudo-dos-camisetas-para-hombres\/"]}]},{"@type":"ImageObject","inLanguage":"es","@id":"https:\/\/vitalbeat.com\/es\/shop\/dai-escudo-deporte-escudo-dos-camisetas-para-hombres\/#primaryimage","url":"https:\/\/vitalbeat.com\/es\/wp-content\/uploads\/2023\/05\/manwhitesleevedtwoandsportshield.jpg","contentUrl":"https:\/\/vitalbeat.com\/es\/wp-content\/uploads\/2023\/05\/manwhitesleevedtwoandsportshield.jpg","width":800,"height":800,"caption":"Vital Beat marcapasos y DAI escudo, escudo deportivo y dos camisetas para hombre"},{"@type":"BreadcrumbList","@id":"https:\/\/vitalbeat.com\/es\/shop\/dai-escudo-deporte-escudo-dos-camisetas-para-hombres\/#breadcrumb","itemListElement":[{"@type":"ListItem","position":1,"name":"Home","item":"https:\/\/vitalbeat.com\/es\/"},{"@type":"ListItem","position":2,"name":"Shop","item":"https:\/\/vitalbeat.com\/es\/shop\/"},{"@type":"ListItem","position":3,"name":"Escudo de protecci\u00f3n y confort para DAI, escudo deportivo y dos camisetas para hombre"}]},{"@type":"WebSite","@id":"https:\/\/vitalbeat.com\/es\/#website","url":"https:\/\/vitalbeat.com\/es\/","name":"Vital Beat ES","description":"Protection and comfort","potentialAction":[{"@type":"SearchAction","target":{"@type":"EntryPoint","urlTemplate":"https:\/\/vitalbeat.com\/es\/?s={search_term_string}"},"query-input":{"@type":"PropertyValueSpecification","valueRequired":true,"valueName":"search_term_string"}}],"inLanguage":"es"}]}},"jetpack_sharing_enabled":true,"_links":{"self":[{"href":"https:\/\/vitalbeat.com\/es\/wp-json\/wp\/v2\/product\/347","targetHints":{"allow":["GET"]}}],"collection":[{"href":"https:\/\/vitalbeat.com\/es\/wp-json\/wp\/v2\/product"}],"about":[{"href":"https:\/\/vitalbeat.com\/es\/wp-json\/wp\/v2\/types\/product"}],"wp:featuredmedia":[{"embeddable":true,"href":"https:\/\/vitalbeat.com\/es\/wp-json\/wp\/v2\/media\/2853"}],"wp:attachment":[{"href":"https:\/\/vitalbeat.com\/es\/wp-json\/wp\/v2\/media?parent=347"}],"wp:term":[{"taxonomy":"product_brand","embeddable":true,"href":"https:\/\/vitalbeat.com\/es\/wp-json\/wp\/v2\/product_brand?post=347"},{"taxonomy":"product_cat","embeddable":true,"href":"https:\/\/vitalbeat.com\/es\/wp-json\/wp\/v2\/product_cat?post=347"},{"taxonomy":"product_tag","embeddable":true,"href":"https:\/\/vitalbeat.com\/es\/wp-json\/wp\/v2\/product_tag?post=347"}],"curies":[{"name":"wp","href":"https:\/\/api.w.org\/{rel}","templated":true}]}}