{"id":849,"date":"2020-05-07T11:17:12","date_gmt":"2020-05-07T11:17:12","guid":{"rendered":"https:\/\/www.vitalbeat.com\/?post_type=product&#038;p=849"},"modified":"2023-04-01T12:39:28","modified_gmt":"2023-04-01T12:39:28","slug":"vital-beat-shield-sport-shield-and-two-shirts-for-shooting-and-hunting","status":"publish","type":"product","link":"https:\/\/vitalbeat.com\/es\/shop\/vital-beat-shield-sport-shield-and-two-shirts-for-shooting-and-hunting\/","title":{"rendered":"Vital Beat| Escudo, escudo deportivo para tiro y caza y dos camisetas"},"content":{"rendered":"<h4>Vital Beat| Escudo, escudo deportivo para tiro y caza y dos camisetas<\/h4>\n<p>Vital Beat Tiro y caza comodidad y protecci\u00f3n para marcapasos y DAI. Dise\u00f1ado para cazadores y tiradores para cubrir su dispositivo m\u00e9dico y el hombro.<\/p>\n<p>Vital Beat ha desarrollado una versi\u00f3n especial de nuestro escudo deportivo Vital Beat. Hemos a\u00f1adido una pieza extra en la parte superior para cubrir la parte superior del hombro del retroceso del rifle.<\/p>\n<p>El escudo deportivo tiene 8 mm de espesor, 2 mm m\u00e1s que nuestro escudo deportivo est\u00e1ndar.<\/p>\n","protected":false},"excerpt":{"rendered":"<p>Vital Beat| Escudo, escudo deportivo para tiro y caza y dos camisetas Vital Beat Tiro y caza comodidad y protecci\u00f3n<\/p>\n","protected":false},"featured_media":1319,"template":"","meta":[],"product_brand":[],"product_cat":[23],"product_tag":[],"class_list":{"0":"post-849","1":"product","2":"type-product","3":"status-publish","4":"has-post-thumbnail","6":"product_cat-shield-sport-shield-shirt","8":"first","9":"instock","10":"taxable","11":"shipping-taxable","12":"purchasable","13":"product-type-variable"},"yoast_head":"<!-- This site is optimized with the Yoast SEO plugin v27.4 - https:\/\/yoast.com\/product\/yoast-seo-wordpress\/ -->\n<title>Escudo Vital Beat, escudo deportivo para tiro y caza y dos camisetas<\/title>\n<meta name=\"description\" content=\"Vital Beat Shooting and hunting comfort and protection for pacemaker and ICD. Designed for hunters and shooters to cover their medical device and soulder.\" \/>\n<meta name=\"robots\" content=\"index, follow, max-snippet:-1, max-image-preview:large, max-video-preview:-1\" \/>\n<link rel=\"canonical\" href=\"https:\/\/vitalbeat.com\/es\/shop\/vital-beat-shield-sport-shield-and-two-shirts-for-shooting-and-hunting\/\" \/>\n<meta property=\"og:locale\" content=\"es_ES\" \/>\n<meta property=\"og:type\" content=\"article\" \/>\n<meta property=\"og:title\" content=\"Escudo Vital Beat, escudo deportivo para tiro y caza y dos camisetas\" \/>\n<meta property=\"og:description\" content=\"Vital Beat Shooting and hunting comfort and protection for pacemaker and ICD. Designed for hunters and shooters to cover their medical device and soulder.\" \/>\n<meta property=\"og:url\" content=\"https:\/\/vitalbeat.com\/es\/shop\/vital-beat-shield-sport-shield-and-two-shirts-for-shooting-and-hunting\/\" \/>\n<meta property=\"og:site_name\" content=\"Vital Beat ES\" \/>\n<meta property=\"article:modified_time\" content=\"2023-04-01T12:39:28+00:00\" \/>\n<meta property=\"og:image\" content=\"https:\/\/vitalbeat.com\/es\/wp-content\/uploads\/2020\/05\/man-wit-shootingshield.jpg\" \/>\n\t<meta property=\"og:image:width\" content=\"1024\" \/>\n\t<meta property=\"og:image:height\" content=\"1024\" \/>\n\t<meta property=\"og:image:type\" content=\"image\/jpeg\" \/>\n<meta name=\"twitter:card\" content=\"summary_large_image\" \/>\n<meta name=\"twitter:label1\" content=\"Tiempo de lectura\" \/>\n\t<meta name=\"twitter:data1\" content=\"1 minuto\" \/>\n<script type=\"application\/ld+json\" class=\"yoast-schema-graph\">{\"@context\":\"https:\\\/\\\/schema.org\",\"@graph\":[{\"@type\":\"WebPage\",\"@id\":\"https:\\\/\\\/vitalbeat.com\\\/es\\\/shop\\\/vital-beat-shield-sport-shield-and-two-shirts-for-shooting-and-hunting\\\/\",\"url\":\"https:\\\/\\\/vitalbeat.com\\\/es\\\/shop\\\/vital-beat-shield-sport-shield-and-two-shirts-for-shooting-and-hunting\\\/\",\"name\":\"Escudo Vital Beat, escudo deportivo para tiro y caza y dos camisetas\",\"isPartOf\":{\"@id\":\"https:\\\/\\\/vitalbeat.com\\\/es\\\/#website\"},\"primaryImageOfPage\":{\"@id\":\"https:\\\/\\\/vitalbeat.com\\\/es\\\/shop\\\/vital-beat-shield-sport-shield-and-two-shirts-for-shooting-and-hunting\\\/#primaryimage\"},\"image\":{\"@id\":\"https:\\\/\\\/vitalbeat.com\\\/es\\\/shop\\\/vital-beat-shield-sport-shield-and-two-shirts-for-shooting-and-hunting\\\/#primaryimage\"},\"thumbnailUrl\":\"https:\\\/\\\/vitalbeat.com\\\/es\\\/wp-content\\\/uploads\\\/2020\\\/05\\\/man-wit-shootingshield.jpg\",\"datePublished\":\"2020-05-07T11:17:12+00:00\",\"dateModified\":\"2023-04-01T12:39:28+00:00\",\"description\":\"Vital Beat Shooting and hunting comfort and protection for pacemaker and ICD. Designed for hunters and shooters to cover their medical device and soulder.\",\"breadcrumb\":{\"@id\":\"https:\\\/\\\/vitalbeat.com\\\/es\\\/shop\\\/vital-beat-shield-sport-shield-and-two-shirts-for-shooting-and-hunting\\\/#breadcrumb\"},\"inLanguage\":\"es\",\"potentialAction\":[{\"@type\":\"ReadAction\",\"target\":[\"https:\\\/\\\/vitalbeat.com\\\/es\\\/shop\\\/vital-beat-shield-sport-shield-and-two-shirts-for-shooting-and-hunting\\\/\"]}]},{\"@type\":\"ImageObject\",\"inLanguage\":\"es\",\"@id\":\"https:\\\/\\\/vitalbeat.com\\\/es\\\/shop\\\/vital-beat-shield-sport-shield-and-two-shirts-for-shooting-and-hunting\\\/#primaryimage\",\"url\":\"https:\\\/\\\/vitalbeat.com\\\/es\\\/wp-content\\\/uploads\\\/2020\\\/05\\\/man-wit-shootingshield.jpg\",\"contentUrl\":\"https:\\\/\\\/vitalbeat.com\\\/es\\\/wp-content\\\/uploads\\\/2020\\\/05\\\/man-wit-shootingshield.jpg\",\"width\":1024,\"height\":1024},{\"@type\":\"BreadcrumbList\",\"@id\":\"https:\\\/\\\/vitalbeat.com\\\/es\\\/shop\\\/vital-beat-shield-sport-shield-and-two-shirts-for-shooting-and-hunting\\\/#breadcrumb\",\"itemListElement\":[{\"@type\":\"ListItem\",\"position\":1,\"name\":\"Home\",\"item\":\"https:\\\/\\\/vitalbeat.com\\\/es\\\/\"},{\"@type\":\"ListItem\",\"position\":2,\"name\":\"Shop\",\"item\":\"https:\\\/\\\/vitalbeat.com\\\/es\\\/shop\\\/\"},{\"@type\":\"ListItem\",\"position\":3,\"name\":\"Vital Beat| Escudo, escudo deportivo para tiro y caza y dos camisetas\"}]},{\"@type\":\"WebSite\",\"@id\":\"https:\\\/\\\/vitalbeat.com\\\/es\\\/#website\",\"url\":\"https:\\\/\\\/vitalbeat.com\\\/es\\\/\",\"name\":\"Vital Beat ES\",\"description\":\"Protection and comfort\",\"potentialAction\":[{\"@type\":\"SearchAction\",\"target\":{\"@type\":\"EntryPoint\",\"urlTemplate\":\"https:\\\/\\\/vitalbeat.com\\\/es\\\/?s={search_term_string}\"},\"query-input\":{\"@type\":\"PropertyValueSpecification\",\"valueRequired\":true,\"valueName\":\"search_term_string\"}}],\"inLanguage\":\"es\"}]}<\/script>\n<!-- \/ Yoast SEO plugin. -->","yoast_head_json":{"title":"Escudo Vital Beat, escudo deportivo para tiro y caza y dos camisetas","description":"Vital Beat Shooting and hunting comfort and protection for pacemaker and ICD. Designed for hunters and shooters to cover their medical device and soulder.","robots":{"index":"index","follow":"follow","max-snippet":"max-snippet:-1","max-image-preview":"max-image-preview:large","max-video-preview":"max-video-preview:-1"},"canonical":"https:\/\/vitalbeat.com\/es\/shop\/vital-beat-shield-sport-shield-and-two-shirts-for-shooting-and-hunting\/","og_locale":"es_ES","og_type":"article","og_title":"Escudo Vital Beat, escudo deportivo para tiro y caza y dos camisetas","og_description":"Vital Beat Shooting and hunting comfort and protection for pacemaker and ICD. Designed for hunters and shooters to cover their medical device and soulder.","og_url":"https:\/\/vitalbeat.com\/es\/shop\/vital-beat-shield-sport-shield-and-two-shirts-for-shooting-and-hunting\/","og_site_name":"Vital Beat ES","article_modified_time":"2023-04-01T12:39:28+00:00","og_image":[{"width":1024,"height":1024,"url":"https:\/\/vitalbeat.com\/es\/wp-content\/uploads\/2020\/05\/man-wit-shootingshield.jpg","type":"image\/jpeg"}],"twitter_card":"summary_large_image","twitter_misc":{"Tiempo de lectura":"1 minuto"},"schema":{"@context":"https:\/\/schema.org","@graph":[{"@type":"WebPage","@id":"https:\/\/vitalbeat.com\/es\/shop\/vital-beat-shield-sport-shield-and-two-shirts-for-shooting-and-hunting\/","url":"https:\/\/vitalbeat.com\/es\/shop\/vital-beat-shield-sport-shield-and-two-shirts-for-shooting-and-hunting\/","name":"Escudo Vital Beat, escudo deportivo para tiro y caza y dos camisetas","isPartOf":{"@id":"https:\/\/vitalbeat.com\/es\/#website"},"primaryImageOfPage":{"@id":"https:\/\/vitalbeat.com\/es\/shop\/vital-beat-shield-sport-shield-and-two-shirts-for-shooting-and-hunting\/#primaryimage"},"image":{"@id":"https:\/\/vitalbeat.com\/es\/shop\/vital-beat-shield-sport-shield-and-two-shirts-for-shooting-and-hunting\/#primaryimage"},"thumbnailUrl":"https:\/\/vitalbeat.com\/es\/wp-content\/uploads\/2020\/05\/man-wit-shootingshield.jpg","datePublished":"2020-05-07T11:17:12+00:00","dateModified":"2023-04-01T12:39:28+00:00","description":"Vital Beat Shooting and hunting comfort and protection for pacemaker and ICD. Designed for hunters and shooters to cover their medical device and soulder.","breadcrumb":{"@id":"https:\/\/vitalbeat.com\/es\/shop\/vital-beat-shield-sport-shield-and-two-shirts-for-shooting-and-hunting\/#breadcrumb"},"inLanguage":"es","potentialAction":[{"@type":"ReadAction","target":["https:\/\/vitalbeat.com\/es\/shop\/vital-beat-shield-sport-shield-and-two-shirts-for-shooting-and-hunting\/"]}]},{"@type":"ImageObject","inLanguage":"es","@id":"https:\/\/vitalbeat.com\/es\/shop\/vital-beat-shield-sport-shield-and-two-shirts-for-shooting-and-hunting\/#primaryimage","url":"https:\/\/vitalbeat.com\/es\/wp-content\/uploads\/2020\/05\/man-wit-shootingshield.jpg","contentUrl":"https:\/\/vitalbeat.com\/es\/wp-content\/uploads\/2020\/05\/man-wit-shootingshield.jpg","width":1024,"height":1024},{"@type":"BreadcrumbList","@id":"https:\/\/vitalbeat.com\/es\/shop\/vital-beat-shield-sport-shield-and-two-shirts-for-shooting-and-hunting\/#breadcrumb","itemListElement":[{"@type":"ListItem","position":1,"name":"Home","item":"https:\/\/vitalbeat.com\/es\/"},{"@type":"ListItem","position":2,"name":"Shop","item":"https:\/\/vitalbeat.com\/es\/shop\/"},{"@type":"ListItem","position":3,"name":"Vital Beat| Escudo, escudo deportivo para tiro y caza y dos camisetas"}]},{"@type":"WebSite","@id":"https:\/\/vitalbeat.com\/es\/#website","url":"https:\/\/vitalbeat.com\/es\/","name":"Vital Beat ES","description":"Protection and comfort","potentialAction":[{"@type":"SearchAction","target":{"@type":"EntryPoint","urlTemplate":"https:\/\/vitalbeat.com\/es\/?s={search_term_string}"},"query-input":{"@type":"PropertyValueSpecification","valueRequired":true,"valueName":"search_term_string"}}],"inLanguage":"es"}]}},"jetpack_sharing_enabled":true,"_links":{"self":[{"href":"https:\/\/vitalbeat.com\/es\/wp-json\/wp\/v2\/product\/849","targetHints":{"allow":["GET"]}}],"collection":[{"href":"https:\/\/vitalbeat.com\/es\/wp-json\/wp\/v2\/product"}],"about":[{"href":"https:\/\/vitalbeat.com\/es\/wp-json\/wp\/v2\/types\/product"}],"wp:featuredmedia":[{"embeddable":true,"href":"https:\/\/vitalbeat.com\/es\/wp-json\/wp\/v2\/media\/1319"}],"wp:attachment":[{"href":"https:\/\/vitalbeat.com\/es\/wp-json\/wp\/v2\/media?parent=849"}],"wp:term":[{"taxonomy":"product_brand","embeddable":true,"href":"https:\/\/vitalbeat.com\/es\/wp-json\/wp\/v2\/product_brand?post=849"},{"taxonomy":"product_cat","embeddable":true,"href":"https:\/\/vitalbeat.com\/es\/wp-json\/wp\/v2\/product_cat?post=849"},{"taxonomy":"product_tag","embeddable":true,"href":"https:\/\/vitalbeat.com\/es\/wp-json\/wp\/v2\/product_tag?post=849"}],"curies":[{"name":"wp","href":"https:\/\/api.w.org\/{rel}","templated":true}]}}