{"id":851,"date":"2020-05-07T11:31:51","date_gmt":"2020-05-07T11:31:51","guid":{"rendered":"https:\/\/www.vitalbeat.com\/?post_type=product&#038;p=851"},"modified":"2026-01-02T11:52:57","modified_gmt":"2026-01-02T11:52:57","slug":"vital-beat-comodidad-proteccion-para-el-senderismo","status":"publish","type":"product","link":"https:\/\/vitalbeat.com\/es\/shop\/vital-beat-comodidad-proteccion-para-el-senderismo\/","title":{"rendered":"Vital Beat comodidad y protecci\u00f3n para el senderismo"},"content":{"rendered":"<h4>La camiseta Vital Beat<\/h4>\n<p>La camiseta Vital Beat sirve como soporte del Escudo. Cada camiseta tiene un bolsillo de forma especial colocado seg\u00fan sus especificaciones para asegurar el Escudo protector contra su cuerpo. La camiseta est\u00e1 fabricada con un tejido de alta calidad que transpira f\u00e1cilmente y es ultrafino. Esto le permite llevar la Vital Beat Shirt muy c\u00f3modamente debajo de su ropa normal de diario.<\/p>\n<p>&nbsp;<\/p>\n<h4>Instrucciones de uso<\/h4>\n<p>Ponte la camiseta Vital Beat y aseg\u00farate de que te queda bien. Debe quedar bien ajustada.<\/p>\n<p>Inserte el escudo en el bolsillo de la camisa Vital Beat y aseg\u00farese de que est\u00e1 colocado correctamente en el bolsillo y est\u00e1 apoyado contra el pecho.<\/p>\n<p>&nbsp;<\/p>\n<h4>El escudo<\/h4>\n<p>El escudo est\u00e1 fabricado con material D3O\u00ae. El material es suave y flexible, y el calor de su cuerpo influir\u00e1 a\u00fan m\u00e1s en ello, haci\u00e9ndolo casi imperceptible cuando lo lleve puesto.\u00a0 El escudo se endurecer\u00e1, absorber\u00e1 y dispersar\u00e1 instant\u00e1neamente en caso de cualquier impacto repentino. Esto hace que el material sea perfecto para llevarlo c\u00f3modamente durante el d\u00eda y, al mismo tiempo, ofrecer protecci\u00f3n cuando sea necesario.<\/p>\n<p>&nbsp;<\/p>\n<h4>Instrucciones de cuidado<\/h4>\n<p>Puede lavar la camiseta Vital Beat a mano o utilizar un ciclo de lavado a m\u00e1quina de 30 grados Celsius o 90 grados Fahrenheit como m\u00e1ximo. No utilice lej\u00eda ni suavizante. Despu\u00e9s del lavado, cuelgue la camiseta para que se seque. No seque la camiseta a m\u00e1quina.<\/p>\n<p>El escudo debe guardarse a temperatura ambiente, en un lugar ventilado y seco, alejado de la luz solar directa. Aseg\u00farese de no guardarlo debajo de objetos pesados ni a temperaturas extremas.<\/p>\n<p>Cuando sea necesario, puede limpiar el Escudo pas\u00e1ndole un pa\u00f1o h\u00famedo. No utilice nunca limpiadores ni detergentes, ni meta el Escudo en la lavadora. Si lo hace, provocar\u00e1 da\u00f1os irreparables y reducir\u00e1 la eficacia de su escudo. Despu\u00e9s del lavado, deje secar en un espacio ventilado a temperatura ambiente. No utilice secadores de pelo ni otros aparatos de calor para secar el Escudo.<\/p>\n","protected":false},"excerpt":{"rendered":"<p>La camiseta Vital Beat La camiseta Vital Beat sirve como soporte del Escudo. Cada camiseta tiene un bolsillo de forma<\/p>\n","protected":false},"featured_media":1048,"template":"","meta":[],"product_brand":[],"product_cat":[20,34],"product_tag":[],"class_list":{"0":"post-851","1":"product","2":"type-product","3":"status-publish","4":"has-post-thumbnail","6":"product_cat-shirts","7":"product_cat-special-shields","9":"first","10":"instock","11":"taxable","12":"shipping-taxable","13":"purchasable","14":"product-type-variable"},"yoast_head":"<!-- This site is optimized with the Yoast SEO plugin v27.4 - https:\/\/yoast.com\/product\/yoast-seo-wordpress\/ -->\n<title>Vital Beat comodidad y protecci\u00f3n para el senderismo - Vital Beat ES<\/title>\n<meta name=\"description\" content=\"Vital Beat comodidad y protecci\u00f3n para el senderismo\" \/>\n<meta name=\"robots\" content=\"index, follow, max-snippet:-1, max-image-preview:large, max-video-preview:-1\" \/>\n<link rel=\"canonical\" href=\"https:\/\/vitalbeat.com\/es\/shop\/vital-beat-comodidad-proteccion-para-el-senderismo\/\" \/>\n<meta property=\"og:locale\" content=\"es_ES\" \/>\n<meta property=\"og:type\" content=\"article\" \/>\n<meta property=\"og:title\" content=\"Vital Beat comodidad y protecci\u00f3n para el senderismo - Vital Beat ES\" \/>\n<meta property=\"og:description\" content=\"Vital Beat comodidad y protecci\u00f3n para el senderismo\" \/>\n<meta property=\"og:url\" content=\"https:\/\/vitalbeat.com\/es\/shop\/vital-beat-comodidad-proteccion-para-el-senderismo\/\" \/>\n<meta property=\"og:site_name\" content=\"Vital Beat ES\" \/>\n<meta property=\"article:modified_time\" content=\"2026-01-02T11:52:57+00:00\" \/>\n<meta property=\"og:image\" content=\"https:\/\/vitalbeat.com\/es\/wp-content\/uploads\/2020\/05\/dames-wit-shirt1hikingshield.jpg\" \/>\n\t<meta property=\"og:image:width\" content=\"1024\" \/>\n\t<meta property=\"og:image:height\" content=\"1024\" \/>\n\t<meta property=\"og:image:type\" content=\"image\/jpeg\" \/>\n<meta name=\"twitter:card\" content=\"summary_large_image\" \/>\n<meta name=\"twitter:label1\" content=\"Tiempo de lectura\" \/>\n\t<meta name=\"twitter:data1\" content=\"2 minutos\" \/>\n<script type=\"application\/ld+json\" class=\"yoast-schema-graph\">{\"@context\":\"https:\\\/\\\/schema.org\",\"@graph\":[{\"@type\":\"WebPage\",\"@id\":\"https:\\\/\\\/vitalbeat.com\\\/es\\\/shop\\\/vital-beat-comodidad-proteccion-para-el-senderismo\\\/\",\"url\":\"https:\\\/\\\/vitalbeat.com\\\/es\\\/shop\\\/vital-beat-comodidad-proteccion-para-el-senderismo\\\/\",\"name\":\"Vital Beat comodidad y protecci\u00f3n para el senderismo - Vital Beat ES\",\"isPartOf\":{\"@id\":\"https:\\\/\\\/vitalbeat.com\\\/es\\\/#website\"},\"primaryImageOfPage\":{\"@id\":\"https:\\\/\\\/vitalbeat.com\\\/es\\\/shop\\\/vital-beat-comodidad-proteccion-para-el-senderismo\\\/#primaryimage\"},\"image\":{\"@id\":\"https:\\\/\\\/vitalbeat.com\\\/es\\\/shop\\\/vital-beat-comodidad-proteccion-para-el-senderismo\\\/#primaryimage\"},\"thumbnailUrl\":\"https:\\\/\\\/vitalbeat.com\\\/es\\\/wp-content\\\/uploads\\\/2020\\\/05\\\/dames-wit-shirt1hikingshield.jpg\",\"datePublished\":\"2020-05-07T11:31:51+00:00\",\"dateModified\":\"2026-01-02T11:52:57+00:00\",\"description\":\"Vital Beat comodidad y protecci\u00f3n para el senderismo\",\"breadcrumb\":{\"@id\":\"https:\\\/\\\/vitalbeat.com\\\/es\\\/shop\\\/vital-beat-comodidad-proteccion-para-el-senderismo\\\/#breadcrumb\"},\"inLanguage\":\"es\",\"potentialAction\":[{\"@type\":\"ReadAction\",\"target\":[\"https:\\\/\\\/vitalbeat.com\\\/es\\\/shop\\\/vital-beat-comodidad-proteccion-para-el-senderismo\\\/\"]}]},{\"@type\":\"ImageObject\",\"inLanguage\":\"es\",\"@id\":\"https:\\\/\\\/vitalbeat.com\\\/es\\\/shop\\\/vital-beat-comodidad-proteccion-para-el-senderismo\\\/#primaryimage\",\"url\":\"https:\\\/\\\/vitalbeat.com\\\/es\\\/wp-content\\\/uploads\\\/2020\\\/05\\\/dames-wit-shirt1hikingshield.jpg\",\"contentUrl\":\"https:\\\/\\\/vitalbeat.com\\\/es\\\/wp-content\\\/uploads\\\/2020\\\/05\\\/dames-wit-shirt1hikingshield.jpg\",\"width\":1024,\"height\":1024},{\"@type\":\"BreadcrumbList\",\"@id\":\"https:\\\/\\\/vitalbeat.com\\\/es\\\/shop\\\/vital-beat-comodidad-proteccion-para-el-senderismo\\\/#breadcrumb\",\"itemListElement\":[{\"@type\":\"ListItem\",\"position\":1,\"name\":\"Home\",\"item\":\"https:\\\/\\\/vitalbeat.com\\\/es\\\/\"},{\"@type\":\"ListItem\",\"position\":2,\"name\":\"Shop\",\"item\":\"https:\\\/\\\/vitalbeat.com\\\/es\\\/shop\\\/\"},{\"@type\":\"ListItem\",\"position\":3,\"name\":\"Vital Beat comodidad y protecci\u00f3n para el senderismo\"}]},{\"@type\":\"WebSite\",\"@id\":\"https:\\\/\\\/vitalbeat.com\\\/es\\\/#website\",\"url\":\"https:\\\/\\\/vitalbeat.com\\\/es\\\/\",\"name\":\"Vital Beat ES\",\"description\":\"Protection and comfort\",\"potentialAction\":[{\"@type\":\"SearchAction\",\"target\":{\"@type\":\"EntryPoint\",\"urlTemplate\":\"https:\\\/\\\/vitalbeat.com\\\/es\\\/?s={search_term_string}\"},\"query-input\":{\"@type\":\"PropertyValueSpecification\",\"valueRequired\":true,\"valueName\":\"search_term_string\"}}],\"inLanguage\":\"es\"}]}<\/script>\n<!-- \/ Yoast SEO plugin. -->","yoast_head_json":{"title":"Vital Beat comodidad y protecci\u00f3n para el senderismo - Vital Beat ES","description":"Vital Beat comodidad y protecci\u00f3n para el senderismo","robots":{"index":"index","follow":"follow","max-snippet":"max-snippet:-1","max-image-preview":"max-image-preview:large","max-video-preview":"max-video-preview:-1"},"canonical":"https:\/\/vitalbeat.com\/es\/shop\/vital-beat-comodidad-proteccion-para-el-senderismo\/","og_locale":"es_ES","og_type":"article","og_title":"Vital Beat comodidad y protecci\u00f3n para el senderismo - Vital Beat ES","og_description":"Vital Beat comodidad y protecci\u00f3n para el senderismo","og_url":"https:\/\/vitalbeat.com\/es\/shop\/vital-beat-comodidad-proteccion-para-el-senderismo\/","og_site_name":"Vital Beat ES","article_modified_time":"2026-01-02T11:52:57+00:00","og_image":[{"width":1024,"height":1024,"url":"https:\/\/vitalbeat.com\/es\/wp-content\/uploads\/2020\/05\/dames-wit-shirt1hikingshield.jpg","type":"image\/jpeg"}],"twitter_card":"summary_large_image","twitter_misc":{"Tiempo de lectura":"2 minutos"},"schema":{"@context":"https:\/\/schema.org","@graph":[{"@type":"WebPage","@id":"https:\/\/vitalbeat.com\/es\/shop\/vital-beat-comodidad-proteccion-para-el-senderismo\/","url":"https:\/\/vitalbeat.com\/es\/shop\/vital-beat-comodidad-proteccion-para-el-senderismo\/","name":"Vital Beat comodidad y protecci\u00f3n para el senderismo - Vital Beat ES","isPartOf":{"@id":"https:\/\/vitalbeat.com\/es\/#website"},"primaryImageOfPage":{"@id":"https:\/\/vitalbeat.com\/es\/shop\/vital-beat-comodidad-proteccion-para-el-senderismo\/#primaryimage"},"image":{"@id":"https:\/\/vitalbeat.com\/es\/shop\/vital-beat-comodidad-proteccion-para-el-senderismo\/#primaryimage"},"thumbnailUrl":"https:\/\/vitalbeat.com\/es\/wp-content\/uploads\/2020\/05\/dames-wit-shirt1hikingshield.jpg","datePublished":"2020-05-07T11:31:51+00:00","dateModified":"2026-01-02T11:52:57+00:00","description":"Vital Beat comodidad y protecci\u00f3n para el senderismo","breadcrumb":{"@id":"https:\/\/vitalbeat.com\/es\/shop\/vital-beat-comodidad-proteccion-para-el-senderismo\/#breadcrumb"},"inLanguage":"es","potentialAction":[{"@type":"ReadAction","target":["https:\/\/vitalbeat.com\/es\/shop\/vital-beat-comodidad-proteccion-para-el-senderismo\/"]}]},{"@type":"ImageObject","inLanguage":"es","@id":"https:\/\/vitalbeat.com\/es\/shop\/vital-beat-comodidad-proteccion-para-el-senderismo\/#primaryimage","url":"https:\/\/vitalbeat.com\/es\/wp-content\/uploads\/2020\/05\/dames-wit-shirt1hikingshield.jpg","contentUrl":"https:\/\/vitalbeat.com\/es\/wp-content\/uploads\/2020\/05\/dames-wit-shirt1hikingshield.jpg","width":1024,"height":1024},{"@type":"BreadcrumbList","@id":"https:\/\/vitalbeat.com\/es\/shop\/vital-beat-comodidad-proteccion-para-el-senderismo\/#breadcrumb","itemListElement":[{"@type":"ListItem","position":1,"name":"Home","item":"https:\/\/vitalbeat.com\/es\/"},{"@type":"ListItem","position":2,"name":"Shop","item":"https:\/\/vitalbeat.com\/es\/shop\/"},{"@type":"ListItem","position":3,"name":"Vital Beat comodidad y protecci\u00f3n para el senderismo"}]},{"@type":"WebSite","@id":"https:\/\/vitalbeat.com\/es\/#website","url":"https:\/\/vitalbeat.com\/es\/","name":"Vital Beat ES","description":"Protection and comfort","potentialAction":[{"@type":"SearchAction","target":{"@type":"EntryPoint","urlTemplate":"https:\/\/vitalbeat.com\/es\/?s={search_term_string}"},"query-input":{"@type":"PropertyValueSpecification","valueRequired":true,"valueName":"search_term_string"}}],"inLanguage":"es"}]}},"jetpack_sharing_enabled":true,"_links":{"self":[{"href":"https:\/\/vitalbeat.com\/es\/wp-json\/wp\/v2\/product\/851","targetHints":{"allow":["GET"]}}],"collection":[{"href":"https:\/\/vitalbeat.com\/es\/wp-json\/wp\/v2\/product"}],"about":[{"href":"https:\/\/vitalbeat.com\/es\/wp-json\/wp\/v2\/types\/product"}],"wp:featuredmedia":[{"embeddable":true,"href":"https:\/\/vitalbeat.com\/es\/wp-json\/wp\/v2\/media\/1048"}],"wp:attachment":[{"href":"https:\/\/vitalbeat.com\/es\/wp-json\/wp\/v2\/media?parent=851"}],"wp:term":[{"taxonomy":"product_brand","embeddable":true,"href":"https:\/\/vitalbeat.com\/es\/wp-json\/wp\/v2\/product_brand?post=851"},{"taxonomy":"product_cat","embeddable":true,"href":"https:\/\/vitalbeat.com\/es\/wp-json\/wp\/v2\/product_cat?post=851"},{"taxonomy":"product_tag","embeddable":true,"href":"https:\/\/vitalbeat.com\/es\/wp-json\/wp\/v2\/product_tag?post=851"}],"curies":[{"name":"wp","href":"https:\/\/api.w.org\/{rel}","templated":true}]}}