{"id":891,"date":"2020-05-10T18:43:41","date_gmt":"2020-05-10T18:43:41","guid":{"rendered":"https:\/\/www.vitalbeat.com\/?post_type=product&#038;p=891"},"modified":"2026-01-02T11:28:32","modified_gmt":"2026-01-02T11:28:32","slug":"vital-beat-proteccion-y-confort-para-los-ninos","status":"publish","type":"product","link":"https:\/\/vitalbeat.com\/es\/shop\/vital-beat-proteccion-y-confort-para-los-ninos\/","title":{"rendered":"Vital Beat protecci\u00f3n y confort para los ni\u00f1os"},"content":{"rendered":"<h3>Vital Beat protecci\u00f3n y confort para los ni\u00f1os<\/h3>\n<p>Cada camiseta Vital Beat para ni\u00f1os tiene un bolsillo de forma especial para sujetar el escudo protector contra su cuerpo. Debido al peque\u00f1o tama\u00f1o de los ni\u00f1os, el bolsillo puede coserse al rev\u00e9s o colocarse en otro lugar, dependiendo de la ubicaci\u00f3n del dispositivo. El tipo de escudo que recomendamos tambi\u00e9n depende del tama\u00f1o de su hijo y de la ubicaci\u00f3n de su dispositivo. La colocaci\u00f3n y el tipo de escudo no tienen ninguna otra repercusi\u00f3n en la comodidad y la protecci\u00f3n que proporciona el Escudo.<\/p>\n<p>Las camisas para ni\u00f1os se hacen siempre a medida y s\u00f3lo pueden confeccionarse tras una consulta entre el comprador y nuestro equipo. Es muy importante que haya una consulta adecuada antes de que decidamos qu\u00e9 tipo de escudo protector usar y d\u00f3nde estar\u00e1 la ubicaci\u00f3n del bolsillo. Sin consulta, no podemos confeccionar una camisa para ni\u00f1os.<\/p>\n<p>Las camisas para ni\u00f1os se hacen siempre a medida y s\u00f3lo pueden confeccionarse tras una consulta entre el comprador y nuestro equipo. Es muy importante que haya una consulta adecuada antes de que decidamos qu\u00e9 tipo de escudo protector usar y d\u00f3nde estar\u00e1 la ubicaci\u00f3n del bolsillo. Sin consulta, no podemos confeccionar una camisa para ni\u00f1os. Nos gustar\u00eda conocer sus deseos por correo electr\u00f3nico o WhatsApp.<\/p>\n","protected":false},"excerpt":{"rendered":"<p>Vital Beat protecci\u00f3n y confort para los ni\u00f1os Cada camiseta Vital Beat para ni\u00f1os tiene un bolsillo de forma especial<\/p>\n","protected":false},"featured_media":933,"template":"","meta":[],"product_brand":[],"product_cat":[35],"product_tag":[],"class_list":{"0":"post-891","1":"product","2":"type-product","3":"status-publish","4":"has-post-thumbnail","6":"product_cat-kids","8":"first","9":"instock","10":"taxable","11":"shipping-taxable","12":"purchasable","13":"product-type-simple"},"yoast_head":"<!-- This site is optimized with the Yoast SEO plugin v27.4 - https:\/\/yoast.com\/product\/yoast-seo-wordpress\/ -->\n<title>Vital Beat | Vital Beat protecci\u00f3n y confort para los ni\u00f1os<\/title>\n<meta name=\"description\" content=\"Vital Beat ofrece soluciones personalizadas de protecci\u00f3n para dispositivos. Estos ayudan a su hijo a mantenerse seguro durante el deporte, la vida diaria.\" \/>\n<meta name=\"robots\" content=\"index, follow, max-snippet:-1, max-image-preview:large, max-video-preview:-1\" \/>\n<link rel=\"canonical\" href=\"https:\/\/vitalbeat.com\/es\/shop\/vital-beat-proteccion-y-confort-para-los-ninos\/\" \/>\n<meta property=\"og:locale\" content=\"es_ES\" \/>\n<meta property=\"og:type\" content=\"article\" \/>\n<meta property=\"og:title\" content=\"Vital Beat | Vital Beat protecci\u00f3n y confort para los ni\u00f1os\" \/>\n<meta property=\"og:description\" content=\"Vital Beat ofrece soluciones personalizadas de protecci\u00f3n para dispositivos. Estos ayudan a su hijo a mantenerse seguro durante el deporte, la vida diaria.\" \/>\n<meta property=\"og:url\" content=\"https:\/\/vitalbeat.com\/es\/shop\/vital-beat-proteccion-y-confort-para-los-ninos\/\" \/>\n<meta property=\"og:site_name\" content=\"Vital Beat ES\" \/>\n<meta property=\"article:modified_time\" content=\"2026-01-02T11:28:32+00:00\" \/>\n<meta property=\"og:image\" content=\"https:\/\/vitalbeat.com\/es\/wp-content\/uploads\/2020\/05\/kids-shirtshieldsportshieldsicdshield.jpg\" \/>\n\t<meta property=\"og:image:width\" content=\"1024\" \/>\n\t<meta property=\"og:image:height\" content=\"1024\" \/>\n\t<meta property=\"og:image:type\" content=\"image\/jpeg\" \/>\n<meta name=\"twitter:card\" content=\"summary_large_image\" \/>\n<meta name=\"twitter:label1\" content=\"Tiempo de lectura\" \/>\n\t<meta name=\"twitter:data1\" content=\"2 minutos\" \/>\n<script type=\"application\/ld+json\" class=\"yoast-schema-graph\">{\"@context\":\"https:\\\/\\\/schema.org\",\"@graph\":[{\"@type\":\"WebPage\",\"@id\":\"https:\\\/\\\/vitalbeat.com\\\/es\\\/shop\\\/vital-beat-proteccion-y-confort-para-los-ninos\\\/\",\"url\":\"https:\\\/\\\/vitalbeat.com\\\/es\\\/shop\\\/vital-beat-proteccion-y-confort-para-los-ninos\\\/\",\"name\":\"Vital Beat | Vital Beat protecci\u00f3n y confort para los ni\u00f1os\",\"isPartOf\":{\"@id\":\"https:\\\/\\\/vitalbeat.com\\\/es\\\/#website\"},\"primaryImageOfPage\":{\"@id\":\"https:\\\/\\\/vitalbeat.com\\\/es\\\/shop\\\/vital-beat-proteccion-y-confort-para-los-ninos\\\/#primaryimage\"},\"image\":{\"@id\":\"https:\\\/\\\/vitalbeat.com\\\/es\\\/shop\\\/vital-beat-proteccion-y-confort-para-los-ninos\\\/#primaryimage\"},\"thumbnailUrl\":\"https:\\\/\\\/vitalbeat.com\\\/es\\\/wp-content\\\/uploads\\\/2020\\\/05\\\/kids-shirtshieldsportshieldsicdshield.jpg\",\"datePublished\":\"2020-05-10T18:43:41+00:00\",\"dateModified\":\"2026-01-02T11:28:32+00:00\",\"description\":\"Vital Beat ofrece soluciones personalizadas de protecci\u00f3n para dispositivos. Estos ayudan a su hijo a mantenerse seguro durante el deporte, la vida diaria.\",\"breadcrumb\":{\"@id\":\"https:\\\/\\\/vitalbeat.com\\\/es\\\/shop\\\/vital-beat-proteccion-y-confort-para-los-ninos\\\/#breadcrumb\"},\"inLanguage\":\"es\",\"potentialAction\":[{\"@type\":\"ReadAction\",\"target\":[\"https:\\\/\\\/vitalbeat.com\\\/es\\\/shop\\\/vital-beat-proteccion-y-confort-para-los-ninos\\\/\"]}]},{\"@type\":\"ImageObject\",\"inLanguage\":\"es\",\"@id\":\"https:\\\/\\\/vitalbeat.com\\\/es\\\/shop\\\/vital-beat-proteccion-y-confort-para-los-ninos\\\/#primaryimage\",\"url\":\"https:\\\/\\\/vitalbeat.com\\\/es\\\/wp-content\\\/uploads\\\/2020\\\/05\\\/kids-shirtshieldsportshieldsicdshield.jpg\",\"contentUrl\":\"https:\\\/\\\/vitalbeat.com\\\/es\\\/wp-content\\\/uploads\\\/2020\\\/05\\\/kids-shirtshieldsportshieldsicdshield.jpg\",\"width\":1024,\"height\":1024},{\"@type\":\"BreadcrumbList\",\"@id\":\"https:\\\/\\\/vitalbeat.com\\\/es\\\/shop\\\/vital-beat-proteccion-y-confort-para-los-ninos\\\/#breadcrumb\",\"itemListElement\":[{\"@type\":\"ListItem\",\"position\":1,\"name\":\"Home\",\"item\":\"https:\\\/\\\/vitalbeat.com\\\/es\\\/\"},{\"@type\":\"ListItem\",\"position\":2,\"name\":\"Shop\",\"item\":\"https:\\\/\\\/vitalbeat.com\\\/es\\\/shop\\\/\"},{\"@type\":\"ListItem\",\"position\":3,\"name\":\"Vital Beat protecci\u00f3n y confort para los ni\u00f1os\"}]},{\"@type\":\"WebSite\",\"@id\":\"https:\\\/\\\/vitalbeat.com\\\/es\\\/#website\",\"url\":\"https:\\\/\\\/vitalbeat.com\\\/es\\\/\",\"name\":\"Vital Beat ES\",\"description\":\"Protection and comfort\",\"potentialAction\":[{\"@type\":\"SearchAction\",\"target\":{\"@type\":\"EntryPoint\",\"urlTemplate\":\"https:\\\/\\\/vitalbeat.com\\\/es\\\/?s={search_term_string}\"},\"query-input\":{\"@type\":\"PropertyValueSpecification\",\"valueRequired\":true,\"valueName\":\"search_term_string\"}}],\"inLanguage\":\"es\"}]}<\/script>\n<!-- \/ Yoast SEO plugin. -->","yoast_head_json":{"title":"Vital Beat | Vital Beat protecci\u00f3n y confort para los ni\u00f1os","description":"Vital Beat ofrece soluciones personalizadas de protecci\u00f3n para dispositivos. Estos ayudan a su hijo a mantenerse seguro durante el deporte, la vida diaria.","robots":{"index":"index","follow":"follow","max-snippet":"max-snippet:-1","max-image-preview":"max-image-preview:large","max-video-preview":"max-video-preview:-1"},"canonical":"https:\/\/vitalbeat.com\/es\/shop\/vital-beat-proteccion-y-confort-para-los-ninos\/","og_locale":"es_ES","og_type":"article","og_title":"Vital Beat | Vital Beat protecci\u00f3n y confort para los ni\u00f1os","og_description":"Vital Beat ofrece soluciones personalizadas de protecci\u00f3n para dispositivos. Estos ayudan a su hijo a mantenerse seguro durante el deporte, la vida diaria.","og_url":"https:\/\/vitalbeat.com\/es\/shop\/vital-beat-proteccion-y-confort-para-los-ninos\/","og_site_name":"Vital Beat ES","article_modified_time":"2026-01-02T11:28:32+00:00","og_image":[{"width":1024,"height":1024,"url":"https:\/\/vitalbeat.com\/es\/wp-content\/uploads\/2020\/05\/kids-shirtshieldsportshieldsicdshield.jpg","type":"image\/jpeg"}],"twitter_card":"summary_large_image","twitter_misc":{"Tiempo de lectura":"2 minutos"},"schema":{"@context":"https:\/\/schema.org","@graph":[{"@type":"WebPage","@id":"https:\/\/vitalbeat.com\/es\/shop\/vital-beat-proteccion-y-confort-para-los-ninos\/","url":"https:\/\/vitalbeat.com\/es\/shop\/vital-beat-proteccion-y-confort-para-los-ninos\/","name":"Vital Beat | Vital Beat protecci\u00f3n y confort para los ni\u00f1os","isPartOf":{"@id":"https:\/\/vitalbeat.com\/es\/#website"},"primaryImageOfPage":{"@id":"https:\/\/vitalbeat.com\/es\/shop\/vital-beat-proteccion-y-confort-para-los-ninos\/#primaryimage"},"image":{"@id":"https:\/\/vitalbeat.com\/es\/shop\/vital-beat-proteccion-y-confort-para-los-ninos\/#primaryimage"},"thumbnailUrl":"https:\/\/vitalbeat.com\/es\/wp-content\/uploads\/2020\/05\/kids-shirtshieldsportshieldsicdshield.jpg","datePublished":"2020-05-10T18:43:41+00:00","dateModified":"2026-01-02T11:28:32+00:00","description":"Vital Beat ofrece soluciones personalizadas de protecci\u00f3n para dispositivos. Estos ayudan a su hijo a mantenerse seguro durante el deporte, la vida diaria.","breadcrumb":{"@id":"https:\/\/vitalbeat.com\/es\/shop\/vital-beat-proteccion-y-confort-para-los-ninos\/#breadcrumb"},"inLanguage":"es","potentialAction":[{"@type":"ReadAction","target":["https:\/\/vitalbeat.com\/es\/shop\/vital-beat-proteccion-y-confort-para-los-ninos\/"]}]},{"@type":"ImageObject","inLanguage":"es","@id":"https:\/\/vitalbeat.com\/es\/shop\/vital-beat-proteccion-y-confort-para-los-ninos\/#primaryimage","url":"https:\/\/vitalbeat.com\/es\/wp-content\/uploads\/2020\/05\/kids-shirtshieldsportshieldsicdshield.jpg","contentUrl":"https:\/\/vitalbeat.com\/es\/wp-content\/uploads\/2020\/05\/kids-shirtshieldsportshieldsicdshield.jpg","width":1024,"height":1024},{"@type":"BreadcrumbList","@id":"https:\/\/vitalbeat.com\/es\/shop\/vital-beat-proteccion-y-confort-para-los-ninos\/#breadcrumb","itemListElement":[{"@type":"ListItem","position":1,"name":"Home","item":"https:\/\/vitalbeat.com\/es\/"},{"@type":"ListItem","position":2,"name":"Shop","item":"https:\/\/vitalbeat.com\/es\/shop\/"},{"@type":"ListItem","position":3,"name":"Vital Beat protecci\u00f3n y confort para los ni\u00f1os"}]},{"@type":"WebSite","@id":"https:\/\/vitalbeat.com\/es\/#website","url":"https:\/\/vitalbeat.com\/es\/","name":"Vital Beat ES","description":"Protection and comfort","potentialAction":[{"@type":"SearchAction","target":{"@type":"EntryPoint","urlTemplate":"https:\/\/vitalbeat.com\/es\/?s={search_term_string}"},"query-input":{"@type":"PropertyValueSpecification","valueRequired":true,"valueName":"search_term_string"}}],"inLanguage":"es"}]}},"jetpack_sharing_enabled":true,"_links":{"self":[{"href":"https:\/\/vitalbeat.com\/es\/wp-json\/wp\/v2\/product\/891","targetHints":{"allow":["GET"]}}],"collection":[{"href":"https:\/\/vitalbeat.com\/es\/wp-json\/wp\/v2\/product"}],"about":[{"href":"https:\/\/vitalbeat.com\/es\/wp-json\/wp\/v2\/types\/product"}],"wp:featuredmedia":[{"embeddable":true,"href":"https:\/\/vitalbeat.com\/es\/wp-json\/wp\/v2\/media\/933"}],"wp:attachment":[{"href":"https:\/\/vitalbeat.com\/es\/wp-json\/wp\/v2\/media?parent=891"}],"wp:term":[{"taxonomy":"product_brand","embeddable":true,"href":"https:\/\/vitalbeat.com\/es\/wp-json\/wp\/v2\/product_brand?post=891"},{"taxonomy":"product_cat","embeddable":true,"href":"https:\/\/vitalbeat.com\/es\/wp-json\/wp\/v2\/product_cat?post=891"},{"taxonomy":"product_tag","embeddable":true,"href":"https:\/\/vitalbeat.com\/es\/wp-json\/wp\/v2\/product_tag?post=891"}],"curies":[{"name":"wp","href":"https:\/\/api.w.org\/{rel}","templated":true}]}}